{"id":126,"date":"2025-08-03T17:32:21","date_gmt":"2025-08-03T09:32:21","guid":{"rendered":"http:\/\/170.106.73.112\/?page_id=126"},"modified":"2025-09-04T13:43:18","modified_gmt":"2025-09-04T05:43:18","slug":"terms","status":"publish","type":"page","link":"https:\/\/www.aitoolsoft.com\/de\/terms.html","title":{"rendered":"Bedingungen der Dienstleistung"},"content":{"rendered":"<div data-elementor-type=\"wp-post\" data-elementor-id=\"126\" class=\"elementor elementor-126\" data-elementor-post-type=\"page\">\n\t\t\t\t<div class=\"elementor-element elementor-element-5274bec e-flex e-con-boxed e-con e-parent\" data-id=\"5274bec\" data-element_type=\"container\" data-e-type=\"container\">\n\t\t\t\t\t<div class=\"e-con-inner\">\n\t\t\t\t<div class=\"elementor-element elementor-element-cf971b0 elementor-widget elementor-widget-text-editor\" data-id=\"cf971b0\" data-element_type=\"widget\" data-e-type=\"widget\" data-widget_type=\"text-editor.default\">\n\t\t\t\t\t\t\t\t\t<h1>Bedingungen der Dienstleistung<\/h1>\t\t\t\t\t\t\t\t<\/div>\n\t\t\t\t\t<\/div>\n\t\t\t\t<\/div>\n\t\t<div class=\"elementor-element elementor-element-82d7612 e-flex e-con-boxed e-con e-parent\" data-id=\"82d7612\" data-element_type=\"container\" data-e-type=\"container\">\n\t\t\t\t\t<div class=\"e-con-inner\">\n\t\t\t\t<div class=\"elementor-element elementor-element-f8a4b2e elementor-widget elementor-widget-spacer\" data-id=\"f8a4b2e\" data-element_type=\"widget\" data-e-type=\"widget\" data-widget_type=\"spacer.default\">\n\t\t\t\t\t\t\t<div class=\"elementor-spacer\">\n\t\t\t<div class=\"elementor-spacer-inner\"><\/div>\n\t\t<\/div>\n\t\t\t\t\t\t<\/div>\n\t\t\t\t<div class=\"elementor-element elementor-element-14f234a elementor-widget elementor-widget-text-editor\" data-id=\"14f234a\" data-element_type=\"widget\" data-e-type=\"widget\" data-widget_type=\"text-editor.default\">\n\t\t\t\t\t\t\t\t\t<div data-zone-id=\"0\" data-line-index=\"2\" data-line=\"true\"><strong>1. Akzeptanz der Bedingungen<\/strong><\/div><div data-zone-id=\"0\" data-line-index=\"2\" data-line=\"true\"><p>Durch den Zugriff oder die Nutzung der Aitooolsoft-Website (die \u201cWebsite\u201d) unter der Adresse <a href=\"https:\/\/www.aitoolsoft.com\/de\">https:\/\/www.aitoolsoft.com<\/a>, erkl\u00e4ren Sie (im Folgenden als \u201cSie\u201d oder \u201cIhr\u201d bezeichnet) sich mit diesen Nutzungsbedingungen (die \u201cBedingungen\u201d) einverstanden. Wenn Sie mit diesen Bedingungen nicht einverstanden sind, d\u00fcrfen Sie die Website nicht nutzen.<\/p><\/div><div data-zone-id=\"0\" data-line-index=\"3\" data-line=\"true\"><p class=\"heading-h2\"><strong>2. F\u00f6rderungsw\u00fcrdigkeit<\/strong><\/p><\/div><div data-zone-id=\"0\" data-line-index=\"4\" data-line=\"true\">Sie m\u00fcssen mindestens 13 Jahre alt sein, um die Website nutzen zu k\u00f6nnen. Durch die Nutzung der Website erkl\u00e4ren und garantieren Sie, dass Sie mindestens 13 Jahre alt sind. Wenn Sie in Ihrer Gerichtsbarkeit noch nicht vollj\u00e4hrig sind, m\u00fcssen Sie die Zustimmung eines Elternteils oder Erziehungsberechtigten haben, um die Website zu nutzen, und ein solcher Elternteil oder Erziehungsberechtigter stimmt zu, in Ihrem Namen an diese Bedingungen gebunden zu sein.<\/div><div data-zone-id=\"0\" data-line-index=\"4\" data-line=\"true\">\u00a0<\/div><div data-zone-id=\"0\" data-line-index=\"5\" data-line=\"true\"><p class=\"heading-h2\"><strong>3. Benutzerkonten<\/strong><\/p><\/div><ul><li class=\"temp-li bullet1\" data-line=\"true\" data-list=\"bullet1\"><b>Anmeldung<\/b>: Um auf bestimmte Funktionen der Website zugreifen zu k\u00f6nnen, m\u00fcssen Sie sich m\u00f6glicherweise f\u00fcr ein Konto registrieren. Bei der Registrierung m\u00fcssen Sie genaue, aktuelle und vollst\u00e4ndige Informationen angeben. Sie sind f\u00fcr die Geheimhaltung Ihrer Kontodaten, einschlie\u00dflich Ihres Benutzernamens und Passworts, sowie f\u00fcr alle Aktivit\u00e4ten, die unter Ihrem Konto stattfinden, verantwortlich.<\/li><\/ul><ul><li class=\"temp-li bullet1\" data-line=\"true\" data-list=\"bullet1\"><b>Verantwortung f\u00fcr das Konto<\/b>: Sie verpflichten sich, uns unverz\u00fcglich \u00fcber jede unbefugte Nutzung Ihres Kontos oder jede andere Verletzung der Sicherheit zu informieren. Wir haften nicht f\u00fcr Verluste oder Sch\u00e4den, die sich daraus ergeben, dass Sie es vers\u00e4umt haben, Ihre Kontodaten zu sch\u00fctzen.<\/li><\/ul><ul><li class=\"temp-li bullet1\" data-line=\"true\" data-list=\"bullet1\"><b>Kontok\u00fcndigung<\/b>: Wir behalten uns das Recht vor, Ihr Konto jederzeit und ohne Vorank\u00fcndigung zu sperren oder zu k\u00fcndigen, wenn wir der Meinung sind, dass Sie gegen diese Bedingungen versto\u00dfen haben oder an betr\u00fcgerischen, missbr\u00e4uchlichen oder rechtswidrigen Aktivit\u00e4ten beteiligt sind.<\/li><\/ul><div data-zone-id=\"0\" data-line-index=\"9\" data-line=\"true\"><p class=\"heading-h2\"><strong>4. Nutzung der Website<\/strong><\/p><\/div><ul><li class=\"temp-li bullet1\" data-line=\"true\" data-list=\"bullet1\"><b>Zul\u00e4ssige Verwendung<\/b>: Sie d\u00fcrfen die Website ausschlie\u00dflich zu Ihrem pers\u00f6nlichen, nicht-kommerziellen Vergn\u00fcgen an den Online-Spielen und anderen angebotenen Funktionen nutzen. Sie erkl\u00e4ren sich damit einverstanden, die Website nicht f\u00fcr ungesetzliche Zwecke oder auf eine Weise zu nutzen, die gegen diese Bedingungen verst\u00f6\u00dft.<\/li><\/ul><ul><li class=\"temp-li bullet1\" data-line=\"true\" data-list=\"bullet1\"><b>Verbotene Aktivit\u00e4ten<\/b>: Ohne Einschr\u00e4nkung d\u00fcrfen Sie nicht:<\/li><\/ul><ul><li style=\"list-style-type: none;\"><ul><li class=\"temp-li bullet2\" data-line=\"true\" data-list=\"bullet2\">Inhalte hochzuladen, zu ver\u00f6ffentlichen oder zu \u00fcbertragen, die ungesetzlich, sch\u00e4dlich, bedrohlich, beleidigend, bel\u00e4stigend, verleumderisch, vulg\u00e4r, obsz\u00f6n oder anderweitig anst\u00f6\u00dfig sind.<\/li><\/ul><\/li><\/ul><ul><li style=\"list-style-type: none;\"><ul><li class=\"temp-li bullet2\" data-line=\"true\" data-list=\"bullet2\">sich an Aktivit\u00e4ten zu beteiligen, die den Betrieb der Website unterbrechen oder st\u00f6ren k\u00f6nnten, einschlie\u00dflich, aber nicht beschr\u00e4nkt auf Hacken, Viren oder anderen b\u00f6sartigen Code.<\/li><\/ul><\/li><\/ul><ul><li style=\"list-style-type: none;\"><ul><li class=\"temp-li bullet2\" data-line=\"true\" data-list=\"bullet2\">Der Versuch, sich unbefugten Zugang zu irgendeinem Teil der Website oder dem Konto eines anderen Benutzers zu verschaffen.<\/li><\/ul><\/li><\/ul><ul><li style=\"list-style-type: none;\"><ul><li class=\"temp-li bullet2\" data-line=\"true\" data-list=\"bullet2\">die Website zu nutzen, um pers\u00f6nliche Informationen anderer Nutzer zu sammeln oder zu sammeln.<\/li><\/ul><\/li><\/ul><ul><li style=\"list-style-type: none;\"><ul><li class=\"temp-li bullet2\" data-line=\"true\" data-list=\"bullet2\">Inhalte der Website ohne unsere vorherige schriftliche Genehmigung zu vervielf\u00e4ltigen, zu verbreiten, zu ver\u00e4ndern oder davon abgeleitete Werke zu erstellen.<\/li><\/ul><\/li><\/ul><div data-zone-id=\"0\" data-line-index=\"17\" data-line=\"true\"><p class=\"heading-h2\"><strong>5. Geistiges Eigentum<\/strong><\/p><\/div><ul><li class=\"temp-li bullet1\" data-line=\"true\" data-list=\"bullet1\">Der gesamte Inhalt der Website, einschlie\u00dflich, aber nicht beschr\u00e4nkt auf Spiele, Software, Text, Grafiken, Bilder, Audio, Video und Logos, ist das Eigentum von Aitoolsoft oder seinen Lizenzgebern und ist durch Urheberrecht, Markenrecht und andere Gesetze zum Schutz des geistigen Eigentums gesch\u00fctzt.<\/li><\/ul><ul><li class=\"temp-li bullet1\" data-line=\"true\" data-list=\"bullet1\">Sie erhalten eine eingeschr\u00e4nkte, nicht exklusive, nicht \u00fcbertragbare Lizenz f\u00fcr den Zugriff auf die Inhalte der Website und deren Nutzung ausschlie\u00dflich zu dem Zweck, die Website gem\u00e4\u00df diesen Bedingungen zu nutzen. Diese Lizenz berechtigt Sie nicht zum Kopieren, Verteilen, \u00c4ndern oder Erstellen abgeleiteter Werke von Inhalten.<\/li><\/ul><div data-zone-id=\"0\" data-line-index=\"20\" data-line=\"true\"><p class=\"heading-h2\"><strong>6. Links zu Drittanbietern<\/strong><\/p><\/div><div data-zone-id=\"0\" data-line-index=\"21\" data-line=\"true\">Die Website kann Links zu Websites oder Dienstleistungen von Dritten enthalten. Diese Links werden nur zu Ihrem Nutzen bereitgestellt. Wir unterst\u00fctzen oder kontrollieren diese Websites oder Dienste Dritter nicht und sind nicht verantwortlich f\u00fcr deren Inhalte, Datenschutzrichtlinien oder Praktiken. Die Nutzung von Websites oder Diensten Dritter erfolgt auf Ihr eigenes Risiko.<\/div><div data-zone-id=\"0\" data-line-index=\"21\" data-line=\"true\">\u00a0<\/div><div data-zone-id=\"0\" data-line-index=\"22\" data-line=\"true\"><p class=\"heading-h2\"><strong>7. Ausschluss von Garantien<\/strong><\/p><\/div><ul><li class=\"temp-li bullet1\" data-line=\"true\" data-list=\"bullet1\">Die Website und alle Inhalte, Dienstleistungen und Funktionen, die auf ihr angeboten werden, werden auf einer \u201cwie besehen\u201d und \u201cwie verf\u00fcgbar\u201d Basis angeboten. Wir \u00fcbernehmen keine Garantien, weder ausdr\u00fccklich noch stillschweigend, einschlie\u00dflich, aber nicht beschr\u00e4nkt auf Garantien der Marktg\u00e4ngigkeit, der Eignung f\u00fcr einen bestimmten Zweck oder der Nichtverletzung.<\/li><\/ul><ul><li class=\"temp-li bullet1\" data-line=\"true\" data-list=\"bullet1\">Wir garantieren nicht, dass die Website ununterbrochen, fehlerfrei oder frei von Viren oder anderen sch\u00e4dlichen Komponenten sein wird. Die Nutzung der Website erfolgt nach eigenem Ermessen und auf eigene Gefahr.<\/li><\/ul><div data-zone-id=\"0\" data-line-index=\"25\" data-line=\"true\"><p class=\"heading-h2\"><strong>8. Begrenzung der Haftung<\/strong><\/p><\/div><div data-zone-id=\"0\" data-line-index=\"26\" data-line=\"true\"><p>Aitoolsoft, seine Partner, Direktoren, leitenden Angestellten, Mitarbeiter und Lizenzgeber sind nicht haftbar f\u00fcr indirekte, zuf\u00e4llige, besondere oder Folgesch\u00e4den, einschlie\u00dflich, aber nicht beschr\u00e4nkt auf Gewinn-, Daten- oder Firmenwertverluste, die sich aus oder in Verbindung mit der Nutzung der Website ergeben, selbst wenn wir auf die M\u00f6glichkeit solcher Sch\u00e4den hingewiesen wurden. Wir \u00fcbernehmen keine Haftung f\u00fcr Anspr\u00fcche, die sich aus oder in Verbindung mit diesen Bedingungen oder der Nutzung der Website ergeben. Wenn Sie glauben, dass die Website eine Rechtsverletzung begangen hat, m\u00fcssen Sie uns per E-Mail an support@aitoolsoft.com benachrichtigen, um eine L\u00f6sung auszuhandeln.<\/p><\/div><div data-zone-id=\"0\" data-line-index=\"27\" data-line=\"true\"><p class=\"heading-h2\"><strong>9. Entsch\u00e4digung<\/strong><\/p><\/div><div data-zone-id=\"0\" data-line-index=\"28\" data-line=\"true\"><p>Sie erkl\u00e4ren sich damit einverstanden, Aitoolsoft, seine verbundenen Unternehmen, Direktoren, leitenden Angestellten, Mitarbeiter und Lizenzgeber zu entsch\u00e4digen, zu verteidigen und schadlos zu halten von und gegen alle Anspr\u00fcche, Haftungen, Sch\u00e4den, Verluste, Kosten und Ausgaben (einschlie\u00dflich angemessener Anwaltsgeb\u00fchren), die sich aus oder in Verbindung mit Ihrer Nutzung der Website, Ihrer Verletzung dieser Bedingungen oder Ihrer Verletzung von geistigem Eigentum oder anderen Rechten einer Person oder Einrichtung ergeben.<\/p><\/div><div data-zone-id=\"0\" data-line-index=\"29\" data-line=\"true\"><p class=\"heading-h2\"><strong>10. \u00c4nderungen dieser Bedingungen<\/strong><\/p><\/div><div data-zone-id=\"0\" data-line-index=\"30\" data-line=\"true\">Wir k\u00f6nnen diese Bedingungen von Zeit zu Zeit aktualisieren. Wir werden Sie \u00fcber alle wesentlichen \u00c4nderungen informieren, indem wir eine Mitteilung auf der Website ver\u00f6ffentlichen oder Ihnen eine E-Mail an die Ihrem Konto zugeordnete Adresse senden. Ihre fortgesetzte Nutzung der Website nach dem Datum des Inkrafttretens der \u00c4nderungen stellt Ihre Zustimmung zu den \u00fcberarbeiteten Bedingungen dar.<\/div><div data-zone-id=\"0\" data-line-index=\"31\" data-line=\"true\">\u00a0<\/div><div data-zone-id=\"0\" data-line-index=\"33\" data-line=\"true\"><p class=\"heading-h2\"><strong>11. Kontakt<\/strong><\/p><\/div><div data-zone-id=\"0\" data-line-index=\"34\" data-line=\"true\">Wenn Sie Fragen oder Bedenken bez\u00fcglich dieser Bedingungen haben, kontaktieren Sie uns bitte unter support@aitoolsoft.com.<\/div><div data-zone-id=\"0\" data-line-index=\"35\" data-line=\"true\">\u00a0<\/div>\t\t\t\t\t\t\t\t<\/div>\n\t\t\t\t\t<\/div>\n\t\t\t\t<\/div>\n\t\t\t\t<\/div>","protected":false},"excerpt":{"rendered":"<p>Terms of Service 1. Acceptance of Terms By accessing or using the Aitooolsoft website (the&hellip;<\/p>","protected":false},"author":1,"featured_media":0,"parent":0,"menu_order":0,"comment_status":"closed","ping_status":"closed","template":"page-templates\/template-bloglo-fullwidth.php","meta":{"footnotes":""},"class_list":["post-126","page","type-page","status-publish","hentry"],"yoast_head":"<!-- This site is optimized with the Yoast SEO Premium plugin v25.0 (Yoast SEO v27.1.1) - https:\/\/yoast.com\/product\/yoast-seo-premium-wordpress\/ -->\n<title>Terms of Service - Aitoolsoft<\/title>\n<meta name=\"description\" content=\"By accessing or using the Aitoolsoft website (the \u201cWebsite\u201d) located at https:\/\/www.aitoolsoft.com, you (referred to as \u201cyou\u201d or \u201cyour\u201d) agree to be bound by these Terms of Service (the \u201cTerms\u201d).\" \/>\n<meta name=\"robots\" content=\"index, follow, max-snippet:-1, max-image-preview:large, max-video-preview:-1\" \/>\n<link rel=\"canonical\" href=\"https:\/\/www.aitoolsoft.com\/de\/terms.html\" \/>\n<meta property=\"og:locale\" content=\"de_DE\" \/>\n<meta property=\"og:type\" content=\"article\" \/>\n<meta property=\"og:title\" content=\"Terms of Service\" \/>\n<meta property=\"og:description\" content=\"By accessing or using the Aitoolsoft website (the \u201cWebsite\u201d) located at https:\/\/www.aitoolsoft.com, you (referred to as \u201cyou\u201d or \u201cyour\u201d) agree to be bound by these Terms of Service (the \u201cTerms\u201d).\" \/>\n<meta property=\"og:url\" content=\"https:\/\/www.aitoolsoft.com\/de\/terms.html\" \/>\n<meta property=\"og:site_name\" content=\"Aitoolsoft\" \/>\n<meta property=\"article:modified_time\" content=\"2025-09-04T05:43:18+00:00\" \/>\n<meta name=\"twitter:card\" content=\"summary_large_image\" \/>\n<meta name=\"twitter:label1\" content=\"Gesch\u00e4tzte Lesezeit\" \/>\n\t<meta name=\"twitter:data1\" content=\"5\u00a0Minuten\" \/>\n<script type=\"application\/ld+json\" class=\"yoast-schema-graph\">{\"@context\":\"https:\/\/schema.org\",\"@graph\":[{\"@type\":\"WebPage\",\"@id\":\"https:\/\/www.aitoolsoft.com\/terms.html\",\"url\":\"https:\/\/www.aitoolsoft.com\/terms.html\",\"name\":\"Terms of Service - Aitoolsoft\",\"isPartOf\":{\"@id\":\"https:\/\/www.aitoolsoft.com\/#website\"},\"datePublished\":\"2025-08-03T09:32:21+00:00\",\"dateModified\":\"2025-09-04T05:43:18+00:00\",\"description\":\"By accessing or using the Aitoolsoft website (the \u201cWebsite\u201d) located at https:\/\/www.aitoolsoft.com, you (referred to as \u201cyou\u201d or \u201cyour\u201d) agree to be bound by these Terms of Service (the \u201cTerms\u201d).\",\"breadcrumb\":{\"@id\":\"https:\/\/www.aitoolsoft.com\/terms.html#breadcrumb\"},\"inLanguage\":\"de\",\"potentialAction\":[{\"@type\":\"ReadAction\",\"target\":[\"https:\/\/www.aitoolsoft.com\/terms.html\"]}]},{\"@type\":\"BreadcrumbList\",\"@id\":\"https:\/\/www.aitoolsoft.com\/terms.html#breadcrumb\",\"itemListElement\":[{\"@type\":\"ListItem\",\"position\":1,\"name\":\"\u9996\u9875\",\"item\":\"https:\/\/www.aitoolsoft.com\/\"},{\"@type\":\"ListItem\",\"position\":2,\"name\":\"Terms of Service\"}]},{\"@type\":\"WebSite\",\"@id\":\"https:\/\/www.aitoolsoft.com\/#website\",\"url\":\"https:\/\/www.aitoolsoft.com\/\",\"name\":\"Aitoolsoft\",\"description\":\"AItoolsoft provide professional AI tools to help you remove image watermarks, compress images, optimize images, convert image, background editor, data visualization and more.\",\"publisher\":{\"@id\":\"https:\/\/www.aitoolsoft.com\/#organization\"},\"potentialAction\":[{\"@type\":\"SearchAction\",\"target\":{\"@type\":\"EntryPoint\",\"urlTemplate\":\"https:\/\/www.aitoolsoft.com\/?s={search_term_string}\"},\"query-input\":{\"@type\":\"PropertyValueSpecification\",\"valueRequired\":true,\"valueName\":\"search_term_string\"}}],\"inLanguage\":\"de\"},{\"@type\":\"Organization\",\"@id\":\"https:\/\/www.aitoolsoft.com\/#organization\",\"name\":\"Aitoolsoft\",\"url\":\"https:\/\/www.aitoolsoft.com\/\",\"logo\":{\"@type\":\"ImageObject\",\"inLanguage\":\"de\",\"@id\":\"https:\/\/www.aitoolsoft.com\/#\/schema\/logo\/image\/\",\"url\":\"\",\"contentUrl\":\"\",\"caption\":\"Aitoolsoft\"},\"image\":{\"@id\":\"https:\/\/www.aitoolsoft.com\/#\/schema\/logo\/image\/\"},\"publishingPrinciples\":\"https:\/\/www.aitoolsoft.com\/about-us.html\",\"ownershipFundingInfo\":\"https:\/\/www.aitoolsoft.com\/\",\"actionableFeedbackPolicy\":\"https:\/\/www.aitoolsoft.com\/contact-us.html\",\"correctionsPolicy\":\"https:\/\/www.aitoolsoft.com\/contact-us.html\",\"ethicsPolicy\":\"https:\/\/www.aitoolsoft.com\/terms.html\",\"diversityPolicy\":\"https:\/\/www.aitoolsoft.com\/terms.html\",\"diversityStaffingReport\":\"https:\/\/www.aitoolsoft.com\/contact-us.html\"}]}<\/script>\n<!-- \/ Yoast SEO Premium plugin. -->","yoast_head_json":{"title":"Allgemeine Gesch\u00e4ftsbedingungen - Aitoolsoft","description":"Durch den Zugriff auf die Aitoolsoft-Website (die \u201cWebsite\u201d) unter https:\/\/www.aitoolsoft.com erkl\u00e4ren Sie (im Folgenden \u201cSie\u201d oder \u201cIhr\u201d) sich mit diesen Nutzungsbedingungen (die \u201cBedingungen\u201d) einverstanden.","robots":{"index":"index","follow":"follow","max-snippet":"max-snippet:-1","max-image-preview":"max-image-preview:large","max-video-preview":"max-video-preview:-1"},"canonical":"https:\/\/www.aitoolsoft.com\/de\/terms.html","og_locale":"de_DE","og_type":"article","og_title":"Terms of Service","og_description":"By accessing or using the Aitoolsoft website (the \u201cWebsite\u201d) located at https:\/\/www.aitoolsoft.com, you (referred to as \u201cyou\u201d or \u201cyour\u201d) agree to be bound by these Terms of Service (the \u201cTerms\u201d).","og_url":"https:\/\/www.aitoolsoft.com\/de\/terms.html","og_site_name":"Aitoolsoft","article_modified_time":"2025-09-04T05:43:18+00:00","twitter_card":"summary_large_image","twitter_misc":{"Gesch\u00e4tzte Lesezeit":"5\u00a0Minuten"},"schema":{"@context":"https:\/\/schema.org","@graph":[{"@type":"WebPage","@id":"https:\/\/www.aitoolsoft.com\/terms.html","url":"https:\/\/www.aitoolsoft.com\/terms.html","name":"Allgemeine Gesch\u00e4ftsbedingungen - Aitoolsoft","isPartOf":{"@id":"https:\/\/www.aitoolsoft.com\/#website"},"datePublished":"2025-08-03T09:32:21+00:00","dateModified":"2025-09-04T05:43:18+00:00","description":"Durch den Zugriff auf die Aitoolsoft-Website (die \u201cWebsite\u201d) unter https:\/\/www.aitoolsoft.com erkl\u00e4ren Sie (im Folgenden \u201cSie\u201d oder \u201cIhr\u201d) sich mit diesen Nutzungsbedingungen (die \u201cBedingungen\u201d) einverstanden.","breadcrumb":{"@id":"https:\/\/www.aitoolsoft.com\/terms.html#breadcrumb"},"inLanguage":"de","potentialAction":[{"@type":"ReadAction","target":["https:\/\/www.aitoolsoft.com\/terms.html"]}]},{"@type":"BreadcrumbList","@id":"https:\/\/www.aitoolsoft.com\/terms.html#breadcrumb","itemListElement":[{"@type":"ListItem","position":1,"name":"\u9996\u9875","item":"https:\/\/www.aitoolsoft.com\/"},{"@type":"ListItem","position":2,"name":"Terms of Service"}]},{"@type":"WebSite","@id":"https:\/\/www.aitoolsoft.com\/#website","url":"https:\/\/www.aitoolsoft.com\/","name":"Aitoolsoft","description":"AItoolsoft bietet professionelle AI-Tools, die Ihnen helfen, Bildwasserzeichen zu entfernen, Bilder zu komprimieren, Bilder zu optimieren, Bilder zu konvertieren, Hintergr\u00fcnde zu bearbeiten, Daten zu visualisieren und vieles mehr.","publisher":{"@id":"https:\/\/www.aitoolsoft.com\/#organization"},"potentialAction":[{"@type":"SearchAction","target":{"@type":"EntryPoint","urlTemplate":"https:\/\/www.aitoolsoft.com\/?s={search_term_string}"},"query-input":{"@type":"PropertyValueSpecification","valueRequired":true,"valueName":"search_term_string"}}],"inLanguage":"de"},{"@type":"Organization","@id":"https:\/\/www.aitoolsoft.com\/#organization","name":"Aitoolsoft","url":"https:\/\/www.aitoolsoft.com\/","logo":{"@type":"ImageObject","inLanguage":"de","@id":"https:\/\/www.aitoolsoft.com\/#\/schema\/logo\/image\/","url":"","contentUrl":"","caption":"Aitoolsoft"},"image":{"@id":"https:\/\/www.aitoolsoft.com\/#\/schema\/logo\/image\/"},"publishingPrinciples":"https:\/\/www.aitoolsoft.com\/about-us.html","ownershipFundingInfo":"https:\/\/www.aitoolsoft.com\/","actionableFeedbackPolicy":"https:\/\/www.aitoolsoft.com\/contact-us.html","correctionsPolicy":"https:\/\/www.aitoolsoft.com\/contact-us.html","ethicsPolicy":"https:\/\/www.aitoolsoft.com\/terms.html","diversityPolicy":"https:\/\/www.aitoolsoft.com\/terms.html","diversityStaffingReport":"https:\/\/www.aitoolsoft.com\/contact-us.html"}]}},"_links":{"self":[{"href":"https:\/\/www.aitoolsoft.com\/de\/wp-json\/wp\/v2\/pages\/126","targetHints":{"allow":["GET"]}}],"collection":[{"href":"https:\/\/www.aitoolsoft.com\/de\/wp-json\/wp\/v2\/pages"}],"about":[{"href":"https:\/\/www.aitoolsoft.com\/de\/wp-json\/wp\/v2\/types\/page"}],"author":[{"embeddable":true,"href":"https:\/\/www.aitoolsoft.com\/de\/wp-json\/wp\/v2\/users\/1"}],"replies":[{"embeddable":true,"href":"https:\/\/www.aitoolsoft.com\/de\/wp-json\/wp\/v2\/comments?post=126"}],"version-history":[{"count":18,"href":"https:\/\/www.aitoolsoft.com\/de\/wp-json\/wp\/v2\/pages\/126\/revisions"}],"predecessor-version":[{"id":515,"href":"https:\/\/www.aitoolsoft.com\/de\/wp-json\/wp\/v2\/pages\/126\/revisions\/515"}],"wp:attachment":[{"href":"https:\/\/www.aitoolsoft.com\/de\/wp-json\/wp\/v2\/media?parent=126"}],"curies":[{"name":"wp","href":"https:\/\/api.w.org\/{rel}","templated":true}]}}