{"id":3,"date":"2025-03-19T10:42:50","date_gmt":"2025-03-19T02:42:50","guid":{"rendered":"http:\/\/129.204.154.172\/?page_id=3"},"modified":"2025-09-09T16:43:58","modified_gmt":"2025-09-09T08:43:58","slug":"privacy-policy","status":"publish","type":"page","link":"https:\/\/www.aitoolsoft.com\/de\/privacy-policy.html","title":{"rendered":"Datenschutzbestimmungen"},"content":{"rendered":"<div data-elementor-type=\"wp-page\" data-elementor-id=\"3\" class=\"elementor elementor-3\" data-elementor-post-type=\"page\">\n\t\t\t\t<div class=\"elementor-element elementor-element-40898a4 e-flex e-con-boxed e-con e-parent\" data-id=\"40898a4\" data-element_type=\"container\" data-e-type=\"container\">\n\t\t\t\t\t<div class=\"e-con-inner\">\n\t\t\t\t<div class=\"elementor-element elementor-element-598020d elementor-widget elementor-widget-text-editor\" data-id=\"598020d\" data-element_type=\"widget\" data-e-type=\"widget\" data-widget_type=\"text-editor.default\">\n\t\t\t\t\t\t\t\t\t<h1><strong>Aitoolsoft Datenschutzrichtlinie<\/strong><\/h1>\t\t\t\t\t\t\t\t<\/div>\n\t\t\t\t\t<\/div>\n\t\t\t\t<\/div>\n\t\t<div class=\"elementor-element elementor-element-98c9f1d e-flex e-con-boxed e-con e-parent\" data-id=\"98c9f1d\" data-element_type=\"container\" data-e-type=\"container\">\n\t\t\t\t\t<div class=\"e-con-inner\">\n\t\t\t\t<div class=\"elementor-element elementor-element-4b81185 elementor-widget elementor-widget-spacer\" data-id=\"4b81185\" data-element_type=\"widget\" data-e-type=\"widget\" data-widget_type=\"spacer.default\">\n\t\t\t\t\t\t\t<div class=\"elementor-spacer\">\n\t\t\t<div class=\"elementor-spacer-inner\"><\/div>\n\t\t<\/div>\n\t\t\t\t\t\t<\/div>\n\t\t\t\t<div class=\"elementor-element elementor-element-c895789 elementor-widget elementor-widget-text-editor\" data-id=\"c895789\" data-element_type=\"widget\" data-e-type=\"widget\" data-widget_type=\"text-editor.default\">\n\t\t\t\t\t\t\t\t\t<p><span data-leaf=\"true\"><span class=\"lb\">In dieser Datenschutzerkl\u00e4rung wird erl\u00e4utert, wie Aitoolsoft (im Folgenden als \u201cwir\u201d, \u201cuns\u201d oder \u201cunser\u201d bezeichnet) die von Ihnen bei der Nutzung unserer Website bereitgestellten Informationen sammelt, verwendet, offenlegt und sch\u00fctzt. <\/span><\/span><a href=\"https:\/\/www.aitoolsoft.com\/de\"><span class=\"outer-u-container demo-outer-link-container\" data-inline-wrapper=\"true\"><span data-leaf=\"true\"><span class=\"lb\">ht<\/span><\/span><\/span><span class=\"outer-u-container demo-outer-link-container\" data-inline-wrapper=\"true\"><span data-leaf=\"true\"><span class=\"lb\">tps:<\/span><\/span><\/span><span class=\"outer-u-container demo-outer-link-container\" data-inline-wrapper=\"true\"><span data-leaf=\"true\"><span class=\"lb\">\/\/www<\/span><\/span><\/span><span class=\"outer-u-container demo-outer-link-container\" data-inline-wrapper=\"true\"><span data-leaf=\"true\"><span class=\"lb\">.<\/span>aitoolsoft<\/span><\/span><span class=\"outer-u-container demo-outer-link-container\" data-inline-wrapper=\"true\"><span data-leaf=\"true\"><span class=\"lb\">.com<\/span><\/span><\/span><\/a><span data-leaf=\"true\"><span class=\"lb\">. Indem Sie auf unsere Website zugreifen oder sie nutzen, stimmen Sie den in dieser Datenschutzrichtlinie beschriebenen Praktiken zu.<\/span><\/span><\/p>\t\t\t\t\t\t\t\t<\/div>\n\t\t\t\t\t<\/div>\n\t\t\t\t<\/div>\n\t\t<div class=\"elementor-element elementor-element-f79ec23 e-flex e-con-boxed e-con e-parent\" data-id=\"f79ec23\" data-element_type=\"container\" data-e-type=\"container\">\n\t\t\t\t\t<div class=\"e-con-inner\">\n\t\t\t\t<div class=\"elementor-element elementor-element-1cb8767 elementor-widget elementor-widget-text-editor\" data-id=\"1cb8767\" data-element_type=\"widget\" data-e-type=\"widget\" data-widget_type=\"text-editor.default\">\n\t\t\t\t\t\t\t\t\t<div class=\"ace-line ol-idMimEJDFD list-div\" dir=\"auto\" data-node=\"true\">\n<ol>\n<li><strong><span class=\"lb\">Gesammelte Informationen<\/span><\/strong><span data-string=\"true\" data-enter=\"true\" data-leaf=\"true\">\u200b<\/span><\/li>\n<\/ol>\n<\/div>\n<div class=\"ace-line list-div\" dir=\"auto\" data-node=\"true\">\n<ul class=\"list-bullet2 r-list r-list-bullet\">\n<li><span data-leaf=\"true\"><span class=\"lb\">Pers\u00f6nliche Informationen<\/span><\/span><span data-leaf=\"true\"><span class=\"lb\">: Wir k\u00f6nnen personenbezogene Daten wie Ihren Namen, Ihre E-Mail-Adresse und andere Kontaktinformationen erfassen, wenn Sie uns diese freiwillig zur Verf\u00fcgung stellen. Dies kann der Fall sein, wenn Sie sich f\u00fcr ein Konto registrieren, unsere Newsletter abonnieren oder an bestimmten Funktionen der Website teilnehmen.<\/span><\/span><span data-string=\"true\" data-enter=\"true\" data-leaf=\"true\">\u200b<\/span><\/li>\n<\/ul>\n<\/div>\n<div class=\"ace-line list-div\" dir=\"auto\" data-node=\"true\">\n<ul class=\"list-bullet2 r-list r-list-bullet\">\n<li><span data-leaf=\"true\"><span class=\"lb\">Nicht-pers\u00f6nliche Informationen<\/span><\/span><span data-leaf=\"true\"><span class=\"lb\">: Wir erfassen automatisch nicht-pers\u00f6nliche Daten, wenn Sie unsere Website besuchen. Dazu geh\u00f6ren Ihre IP-Adresse, der Browsertyp, das Betriebssystem, die Seiten, die Sie auf unserer Website besuchen, sowie die Uhrzeit und das Datum Ihres Besuchs. Diese Informationen helfen uns bei der Analyse des Website-Verkehrs, der Verbesserung der Benutzerfreundlichkeit und der Anpassung der Inhalte.<\/span><\/span><\/li>\n<\/ul>\n<\/div>\t\t\t\t\t\t\t\t<\/div>\n\t\t\t\t\t<\/div>\n\t\t\t\t<\/div>\n\t\t<div class=\"elementor-element elementor-element-9c392ff e-flex e-con-boxed e-con e-parent\" data-id=\"9c392ff\" data-element_type=\"container\" data-e-type=\"container\">\n\t\t\t\t\t<div class=\"e-con-inner\">\n\t\t\t\t<div class=\"elementor-element elementor-element-0d07818 elementor-widget elementor-widget-text-editor\" data-id=\"0d07818\" data-element_type=\"widget\" data-e-type=\"widget\" data-widget_type=\"text-editor.default\">\n\t\t\t\t\t\t\t\t\t<div class=\"ace-line ol-idgDr8ophN list-div\" dir=\"auto\" data-node=\"true\">\n<p><span data-leaf=\"true\"><span class=\"lb\">\u00a0 \u00a0<strong>2. Wie wir Ihre Informationen verwenden<\/strong><\/span><\/span><span data-string=\"true\" data-enter=\"true\" data-leaf=\"true\">\u200b<\/span><\/p>\n<\/div>\n<div class=\"ace-line list-div\" dir=\"auto\" data-node=\"true\">\n<ul class=\"list-bullet2 r-list r-list-bullet\">\n<li><span data-leaf=\"true\"><span class=\"lb\">Dienstleistungen erbringen<\/span><\/span><span data-leaf=\"true\"><span class=\"lb\">: Wir verwenden Ihre pers\u00f6nlichen Daten, um Ihnen den Zugang zu den Funktionen und Dienstleistungen unserer Website zu erm\u00f6glichen. Wenn Sie sich zum Beispiel f\u00fcr ein Konto registrieren, verwenden wir Ihre Daten, um Sie zu authentifizieren und Ihnen personalisierte Erfahrungen zu bieten.<\/span><\/span><span data-string=\"true\" data-enter=\"true\" data-leaf=\"true\">\u200b<\/span><\/li>\n<\/ul>\n<\/div>\n<div class=\"ace-line list-div\" dir=\"auto\" data-node=\"true\">\n<ul class=\"list-bullet2 r-list r-list-bullet\">\n<li><span data-leaf=\"true\"><span class=\"lb\">Zur Verbesserung der Website<\/span><\/span><span data-leaf=\"true\"><span class=\"lb\">: Nicht-pers\u00f6nliche Daten werden verwendet, um Trends zu analysieren, das Nutzerverhalten zu verstehen und die Funktionalit\u00e4t und das Design unserer Website zu verbessern. Dies hilft uns, besser auf die Bed\u00fcrfnisse unserer Nutzer einzugehen.<\/span><\/span><span data-string=\"true\" data-enter=\"true\" data-leaf=\"true\">\u200b<\/span><\/li>\n<\/ul>\n<\/div>\n<div class=\"ace-line list-div\" dir=\"auto\" data-node=\"true\">\n<ul class=\"list-bullet2 r-list r-list-bullet\">\n<li><span data-leaf=\"true\"><span class=\"lb\">Mit Ihnen zu kommunizieren<\/span><\/span><span data-leaf=\"true\"><span class=\"lb\">: Wir k\u00f6nnen Ihre E-Mail-Adresse oder andere Kontaktinformationen verwenden, um Ihnen wichtige Informationen \u00fcber die Website, neue Funktionen oder \u00c4nderungen an unseren Bedingungen und Richtlinien zu senden. Wir k\u00f6nnen auch Werbe-E-Mails senden, wenn Sie sich f\u00fcr den Erhalt solcher Mitteilungen entschieden haben.<\/span><\/span><\/li>\n<\/ul>\n<\/div>\t\t\t\t\t\t\t\t<\/div>\n\t\t\t\t\t<\/div>\n\t\t\t\t<\/div>\n\t\t<div class=\"elementor-element elementor-element-328ba0e e-flex e-con-boxed e-con e-parent\" data-id=\"328ba0e\" data-element_type=\"container\" data-e-type=\"container\">\n\t\t\t\t\t<div class=\"e-con-inner\">\n\t\t\t\t<div class=\"elementor-element elementor-element-8728dc5 elementor-widget elementor-widget-text-editor\" data-id=\"8728dc5\" data-element_type=\"widget\" data-e-type=\"widget\" data-widget_type=\"text-editor.default\">\n\t\t\t\t\t\t\t\t\t<div class=\"ace-line ol-idTgaKJkA5 list-div\" dir=\"auto\" data-node=\"true\">\n<p><span data-leaf=\"true\"><span class=\"lb\">\u00a0 \u00a0<strong>3. Offenlegung Ihrer Informationen<\/strong><\/span><\/span><span data-string=\"true\" data-enter=\"true\" data-leaf=\"true\">\u200b<\/span><\/p>\n<\/div>\n<div class=\"ace-line list-div\" dir=\"auto\" data-node=\"true\">\n<ul class=\"list-bullet2 r-list r-list-bullet\">\n<li><span data-leaf=\"true\"><span class=\"lb\">Drittanbieter von Dienstleistungen<\/span><\/span><span data-leaf=\"true\"><span class=\"lb\">: Wir k\u00f6nnen Ihre Daten an Drittanbieter weitergeben, die uns beim Betrieb der Website unterst\u00fctzen, z. B. Hosting-Anbieter, Analyseunternehmen und E-Mail-Dienstleister. Diese Dritten sind vertraglich verpflichtet, Ihre Daten nur f\u00fcr die von uns angegebenen Zwecke zu verwenden und deren Vertraulichkeit zu wahren.<\/span><\/span><span data-string=\"true\" data-enter=\"true\" data-leaf=\"true\">\u200b<\/span><\/li>\n<\/ul>\n<\/div>\n<div class=\"ace-line list-div\" dir=\"auto\" data-node=\"true\">\n<ul class=\"list-bullet2 r-list r-list-bullet\">\n<li><span data-leaf=\"true\"><span class=\"lb\">Rechtliche Anforderungen<\/span><\/span><span data-leaf=\"true\"><span class=\"lb\">: Wir k\u00f6nnen Ihre Daten offenlegen, wenn wir gesetzlich dazu verpflichtet sind, z. B. als Reaktion auf eine Vorladung, einen Gerichtsbeschluss oder eine staatliche Anfrage. Wir k\u00f6nnen Ihre Daten auch offenlegen, wenn wir glauben, dass dies notwendig ist, um unsere Rechte, unser Eigentum oder die Sicherheit unserer Nutzer oder der \u00d6ffentlichkeit zu sch\u00fctzen.<\/span><\/span><span data-string=\"true\" data-enter=\"true\" data-leaf=\"true\">\u200b<\/span><\/li>\n<\/ul>\n<\/div>\t\t\t\t\t\t\t\t<\/div>\n\t\t\t\t\t<\/div>\n\t\t\t\t<\/div>\n\t\t<div class=\"elementor-element elementor-element-83246dd e-flex e-con-boxed e-con e-parent\" data-id=\"83246dd\" data-element_type=\"container\" data-e-type=\"container\">\n\t\t\t\t\t<div class=\"e-con-inner\">\n\t\t\t\t<div class=\"elementor-element elementor-element-8603941 elementor-widget elementor-widget-text-editor\" data-id=\"8603941\" data-element_type=\"widget\" data-e-type=\"widget\" data-widget_type=\"text-editor.default\">\n\t\t\t\t\t\t\t\t\t<div class=\"ace-line ol-idVF5Tzp0l list-div\" dir=\"auto\" data-node=\"true\">\n<p><span data-leaf=\"true\"><span class=\"lb\"><strong>\u00a0 \u00a04. Datensicherheit<\/strong><\/span><\/span><span data-string=\"true\" data-enter=\"true\" data-leaf=\"true\">\u200b<\/span><\/p>\n<\/div>\n<ul>\n<li class=\"ace-line\" dir=\"auto\" data-node=\"true\"><span data-leaf=\"true\"><span class=\"lb\">Wir ergreifen angemessene Ma\u00dfnahmen, um Ihre Daten vor unbefugtem Zugriff, Offenlegung, \u00c4nderung oder Zerst\u00f6rung zu sch\u00fctzen. Wir verwenden branchen\u00fcbliche Sicherheitstechnologien und -verfahren, um die Vertraulichkeit und Integrit\u00e4t Ihrer Daten zu sch\u00fctzen. Allerdings ist keine Methode der \u00dcbertragung \u00fcber das Internet oder der elektronischen Speicherung 100% sicher, und wir k\u00f6nnen die absolute Sicherheit Ihrer Daten nicht garantieren.<\/span><\/span><span data-string=\"true\" data-enter=\"true\" data-leaf=\"true\">\u200b<\/span><\/li>\n<\/ul>\t\t\t\t\t\t\t\t<\/div>\n\t\t\t\t\t<\/div>\n\t\t\t\t<\/div>\n\t\t<div class=\"elementor-element elementor-element-ec86f8a e-flex e-con-boxed e-con e-parent\" data-id=\"ec86f8a\" data-element_type=\"container\" data-e-type=\"container\">\n\t\t\t\t\t<div class=\"e-con-inner\">\n\t\t\t\t<div class=\"elementor-element elementor-element-7c68cfb elementor-widget elementor-widget-text-editor\" data-id=\"7c68cfb\" data-element_type=\"widget\" data-e-type=\"widget\" data-widget_type=\"text-editor.default\">\n\t\t\t\t\t\t\t\t\t<div class=\"ace-line ol-idXrLzUHf9 list-div\" dir=\"auto\" data-node=\"true\">\n<p><span data-leaf=\"true\"><span class=\"lb\">\u00a0 <strong>\u00a05. Deine Rechte<\/strong><\/span><\/span><span data-string=\"true\" data-enter=\"true\" data-leaf=\"true\">\u200b<\/span><\/p>\n<\/div>\n<div class=\"ace-line list-div\" dir=\"auto\" data-node=\"true\">\n<ul class=\"list-bullet2 r-list r-list-bullet\">\n<li><span data-leaf=\"true\"><span class=\"lb\">Zugang und Berichtigung<\/span><\/span><span data-leaf=\"true\"><span class=\"lb\">: Sie haben das Recht, auf die von uns gespeicherten personenbezogenen Daten zuzugreifen und zu verlangen, dass wir ungenaue oder unvollst\u00e4ndige Informationen korrigieren.<\/span><\/span><span data-string=\"true\" data-enter=\"true\" data-leaf=\"true\">\u200b<\/span><\/li>\n<\/ul>\n<\/div>\n<div class=\"ace-line list-div\" dir=\"auto\" data-node=\"true\">\n<ul class=\"list-bullet2 r-list r-list-bullet\">\n<li><span data-leaf=\"true\"><span class=\"lb\">Opt-out<\/span><\/span><span data-leaf=\"true\"><span class=\"lb\">: Sie k\u00f6nnen den Erhalt von Werbe-E-Mails von uns jederzeit abbestellen, indem Sie die Anweisungen in den E-Mails befolgen, um sich abzumelden.<\/span><\/span><span data-string=\"true\" data-enter=\"true\" data-leaf=\"true\">\u200b<\/span><\/li>\n<\/ul>\n<\/div>\n<div class=\"ace-line list-div\" dir=\"auto\" data-node=\"true\">\n<ul class=\"list-bullet2 r-list r-list-bullet\">\n<li><span data-leaf=\"true\"><span class=\"lb\">L\u00f6schung<\/span><\/span><span data-leaf=\"true\"><span class=\"lb\">: Sie k\u00f6nnen verlangen, dass wir Ihre pers\u00f6nlichen Daten l\u00f6schen. Es kann jedoch sein, dass wir einige Daten aus rechtlichen oder gesch\u00e4ftlichen Gr\u00fcnden aufbewahren m\u00fcssen, z. B. um Steuergesetze einzuhalten oder um Aufzeichnungen \u00fcber Transaktionen zu f\u00fchren.<\/span><\/span><\/li>\n<\/ul>\n<\/div>\t\t\t\t\t\t\t\t<\/div>\n\t\t\t\t\t<\/div>\n\t\t\t\t<\/div>\n\t\t<div class=\"elementor-element elementor-element-3734146 e-flex e-con-boxed e-con e-parent\" data-id=\"3734146\" data-element_type=\"container\" data-e-type=\"container\">\n\t\t\t\t\t<div class=\"e-con-inner\">\n\t\t\t\t<div class=\"elementor-element elementor-element-9df5c1a elementor-widget elementor-widget-text-editor\" data-id=\"9df5c1a\" data-element_type=\"widget\" data-e-type=\"widget\" data-widget_type=\"text-editor.default\">\n\t\t\t\t\t\t\t\t\t<div class=\"ace-line ol-idz8DtI6lk list-div\" dir=\"auto\" data-node=\"true\">\n<p><span data-leaf=\"true\"><span class=\"lb\">\u00a0 <strong>\u00a06. Die Privatsph\u00e4re der Kinder<\/strong><\/span><\/span><span data-string=\"true\" data-enter=\"true\" data-leaf=\"true\">\u200b<\/span><\/p>\n<\/div>\n<ul>\n<li class=\"ace-line\" dir=\"auto\" data-node=\"true\"><span data-leaf=\"true\"><span class=\"lb\">Unsere Website ist nicht f\u00fcr Kinder unter 13 Jahren bestimmt. Wir erfassen nicht wissentlich personenbezogene Daten von Kindern unter 13 Jahren. Wenn wir erfahren, dass wir personenbezogene Daten von einem Kind unter 13 Jahren erfasst haben, werden wir Ma\u00dfnahmen ergreifen, um diese Daten so schnell wie m\u00f6glich zu l\u00f6schen.<\/span><\/span><\/li>\n<\/ul>\t\t\t\t\t\t\t\t<\/div>\n\t\t\t\t\t<\/div>\n\t\t\t\t<\/div>\n\t\t<div class=\"elementor-element elementor-element-d457a3b e-flex e-con-boxed e-con e-parent\" data-id=\"d457a3b\" data-element_type=\"container\" data-e-type=\"container\">\n\t\t\t\t\t<div class=\"e-con-inner\">\n\t\t\t\t<div class=\"elementor-element elementor-element-b6c3e05 elementor-widget elementor-widget-text-editor\" data-id=\"b6c3e05\" data-element_type=\"widget\" data-e-type=\"widget\" data-widget_type=\"text-editor.default\">\n\t\t\t\t\t\t\t\t\t<p><span data-leaf=\"true\"><span class=\"lb\">\u00a0 \u00a0<strong>7. \u00c4nderungen an dieser Datenschutzrichtlinie<\/strong><\/span><\/span><span data-string=\"true\" data-enter=\"true\" data-leaf=\"true\">\u200b<\/span><\/p>\n<ul>\n<li class=\"ace-line\" dir=\"auto\" data-node=\"true\"><span data-leaf=\"true\"><span class=\"lb\">Wir sind berechtigt, diese Datenschutzrichtlinie von Zeit zu Zeit zu aktualisieren, um \u00c4nderungen unserer Praktiken oder gesetzlicher Anforderungen Rechnung zu tragen. Wir werden Sie \u00fcber alle wesentlichen \u00c4nderungen informieren, indem wir einen Hinweis auf unserer Website ver\u00f6ffentlichen oder Ihnen eine E-Mail schicken. Wenn Sie die Website nach den \u00c4nderungen weiterhin nutzen, erkl\u00e4ren Sie sich mit der neuen Datenschutzrichtlinie einverstanden.<\/span><\/span><\/li>\n<\/ul>\t\t\t\t\t\t\t\t<\/div>\n\t\t\t\t\t<\/div>\n\t\t\t\t<\/div>\n\t\t<div class=\"elementor-element elementor-element-c7746f7 e-flex e-con-boxed e-con e-parent\" data-id=\"c7746f7\" data-element_type=\"container\" data-e-type=\"container\">\n\t\t\t\t\t<div class=\"e-con-inner\">\n\t\t\t\t<div class=\"elementor-element elementor-element-5e32e84 elementor-widget elementor-widget-text-editor\" data-id=\"5e32e84\" data-element_type=\"widget\" data-e-type=\"widget\" data-widget_type=\"text-editor.default\">\n\t\t\t\t\t\t\t\t\t<div class=\"ace-line ol-idKO5XDhks list-div\" dir=\"auto\" data-node=\"true\"><p><strong><span class=\"lb\">\u00a0 \u00a08. Kontakt<\/span><\/strong><span data-string=\"true\" data-enter=\"true\" data-leaf=\"true\">\u200b<\/span><\/p><\/div><ul><li class=\"ace-line\" dir=\"auto\" data-node=\"true\"><span data-leaf=\"true\"><span class=\"lb\">Wenn Sie Fragen oder Bedenken zu dieser Datenschutzrichtlinie oder unseren Datenpraktiken haben, wenden Sie sich bitte an support@aitoolsoft.com.<\/span><\/span><\/li><\/ul>\t\t\t\t\t\t\t\t<\/div>\n\t\t\t\t\t<\/div>\n\t\t\t\t<\/div>\n\t\t\t\t<\/div>","protected":false},"excerpt":{"rendered":"<p>Aitoolsoft Privacy Policy This Privacy Policy explains how Aitoolsoft (referred to as \u201cwe,\u201d \u201cus,\u201d or&hellip;<\/p>","protected":false},"author":1,"featured_media":0,"parent":0,"menu_order":0,"comment_status":"closed","ping_status":"open","template":"","meta":{"footnotes":""},"class_list":["post-3","page","type-page","status-publish","hentry"],"yoast_head":"<!-- This site is optimized with the Yoast SEO Premium plugin v25.0 (Yoast SEO v27.1.1) - https:\/\/yoast.com\/product\/yoast-seo-premium-wordpress\/ -->\n<title>Privacy Policy - Aitoolsoft<\/title>\n<meta name=\"description\" content=\"This Privacy Policy explains how Aitoolsoft (referred to as \u201cwe,\u201d \u201cus,\u201d or \u201cour\u201d) collects, uses, discloses, and safeguards the information you provide when using our website.\" \/>\n<meta name=\"robots\" content=\"index, follow, max-snippet:-1, max-image-preview:large, max-video-preview:-1\" \/>\n<link rel=\"canonical\" href=\"https:\/\/www.aitoolsoft.com\/de\/privacy-policy.html\" \/>\n<meta property=\"og:locale\" content=\"de_DE\" \/>\n<meta property=\"og:type\" content=\"article\" \/>\n<meta property=\"og:title\" content=\"Privacy Policy\" \/>\n<meta property=\"og:description\" content=\"This Privacy Policy explains how Aitoolsoft (referred to as \u201cwe,\u201d \u201cus,\u201d or \u201cour\u201d) collects, uses, discloses, and safeguards the information you provide when using our website.\" \/>\n<meta property=\"og:url\" content=\"https:\/\/www.aitoolsoft.com\/de\/privacy-policy.html\" \/>\n<meta property=\"og:site_name\" content=\"Aitoolsoft\" \/>\n<meta property=\"article:modified_time\" content=\"2025-09-09T08:43:58+00:00\" \/>\n<meta name=\"twitter:card\" content=\"summary_large_image\" \/>\n<meta name=\"twitter:label1\" content=\"Gesch\u00e4tzte Lesezeit\" \/>\n\t<meta name=\"twitter:data1\" content=\"4\u00a0Minuten\" \/>\n<script type=\"application\/ld+json\" class=\"yoast-schema-graph\">{\"@context\":\"https:\/\/schema.org\",\"@graph\":[{\"@type\":\"WebPage\",\"@id\":\"https:\/\/www.aitoolsoft.com\/privacy-policy.html\",\"url\":\"https:\/\/www.aitoolsoft.com\/privacy-policy.html\",\"name\":\"Privacy Policy - Aitoolsoft\",\"isPartOf\":{\"@id\":\"https:\/\/www.aitoolsoft.com\/#website\"},\"datePublished\":\"2025-03-19T02:42:50+00:00\",\"dateModified\":\"2025-09-09T08:43:58+00:00\",\"description\":\"This Privacy Policy explains how Aitoolsoft (referred to as \u201cwe,\u201d \u201cus,\u201d or \u201cour\u201d) collects, uses, discloses, and safeguards the information you provide when using our website.\",\"breadcrumb\":{\"@id\":\"https:\/\/www.aitoolsoft.com\/privacy-policy.html#breadcrumb\"},\"inLanguage\":\"de\",\"potentialAction\":[{\"@type\":\"ReadAction\",\"target\":[\"https:\/\/www.aitoolsoft.com\/privacy-policy.html\"]}]},{\"@type\":\"BreadcrumbList\",\"@id\":\"https:\/\/www.aitoolsoft.com\/privacy-policy.html#breadcrumb\",\"itemListElement\":[{\"@type\":\"ListItem\",\"position\":1,\"name\":\"\u9996\u9875\",\"item\":\"https:\/\/www.aitoolsoft.com\/\"},{\"@type\":\"ListItem\",\"position\":2,\"name\":\"Privacy Policy\"}]},{\"@type\":\"WebSite\",\"@id\":\"https:\/\/www.aitoolsoft.com\/#website\",\"url\":\"https:\/\/www.aitoolsoft.com\/\",\"name\":\"Aitoolsoft\",\"description\":\"AItoolsoft provide professional AI tools to help you remove image watermarks, compress images, optimize images, convert image, background editor, data visualization and more.\",\"publisher\":{\"@id\":\"https:\/\/www.aitoolsoft.com\/#organization\"},\"potentialAction\":[{\"@type\":\"SearchAction\",\"target\":{\"@type\":\"EntryPoint\",\"urlTemplate\":\"https:\/\/www.aitoolsoft.com\/?s={search_term_string}\"},\"query-input\":{\"@type\":\"PropertyValueSpecification\",\"valueRequired\":true,\"valueName\":\"search_term_string\"}}],\"inLanguage\":\"de\"},{\"@type\":\"Organization\",\"@id\":\"https:\/\/www.aitoolsoft.com\/#organization\",\"name\":\"Aitoolsoft\",\"url\":\"https:\/\/www.aitoolsoft.com\/\",\"logo\":{\"@type\":\"ImageObject\",\"inLanguage\":\"de\",\"@id\":\"https:\/\/www.aitoolsoft.com\/#\/schema\/logo\/image\/\",\"url\":\"\",\"contentUrl\":\"\",\"caption\":\"Aitoolsoft\"},\"image\":{\"@id\":\"https:\/\/www.aitoolsoft.com\/#\/schema\/logo\/image\/\"},\"publishingPrinciples\":\"https:\/\/www.aitoolsoft.com\/about-us.html\",\"ownershipFundingInfo\":\"https:\/\/www.aitoolsoft.com\/\",\"actionableFeedbackPolicy\":\"https:\/\/www.aitoolsoft.com\/contact-us.html\",\"correctionsPolicy\":\"https:\/\/www.aitoolsoft.com\/contact-us.html\",\"ethicsPolicy\":\"https:\/\/www.aitoolsoft.com\/terms.html\",\"diversityPolicy\":\"https:\/\/www.aitoolsoft.com\/terms.html\",\"diversityStaffingReport\":\"https:\/\/www.aitoolsoft.com\/contact-us.html\"}]}<\/script>\n<!-- \/ Yoast SEO Premium plugin. -->","yoast_head_json":{"title":"Datenschutzrichtlinie - Aitoolsoft","description":"In dieser Datenschutzerkl\u00e4rung wird erl\u00e4utert, wie Aitoolsoft (im Folgenden als \u201cwir\u201d, \u201cuns\u201d oder \u201cunser\u201d bezeichnet) die von Ihnen bei der Nutzung unserer Website bereitgestellten Informationen sammelt, verwendet, offenlegt und sch\u00fctzt.","robots":{"index":"index","follow":"follow","max-snippet":"max-snippet:-1","max-image-preview":"max-image-preview:large","max-video-preview":"max-video-preview:-1"},"canonical":"https:\/\/www.aitoolsoft.com\/de\/privacy-policy.html","og_locale":"de_DE","og_type":"article","og_title":"Privacy Policy","og_description":"This Privacy Policy explains how Aitoolsoft (referred to as \u201cwe,\u201d \u201cus,\u201d or \u201cour\u201d) collects, uses, discloses, and safeguards the information you provide when using our website.","og_url":"https:\/\/www.aitoolsoft.com\/de\/privacy-policy.html","og_site_name":"Aitoolsoft","article_modified_time":"2025-09-09T08:43:58+00:00","twitter_card":"summary_large_image","twitter_misc":{"Gesch\u00e4tzte Lesezeit":"4\u00a0Minuten"},"schema":{"@context":"https:\/\/schema.org","@graph":[{"@type":"WebPage","@id":"https:\/\/www.aitoolsoft.com\/privacy-policy.html","url":"https:\/\/www.aitoolsoft.com\/privacy-policy.html","name":"Datenschutzrichtlinie - Aitoolsoft","isPartOf":{"@id":"https:\/\/www.aitoolsoft.com\/#website"},"datePublished":"2025-03-19T02:42:50+00:00","dateModified":"2025-09-09T08:43:58+00:00","description":"In dieser Datenschutzerkl\u00e4rung wird erl\u00e4utert, wie Aitoolsoft (im Folgenden als \u201cwir\u201d, \u201cuns\u201d oder \u201cunser\u201d bezeichnet) die von Ihnen bei der Nutzung unserer Website bereitgestellten Informationen sammelt, verwendet, offenlegt und sch\u00fctzt.","breadcrumb":{"@id":"https:\/\/www.aitoolsoft.com\/privacy-policy.html#breadcrumb"},"inLanguage":"de","potentialAction":[{"@type":"ReadAction","target":["https:\/\/www.aitoolsoft.com\/privacy-policy.html"]}]},{"@type":"BreadcrumbList","@id":"https:\/\/www.aitoolsoft.com\/privacy-policy.html#breadcrumb","itemListElement":[{"@type":"ListItem","position":1,"name":"\u9996\u9875","item":"https:\/\/www.aitoolsoft.com\/"},{"@type":"ListItem","position":2,"name":"Privacy Policy"}]},{"@type":"WebSite","@id":"https:\/\/www.aitoolsoft.com\/#website","url":"https:\/\/www.aitoolsoft.com\/","name":"Aitoolsoft","description":"AItoolsoft bietet professionelle AI-Tools, die Ihnen helfen, Bildwasserzeichen zu entfernen, Bilder zu komprimieren, Bilder zu optimieren, Bilder zu konvertieren, Hintergr\u00fcnde zu bearbeiten, Daten zu visualisieren und vieles mehr.","publisher":{"@id":"https:\/\/www.aitoolsoft.com\/#organization"},"potentialAction":[{"@type":"SearchAction","target":{"@type":"EntryPoint","urlTemplate":"https:\/\/www.aitoolsoft.com\/?s={search_term_string}"},"query-input":{"@type":"PropertyValueSpecification","valueRequired":true,"valueName":"search_term_string"}}],"inLanguage":"de"},{"@type":"Organization","@id":"https:\/\/www.aitoolsoft.com\/#organization","name":"Aitoolsoft","url":"https:\/\/www.aitoolsoft.com\/","logo":{"@type":"ImageObject","inLanguage":"de","@id":"https:\/\/www.aitoolsoft.com\/#\/schema\/logo\/image\/","url":"","contentUrl":"","caption":"Aitoolsoft"},"image":{"@id":"https:\/\/www.aitoolsoft.com\/#\/schema\/logo\/image\/"},"publishingPrinciples":"https:\/\/www.aitoolsoft.com\/about-us.html","ownershipFundingInfo":"https:\/\/www.aitoolsoft.com\/","actionableFeedbackPolicy":"https:\/\/www.aitoolsoft.com\/contact-us.html","correctionsPolicy":"https:\/\/www.aitoolsoft.com\/contact-us.html","ethicsPolicy":"https:\/\/www.aitoolsoft.com\/terms.html","diversityPolicy":"https:\/\/www.aitoolsoft.com\/terms.html","diversityStaffingReport":"https:\/\/www.aitoolsoft.com\/contact-us.html"}]}},"_links":{"self":[{"href":"https:\/\/www.aitoolsoft.com\/de\/wp-json\/wp\/v2\/pages\/3","targetHints":{"allow":["GET"]}}],"collection":[{"href":"https:\/\/www.aitoolsoft.com\/de\/wp-json\/wp\/v2\/pages"}],"about":[{"href":"https:\/\/www.aitoolsoft.com\/de\/wp-json\/wp\/v2\/types\/page"}],"author":[{"embeddable":true,"href":"https:\/\/www.aitoolsoft.com\/de\/wp-json\/wp\/v2\/users\/1"}],"replies":[{"embeddable":true,"href":"https:\/\/www.aitoolsoft.com\/de\/wp-json\/wp\/v2\/comments?post=3"}],"version-history":[{"count":34,"href":"https:\/\/www.aitoolsoft.com\/de\/wp-json\/wp\/v2\/pages\/3\/revisions"}],"predecessor-version":[{"id":719,"href":"https:\/\/www.aitoolsoft.com\/de\/wp-json\/wp\/v2\/pages\/3\/revisions\/719"}],"wp:attachment":[{"href":"https:\/\/www.aitoolsoft.com\/de\/wp-json\/wp\/v2\/media?parent=3"}],"curies":[{"name":"wp","href":"https:\/\/api.w.org\/{rel}","templated":true}]}}