{"id":126,"date":"2025-08-03T17:32:21","date_gmt":"2025-08-03T09:32:21","guid":{"rendered":"http:\/\/170.106.73.112\/?page_id=126"},"modified":"2025-09-04T13:43:18","modified_gmt":"2025-09-04T05:43:18","slug":"terms","status":"publish","type":"page","link":"https:\/\/www.aitoolsoft.com\/es\/terms.html","title":{"rendered":"Condiciones de uso"},"content":{"rendered":"<div data-elementor-type=\"wp-post\" data-elementor-id=\"126\" class=\"elementor elementor-126\" data-elementor-post-type=\"page\">\n\t\t\t\t<div class=\"elementor-element elementor-element-5274bec e-flex e-con-boxed e-con e-parent\" data-id=\"5274bec\" data-element_type=\"container\" data-e-type=\"container\">\n\t\t\t\t\t<div class=\"e-con-inner\">\n\t\t\t\t<div class=\"elementor-element elementor-element-cf971b0 elementor-widget elementor-widget-text-editor\" data-id=\"cf971b0\" data-element_type=\"widget\" data-e-type=\"widget\" data-widget_type=\"text-editor.default\">\n\t\t\t\t\t\t\t\t\t<h1>Condiciones de uso<\/h1>\t\t\t\t\t\t\t\t<\/div>\n\t\t\t\t\t<\/div>\n\t\t\t\t<\/div>\n\t\t<div class=\"elementor-element elementor-element-82d7612 e-flex e-con-boxed e-con e-parent\" data-id=\"82d7612\" data-element_type=\"container\" data-e-type=\"container\">\n\t\t\t\t\t<div class=\"e-con-inner\">\n\t\t\t\t<div class=\"elementor-element elementor-element-f8a4b2e elementor-widget elementor-widget-spacer\" data-id=\"f8a4b2e\" data-element_type=\"widget\" data-e-type=\"widget\" data-widget_type=\"spacer.default\">\n\t\t\t\t\t\t\t<div class=\"elementor-spacer\">\n\t\t\t<div class=\"elementor-spacer-inner\"><\/div>\n\t\t<\/div>\n\t\t\t\t\t\t<\/div>\n\t\t\t\t<div class=\"elementor-element elementor-element-14f234a elementor-widget elementor-widget-text-editor\" data-id=\"14f234a\" data-element_type=\"widget\" data-e-type=\"widget\" data-widget_type=\"text-editor.default\">\n\t\t\t\t\t\t\t\t\t<div data-zone-id=\"0\" data-line-index=\"2\" data-line=\"true\"><strong>1. Aceptaci\u00f3n de las condiciones<\/strong><\/div><div data-zone-id=\"0\" data-line-index=\"2\" data-line=\"true\"><p>Al acceder o utilizar el sitio web de Aitooolsoft (el \u201cSitio Web\u201d) situado en <a href=\"https:\/\/www.aitoolsoft.com\/es\">https:\/\/www.aitoolsoft.com<\/a>, (en adelante, \u201custed\u201d o \u201csu\u201d) acepta someterse a las presentes Condiciones del servicio (en adelante, las \u201cCondiciones\u201d). Si no acepta estas Condiciones, no debe utilizar el Sitio Web.<\/p><\/div><div data-zone-id=\"0\" data-line-index=\"3\" data-line=\"true\"><p class=\"heading-h2\"><strong>2. Elegibilidad<\/strong><\/p><\/div><div data-zone-id=\"0\" data-line-index=\"4\" data-line=\"true\">Debe tener al menos 13 a\u00f1os de edad para utilizar el Sitio Web. Al utilizar el Sitio Web, usted declara y garantiza que tiene al menos 13 a\u00f1os de edad. Si es menor de edad en su jurisdicci\u00f3n, debe contar con el consentimiento de uno de sus padres o de su tutor legal para utilizar el Sitio web, y dicho padre o tutor legal acepta cumplir estas Condiciones en su nombre.<\/div><div data-zone-id=\"0\" data-line-index=\"4\" data-line=\"true\">\u00a0<\/div><div data-zone-id=\"0\" data-line-index=\"5\" data-line=\"true\"><p class=\"heading-h2\"><strong>3. Cuentas de usuario<\/strong><\/p><\/div><ul><li class=\"temp-li bullet1\" data-line=\"true\" data-list=\"bullet1\"><b>Inscripci\u00f3n<\/b>: Para acceder a determinadas funciones del sitio web, es posible que deba registrarse para obtener una cuenta. Al registrarse, debe proporcionar informaci\u00f3n precisa, actual y completa. Usted es responsable de mantener la confidencialidad de las credenciales de su cuenta, incluyendo su nombre de usuario y contrase\u00f1a, y de todas las actividades que ocurran bajo su cuenta.<\/li><\/ul><ul><li class=\"temp-li bullet1\" data-line=\"true\" data-list=\"bullet1\"><b>Responsabilidad de la cuenta<\/b>: Usted se compromete a notificarnos inmediatamente cualquier uso no autorizado de su cuenta o cualquier otra violaci\u00f3n de la seguridad. No seremos responsables de ninguna p\u00e9rdida o da\u00f1o derivado de su incapacidad para proteger las credenciales de su cuenta.<\/li><\/ul><ul><li class=\"temp-li bullet1\" data-line=\"true\" data-list=\"bullet1\"><b>Cancelaci\u00f3n de la cuenta<\/b>: Nos reservamos el derecho a suspender o cancelar su cuenta en cualquier momento, sin previo aviso, si consideramos que ha infringido estas Condiciones o ha participado en alguna actividad fraudulenta, abusiva o ilegal.<\/li><\/ul><div data-zone-id=\"0\" data-line-index=\"9\" data-line=\"true\"><p class=\"heading-h2\"><strong>4. 4. Uso del sitio web<\/strong><\/p><\/div><ul><li class=\"temp-li bullet1\" data-line=\"true\" data-list=\"bullet1\"><b>Uso permitido<\/b>: Usted puede utilizar el Sitio Web \u00fanicamente para su disfrute personal y no comercial de los juegos en l\u00ednea y otras funciones proporcionadas. Usted se compromete a no utilizar el sitio web para fines ilegales o de cualquier manera que viole estos T\u00e9rminos.<\/li><\/ul><ul><li class=\"temp-li bullet1\" data-line=\"true\" data-list=\"bullet1\"><b>Actividades prohibidas<\/b>: Sin limitaci\u00f3n, usted no podr\u00e1:<\/li><\/ul><ul><li style=\"list-style-type: none;\"><ul><li class=\"temp-li bullet2\" data-line=\"true\" data-list=\"bullet2\">Cargar, publicar o transmitir cualquier contenido que sea ilegal, perjudicial, amenazador, abusivo, acosador, difamatorio, vulgar, obsceno o censurable de cualquier otro modo.<\/li><\/ul><\/li><\/ul><ul><li style=\"list-style-type: none;\"><ul><li class=\"temp-li bullet2\" data-line=\"true\" data-list=\"bullet2\">Participar en cualquier actividad que pueda perturbar o interferir en el funcionamiento del Sitio Web, incluidos, entre otros, la pirater\u00eda inform\u00e1tica, los virus u otros c\u00f3digos maliciosos.<\/li><\/ul><\/li><\/ul><ul><li style=\"list-style-type: none;\"><ul><li class=\"temp-li bullet2\" data-line=\"true\" data-list=\"bullet2\">Intentar acceder sin autorizaci\u00f3n a cualquier parte del Sitio Web o a la cuenta de cualquier otro usuario.<\/li><\/ul><\/li><\/ul><ul><li style=\"list-style-type: none;\"><ul><li class=\"temp-li bullet2\" data-line=\"true\" data-list=\"bullet2\">Utilizar el Sitio Web para recoger o recopilar informaci\u00f3n personal de otros usuarios.<\/li><\/ul><\/li><\/ul><ul><li style=\"list-style-type: none;\"><ul><li class=\"temp-li bullet2\" data-line=\"true\" data-list=\"bullet2\">Reproducir, distribuir, modificar o crear trabajos derivados de cualquier contenido del Sitio Web sin nuestro permiso previo por escrito.<\/li><\/ul><\/li><\/ul><div data-zone-id=\"0\" data-line-index=\"17\" data-line=\"true\"><p class=\"heading-h2\"><strong>5. 5. Propiedad intelectual<\/strong><\/p><\/div><ul><li class=\"temp-li bullet1\" data-line=\"true\" data-list=\"bullet1\">Todo el contenido del Sitio Web, incluidos, entre otros, juegos, software, texto, gr\u00e1ficos, im\u00e1genes, audio, v\u00eddeo y logotipos, es propiedad de Aitoolsoft o de sus licenciantes y est\u00e1 protegido por derechos de autor, marcas comerciales y otras leyes de propiedad intelectual.<\/li><\/ul><ul><li class=\"temp-li bullet1\" data-line=\"true\" data-list=\"bullet1\">Se le concede una licencia limitada, no exclusiva y no transferible para acceder y utilizar el contenido del sitio web \u00fanicamente con el fin de utilizar el sitio web seg\u00fan lo permitido por estas Condiciones. Esta licencia no le autoriza a copiar, distribuir, modificar o crear trabajos derivados de ning\u00fan contenido.<\/li><\/ul><div data-zone-id=\"0\" data-line-index=\"20\" data-line=\"true\"><p class=\"heading-h2\"><strong>6. Enlaces de terceros<\/strong><\/p><\/div><div data-zone-id=\"0\" data-line-index=\"21\" data-line=\"true\">El sitio web puede contener enlaces a sitios web o servicios de terceros. Estos enlaces se proporcionan \u00fanicamente para su comodidad. No respaldamos ni controlamos estos sitios web o servicios de terceros, y no somos responsables de su contenido, pol\u00edticas de privacidad o pr\u00e1cticas. El uso de sitios web o servicios de terceros corre por su cuenta y riesgo.<\/div><div data-zone-id=\"0\" data-line-index=\"21\" data-line=\"true\">\u00a0<\/div><div data-zone-id=\"0\" data-line-index=\"22\" data-line=\"true\"><p class=\"heading-h2\"><strong>7. Renuncia de garant\u00edas<\/strong><\/p><\/div><ul><li class=\"temp-li bullet1\" data-line=\"true\" data-list=\"bullet1\">El sitio web y todos sus contenidos, servicios y funciones se ofrecen \u201ctal cual\u201d y \u201cseg\u00fan disponibilidad\u201d. No ofrecemos ninguna garant\u00eda, expresa o impl\u00edcita, incluidas, entre otras, las garant\u00edas de comerciabilidad, idoneidad para un fin determinado o no infracci\u00f3n.<\/li><\/ul><ul><li class=\"temp-li bullet1\" data-line=\"true\" data-list=\"bullet1\">No garantizamos que el Sitio Web sea ininterrumpido, est\u00e9 libre de errores, virus u otros componentes da\u00f1inos. El uso del Sitio Web se realiza bajo su propia discreci\u00f3n y riesgo.<\/li><\/ul><div data-zone-id=\"0\" data-line-index=\"25\" data-line=\"true\"><p class=\"heading-h2\"><strong>8. Limitaci\u00f3n de responsabilidad<\/strong><\/p><\/div><div data-zone-id=\"0\" data-line-index=\"26\" data-line=\"true\"><p>Aitoolsoft, sus afiliados, directores, funcionarios, empleados y licenciantes no ser\u00e1n responsables de ning\u00fan da\u00f1o indirecto, incidental, especial, consecuente o punitivo, incluyendo pero no limitado a la p\u00e9rdida de beneficios, datos o buena voluntad, que surja de o en conexi\u00f3n con el uso o la imposibilidad de usar el Sitio Web, incluso si hemos sido advertidos de la posibilidad de tales da\u00f1os. No asumimos ninguna responsabilidad por las reclamaciones derivadas o relacionadas con estas Condiciones o con el uso del Sitio Web. Si cree que el Sitio Web ha cometido alguna infracci\u00f3n, deber\u00e1 notific\u00e1rnoslo por correo electr\u00f3nico a support@aitoolsoft.com para negociar una resoluci\u00f3n.<\/p><\/div><div data-zone-id=\"0\" data-line-index=\"27\" data-line=\"true\"><p class=\"heading-h2\"><strong>9. Indemnizaci\u00f3n<\/strong><\/p><\/div><div data-zone-id=\"0\" data-line-index=\"28\" data-line=\"true\"><p>Usted se compromete a indemnizar, defender y mantener indemne a Aitoolsoft, sus afiliados, directores, funcionarios, empleados y licenciantes de y contra cualquier y toda reclamaci\u00f3n, responsabilidad, da\u00f1os, p\u00e9rdidas, costos y gastos (incluyendo honorarios razonables de abogados) que surjan de o en conexi\u00f3n con su uso del Sitio Web, su violaci\u00f3n de estos T\u00e9rminos, o su infracci\u00f3n de cualquier propiedad intelectual u otro derecho de cualquier persona o entidad.<\/p><\/div><div data-zone-id=\"0\" data-line-index=\"29\" data-line=\"true\"><p class=\"heading-h2\"><strong>10. Modificaciones de las presentes Condiciones<\/strong><\/p><\/div><div data-zone-id=\"0\" data-line-index=\"30\" data-line=\"true\">Podemos actualizar estas Condiciones de vez en cuando. Le notificaremos cualquier cambio sustancial publicando un aviso en el Sitio Web o envi\u00e1ndole un correo electr\u00f3nico a la direcci\u00f3n asociada a su cuenta. Su uso continuado del Sitio Web despu\u00e9s de la fecha efectiva de los cambios constituye su aceptaci\u00f3n de las Condiciones revisadas.<\/div><div data-zone-id=\"0\" data-line-index=\"31\" data-line=\"true\">\u00a0<\/div><div data-zone-id=\"0\" data-line-index=\"33\" data-line=\"true\"><p class=\"heading-h2\"><strong>11. Contacto<\/strong><\/p><\/div><div data-zone-id=\"0\" data-line-index=\"34\" data-line=\"true\">Si tiene alguna pregunta o duda sobre estas Condiciones, p\u00f3ngase en contacto con nosotros en support@aitoolsoft.com.<\/div><div data-zone-id=\"0\" data-line-index=\"35\" data-line=\"true\">\u00a0<\/div>\t\t\t\t\t\t\t\t<\/div>\n\t\t\t\t\t<\/div>\n\t\t\t\t<\/div>\n\t\t\t\t<\/div>","protected":false},"excerpt":{"rendered":"<p>Terms of Service 1. Acceptance of Terms By accessing or using the Aitooolsoft website (the&hellip;<\/p>","protected":false},"author":1,"featured_media":0,"parent":0,"menu_order":0,"comment_status":"closed","ping_status":"closed","template":"page-templates\/template-bloglo-fullwidth.php","meta":{"footnotes":""},"class_list":["post-126","page","type-page","status-publish","hentry"],"yoast_head":"<!-- This site is optimized with the Yoast SEO Premium plugin v25.0 (Yoast SEO v27.1.1) - https:\/\/yoast.com\/product\/yoast-seo-premium-wordpress\/ -->\n<title>Terms of Service - Aitoolsoft<\/title>\n<meta name=\"description\" content=\"By accessing or using the Aitoolsoft website (the \u201cWebsite\u201d) located at https:\/\/www.aitoolsoft.com, you (referred to as \u201cyou\u201d or \u201cyour\u201d) agree to be bound by these Terms of Service (the \u201cTerms\u201d).\" \/>\n<meta name=\"robots\" content=\"index, follow, max-snippet:-1, max-image-preview:large, max-video-preview:-1\" \/>\n<link rel=\"canonical\" href=\"https:\/\/www.aitoolsoft.com\/es\/terms.html\" \/>\n<meta property=\"og:locale\" content=\"es_ES\" \/>\n<meta property=\"og:type\" content=\"article\" \/>\n<meta property=\"og:title\" content=\"Terms of Service\" \/>\n<meta property=\"og:description\" content=\"By accessing or using the Aitoolsoft website (the \u201cWebsite\u201d) located at https:\/\/www.aitoolsoft.com, you (referred to as \u201cyou\u201d or \u201cyour\u201d) agree to be bound by these Terms of Service (the \u201cTerms\u201d).\" \/>\n<meta property=\"og:url\" content=\"https:\/\/www.aitoolsoft.com\/es\/terms.html\" \/>\n<meta property=\"og:site_name\" content=\"Aitoolsoft\" \/>\n<meta property=\"article:modified_time\" content=\"2025-09-04T05:43:18+00:00\" \/>\n<meta name=\"twitter:card\" content=\"summary_large_image\" \/>\n<meta name=\"twitter:label1\" content=\"Tiempo de lectura\" \/>\n\t<meta name=\"twitter:data1\" content=\"5 minutos\" \/>\n<script type=\"application\/ld+json\" class=\"yoast-schema-graph\">{\"@context\":\"https:\/\/schema.org\",\"@graph\":[{\"@type\":\"WebPage\",\"@id\":\"https:\/\/www.aitoolsoft.com\/terms.html\",\"url\":\"https:\/\/www.aitoolsoft.com\/terms.html\",\"name\":\"Terms of Service - Aitoolsoft\",\"isPartOf\":{\"@id\":\"https:\/\/www.aitoolsoft.com\/#website\"},\"datePublished\":\"2025-08-03T09:32:21+00:00\",\"dateModified\":\"2025-09-04T05:43:18+00:00\",\"description\":\"By accessing or using the Aitoolsoft website (the \u201cWebsite\u201d) located at https:\/\/www.aitoolsoft.com, you (referred to as \u201cyou\u201d or \u201cyour\u201d) agree to be bound by these Terms of Service (the \u201cTerms\u201d).\",\"breadcrumb\":{\"@id\":\"https:\/\/www.aitoolsoft.com\/terms.html#breadcrumb\"},\"inLanguage\":\"es\",\"potentialAction\":[{\"@type\":\"ReadAction\",\"target\":[\"https:\/\/www.aitoolsoft.com\/terms.html\"]}]},{\"@type\":\"BreadcrumbList\",\"@id\":\"https:\/\/www.aitoolsoft.com\/terms.html#breadcrumb\",\"itemListElement\":[{\"@type\":\"ListItem\",\"position\":1,\"name\":\"\u9996\u9875\",\"item\":\"https:\/\/www.aitoolsoft.com\/\"},{\"@type\":\"ListItem\",\"position\":2,\"name\":\"Terms of Service\"}]},{\"@type\":\"WebSite\",\"@id\":\"https:\/\/www.aitoolsoft.com\/#website\",\"url\":\"https:\/\/www.aitoolsoft.com\/\",\"name\":\"Aitoolsoft\",\"description\":\"AItoolsoft provide professional AI tools to help you remove image watermarks, compress images, optimize images, convert image, background editor, data visualization and more.\",\"publisher\":{\"@id\":\"https:\/\/www.aitoolsoft.com\/#organization\"},\"potentialAction\":[{\"@type\":\"SearchAction\",\"target\":{\"@type\":\"EntryPoint\",\"urlTemplate\":\"https:\/\/www.aitoolsoft.com\/?s={search_term_string}\"},\"query-input\":{\"@type\":\"PropertyValueSpecification\",\"valueRequired\":true,\"valueName\":\"search_term_string\"}}],\"inLanguage\":\"es\"},{\"@type\":\"Organization\",\"@id\":\"https:\/\/www.aitoolsoft.com\/#organization\",\"name\":\"Aitoolsoft\",\"url\":\"https:\/\/www.aitoolsoft.com\/\",\"logo\":{\"@type\":\"ImageObject\",\"inLanguage\":\"es\",\"@id\":\"https:\/\/www.aitoolsoft.com\/#\/schema\/logo\/image\/\",\"url\":\"\",\"contentUrl\":\"\",\"caption\":\"Aitoolsoft\"},\"image\":{\"@id\":\"https:\/\/www.aitoolsoft.com\/#\/schema\/logo\/image\/\"},\"publishingPrinciples\":\"https:\/\/www.aitoolsoft.com\/about-us.html\",\"ownershipFundingInfo\":\"https:\/\/www.aitoolsoft.com\/\",\"actionableFeedbackPolicy\":\"https:\/\/www.aitoolsoft.com\/contact-us.html\",\"correctionsPolicy\":\"https:\/\/www.aitoolsoft.com\/contact-us.html\",\"ethicsPolicy\":\"https:\/\/www.aitoolsoft.com\/terms.html\",\"diversityPolicy\":\"https:\/\/www.aitoolsoft.com\/terms.html\",\"diversityStaffingReport\":\"https:\/\/www.aitoolsoft.com\/contact-us.html\"}]}<\/script>\n<!-- \/ Yoast SEO Premium plugin. -->","yoast_head_json":{"title":"Condiciones del servicio - Aitoolsoft","description":"Al acceder o utilizar el sitio web de Aitoolsoft (el \u201cSitio Web\u201d), ubicado en https:\/\/www.aitoolsoft.com, usted (en adelante, \u201custed\u201d o \u201csu\u201d) acepta someterse a las presentes Condiciones del servicio (las \u201cCondiciones\u201d).","robots":{"index":"index","follow":"follow","max-snippet":"max-snippet:-1","max-image-preview":"max-image-preview:large","max-video-preview":"max-video-preview:-1"},"canonical":"https:\/\/www.aitoolsoft.com\/es\/terms.html","og_locale":"es_ES","og_type":"article","og_title":"Terms of Service","og_description":"By accessing or using the Aitoolsoft website (the \u201cWebsite\u201d) located at https:\/\/www.aitoolsoft.com, you (referred to as \u201cyou\u201d or \u201cyour\u201d) agree to be bound by these Terms of Service (the \u201cTerms\u201d).","og_url":"https:\/\/www.aitoolsoft.com\/es\/terms.html","og_site_name":"Aitoolsoft","article_modified_time":"2025-09-04T05:43:18+00:00","twitter_card":"summary_large_image","twitter_misc":{"Tiempo de lectura":"5 minutos"},"schema":{"@context":"https:\/\/schema.org","@graph":[{"@type":"WebPage","@id":"https:\/\/www.aitoolsoft.com\/terms.html","url":"https:\/\/www.aitoolsoft.com\/terms.html","name":"Condiciones del servicio - Aitoolsoft","isPartOf":{"@id":"https:\/\/www.aitoolsoft.com\/#website"},"datePublished":"2025-08-03T09:32:21+00:00","dateModified":"2025-09-04T05:43:18+00:00","description":"Al acceder o utilizar el sitio web de Aitoolsoft (el \u201cSitio Web\u201d), ubicado en https:\/\/www.aitoolsoft.com, usted (en adelante, \u201custed\u201d o \u201csu\u201d) acepta someterse a las presentes Condiciones del servicio (las \u201cCondiciones\u201d).","breadcrumb":{"@id":"https:\/\/www.aitoolsoft.com\/terms.html#breadcrumb"},"inLanguage":"es","potentialAction":[{"@type":"ReadAction","target":["https:\/\/www.aitoolsoft.com\/terms.html"]}]},{"@type":"BreadcrumbList","@id":"https:\/\/www.aitoolsoft.com\/terms.html#breadcrumb","itemListElement":[{"@type":"ListItem","position":1,"name":"\u9996\u9875","item":"https:\/\/www.aitoolsoft.com\/"},{"@type":"ListItem","position":2,"name":"Terms of Service"}]},{"@type":"WebSite","@id":"https:\/\/www.aitoolsoft.com\/#website","url":"https:\/\/www.aitoolsoft.com\/","name":"Aitoolsoft","description":"AItoolsoft proporciona herramientas profesionales de AI para ayudarle a eliminar marcas de agua de im\u00e1genes, comprimir im\u00e1genes, optimizar im\u00e1genes, convertir im\u00e1genes, editor de fondo, visualizaci\u00f3n de datos y mucho m\u00e1s.","publisher":{"@id":"https:\/\/www.aitoolsoft.com\/#organization"},"potentialAction":[{"@type":"SearchAction","target":{"@type":"EntryPoint","urlTemplate":"https:\/\/www.aitoolsoft.com\/?s={search_term_string}"},"query-input":{"@type":"PropertyValueSpecification","valueRequired":true,"valueName":"search_term_string"}}],"inLanguage":"es"},{"@type":"Organization","@id":"https:\/\/www.aitoolsoft.com\/#organization","name":"Aitoolsoft","url":"https:\/\/www.aitoolsoft.com\/","logo":{"@type":"ImageObject","inLanguage":"es","@id":"https:\/\/www.aitoolsoft.com\/#\/schema\/logo\/image\/","url":"","contentUrl":"","caption":"Aitoolsoft"},"image":{"@id":"https:\/\/www.aitoolsoft.com\/#\/schema\/logo\/image\/"},"publishingPrinciples":"https:\/\/www.aitoolsoft.com\/about-us.html","ownershipFundingInfo":"https:\/\/www.aitoolsoft.com\/","actionableFeedbackPolicy":"https:\/\/www.aitoolsoft.com\/contact-us.html","correctionsPolicy":"https:\/\/www.aitoolsoft.com\/contact-us.html","ethicsPolicy":"https:\/\/www.aitoolsoft.com\/terms.html","diversityPolicy":"https:\/\/www.aitoolsoft.com\/terms.html","diversityStaffingReport":"https:\/\/www.aitoolsoft.com\/contact-us.html"}]}},"_links":{"self":[{"href":"https:\/\/www.aitoolsoft.com\/es\/wp-json\/wp\/v2\/pages\/126","targetHints":{"allow":["GET"]}}],"collection":[{"href":"https:\/\/www.aitoolsoft.com\/es\/wp-json\/wp\/v2\/pages"}],"about":[{"href":"https:\/\/www.aitoolsoft.com\/es\/wp-json\/wp\/v2\/types\/page"}],"author":[{"embeddable":true,"href":"https:\/\/www.aitoolsoft.com\/es\/wp-json\/wp\/v2\/users\/1"}],"replies":[{"embeddable":true,"href":"https:\/\/www.aitoolsoft.com\/es\/wp-json\/wp\/v2\/comments?post=126"}],"version-history":[{"count":18,"href":"https:\/\/www.aitoolsoft.com\/es\/wp-json\/wp\/v2\/pages\/126\/revisions"}],"predecessor-version":[{"id":515,"href":"https:\/\/www.aitoolsoft.com\/es\/wp-json\/wp\/v2\/pages\/126\/revisions\/515"}],"wp:attachment":[{"href":"https:\/\/www.aitoolsoft.com\/es\/wp-json\/wp\/v2\/media?parent=126"}],"curies":[{"name":"wp","href":"https:\/\/api.w.org\/{rel}","templated":true}]}}