{"id":3,"date":"2025-03-19T10:42:50","date_gmt":"2025-03-19T02:42:50","guid":{"rendered":"http:\/\/129.204.154.172\/?page_id=3"},"modified":"2025-09-09T16:43:58","modified_gmt":"2025-09-09T08:43:58","slug":"privacy-policy","status":"publish","type":"page","link":"https:\/\/www.aitoolsoft.com\/es\/privacy-policy.html","title":{"rendered":"Pol\u00edtica de privacidad"},"content":{"rendered":"<div data-elementor-type=\"wp-page\" data-elementor-id=\"3\" class=\"elementor elementor-3\" data-elementor-post-type=\"page\">\n\t\t\t\t<div class=\"elementor-element elementor-element-40898a4 e-flex e-con-boxed e-con e-parent\" data-id=\"40898a4\" data-element_type=\"container\" data-e-type=\"container\">\n\t\t\t\t\t<div class=\"e-con-inner\">\n\t\t\t\t<div class=\"elementor-element elementor-element-598020d elementor-widget elementor-widget-text-editor\" data-id=\"598020d\" data-element_type=\"widget\" data-e-type=\"widget\" data-widget_type=\"text-editor.default\">\n\t\t\t\t\t\t\t\t\t<h1><strong>Aitoolsoft Pol\u00edtica de privacidad<\/strong><\/h1>\t\t\t\t\t\t\t\t<\/div>\n\t\t\t\t\t<\/div>\n\t\t\t\t<\/div>\n\t\t<div class=\"elementor-element elementor-element-98c9f1d e-flex e-con-boxed e-con e-parent\" data-id=\"98c9f1d\" data-element_type=\"container\" data-e-type=\"container\">\n\t\t\t\t\t<div class=\"e-con-inner\">\n\t\t\t\t<div class=\"elementor-element elementor-element-4b81185 elementor-widget elementor-widget-spacer\" data-id=\"4b81185\" data-element_type=\"widget\" data-e-type=\"widget\" data-widget_type=\"spacer.default\">\n\t\t\t\t\t\t\t<div class=\"elementor-spacer\">\n\t\t\t<div class=\"elementor-spacer-inner\"><\/div>\n\t\t<\/div>\n\t\t\t\t\t\t<\/div>\n\t\t\t\t<div class=\"elementor-element elementor-element-c895789 elementor-widget elementor-widget-text-editor\" data-id=\"c895789\" data-element_type=\"widget\" data-e-type=\"widget\" data-widget_type=\"text-editor.default\">\n\t\t\t\t\t\t\t\t\t<p><span data-leaf=\"true\"><span class=\"lb\">Esta pol\u00edtica de privacidad explica c\u00f3mo Aitoolsoft (en adelante \u201cnosotros\u201d, \u201cnos\u201d o \u201cnuestro\u201d) recopila, utiliza, divulga y protege la informaci\u00f3n que usted nos proporciona al utilizar nuestro sitio web. <\/span><\/span><a href=\"https:\/\/www.aitoolsoft.com\/es\"><span class=\"outer-u-container demo-outer-link-container\" data-inline-wrapper=\"true\"><span data-leaf=\"true\"><span class=\"lb\">ht<\/span><\/span><\/span><span class=\"outer-u-container demo-outer-link-container\" data-inline-wrapper=\"true\"><span data-leaf=\"true\"><span class=\"lb\">tps:<\/span><\/span><\/span><span class=\"outer-u-container demo-outer-link-container\" data-inline-wrapper=\"true\"><span data-leaf=\"true\"><span class=\"lb\">\/\/www<\/span><\/span><\/span><span class=\"outer-u-container demo-outer-link-container\" data-inline-wrapper=\"true\"><span data-leaf=\"true\"><span class=\"lb\">.<\/span>aitoolsoft<\/span><\/span><span class=\"outer-u-container demo-outer-link-container\" data-inline-wrapper=\"true\"><span data-leaf=\"true\"><span class=\"lb\">.com<\/span><\/span><\/span><\/a><span data-leaf=\"true\"><span class=\"lb\">. Al acceder o utilizar nuestro sitio web, usted acepta las pr\u00e1cticas descritas en la presente Pol\u00edtica de Privacidad.<\/span><\/span><\/p>\t\t\t\t\t\t\t\t<\/div>\n\t\t\t\t\t<\/div>\n\t\t\t\t<\/div>\n\t\t<div class=\"elementor-element elementor-element-f79ec23 e-flex e-con-boxed e-con e-parent\" data-id=\"f79ec23\" data-element_type=\"container\" data-e-type=\"container\">\n\t\t\t\t\t<div class=\"e-con-inner\">\n\t\t\t\t<div class=\"elementor-element elementor-element-1cb8767 elementor-widget elementor-widget-text-editor\" data-id=\"1cb8767\" data-element_type=\"widget\" data-e-type=\"widget\" data-widget_type=\"text-editor.default\">\n\t\t\t\t\t\t\t\t\t<div class=\"ace-line ol-idMimEJDFD list-div\" dir=\"auto\" data-node=\"true\">\n<ol>\n<li><strong><span class=\"lb\">Informaci\u00f3n que recopilamos<\/span><\/strong><span data-string=\"true\" data-enter=\"true\" data-leaf=\"true\">\u200b<\/span><\/li>\n<\/ol>\n<\/div>\n<div class=\"ace-line list-div\" dir=\"auto\" data-node=\"true\">\n<ul class=\"list-bullet2 r-list r-list-bullet\">\n<li><span data-leaf=\"true\"><span class=\"lb\">Informaci\u00f3n personal<\/span><\/span><span data-leaf=\"true\"><span class=\"lb\">: Podemos recoger informaci\u00f3n personal como su nombre, direcci\u00f3n de correo electr\u00f3nico y otros datos de contacto cuando usted nos los facilita voluntariamente. Esto puede ocurrir cuando se registra para obtener una cuenta, se suscribe a nuestros boletines o participa en determinadas funciones del sitio web.<\/span><\/span><span data-string=\"true\" data-enter=\"true\" data-leaf=\"true\">\u200b<\/span><\/li>\n<\/ul>\n<\/div>\n<div class=\"ace-line list-div\" dir=\"auto\" data-node=\"true\">\n<ul class=\"list-bullet2 r-list r-list-bullet\">\n<li><span data-leaf=\"true\"><span class=\"lb\">Informaci\u00f3n no personal<\/span><\/span><span data-leaf=\"true\"><span class=\"lb\">: Recogemos autom\u00e1ticamente informaci\u00f3n no personal cuando visita nuestro sitio web. Esto incluye su direcci\u00f3n IP, tipo de navegador, sistema operativo, las p\u00e1ginas que visita en nuestro sitio, y la hora y fecha de su visita. Esta informaci\u00f3n nos ayuda a analizar el tr\u00e1fico del sitio web, mejorar la experiencia del usuario y personalizar el contenido.<\/span><\/span><\/li>\n<\/ul>\n<\/div>\t\t\t\t\t\t\t\t<\/div>\n\t\t\t\t\t<\/div>\n\t\t\t\t<\/div>\n\t\t<div class=\"elementor-element elementor-element-9c392ff e-flex e-con-boxed e-con e-parent\" data-id=\"9c392ff\" data-element_type=\"container\" data-e-type=\"container\">\n\t\t\t\t\t<div class=\"e-con-inner\">\n\t\t\t\t<div class=\"elementor-element elementor-element-0d07818 elementor-widget elementor-widget-text-editor\" data-id=\"0d07818\" data-element_type=\"widget\" data-e-type=\"widget\" data-widget_type=\"text-editor.default\">\n\t\t\t\t\t\t\t\t\t<div class=\"ace-line ol-idgDr8ophN list-div\" dir=\"auto\" data-node=\"true\">\n<p><span data-leaf=\"true\"><span class=\"lb\">\u00a0 \u00a0<strong>2. C\u00f3mo utilizamos su informaci\u00f3n<\/strong><\/span><\/span><span data-string=\"true\" data-enter=\"true\" data-leaf=\"true\">\u200b<\/span><\/p>\n<\/div>\n<div class=\"ace-line list-div\" dir=\"auto\" data-node=\"true\">\n<ul class=\"list-bullet2 r-list r-list-bullet\">\n<li><span data-leaf=\"true\"><span class=\"lb\">Prestar servicios<\/span><\/span><span data-leaf=\"true\"><span class=\"lb\">: Utilizamos su informaci\u00f3n personal para proporcionarle acceso a las funciones y servicios de nuestro sitio web. Por ejemplo, si se registra para obtener una cuenta, utilizamos su informaci\u00f3n para autenticarle y proporcionarle experiencias personalizadas.<\/span><\/span><span data-string=\"true\" data-enter=\"true\" data-leaf=\"true\">\u200b<\/span><\/li>\n<\/ul>\n<\/div>\n<div class=\"ace-line list-div\" dir=\"auto\" data-node=\"true\">\n<ul class=\"list-bullet2 r-list r-list-bullet\">\n<li><span data-leaf=\"true\"><span class=\"lb\">Mejorar el sitio web<\/span><\/span><span data-leaf=\"true\"><span class=\"lb\">: La informaci\u00f3n no personal se utiliza para analizar tendencias, comprender el comportamiento de los usuarios y mejorar la funcionalidad y el dise\u00f1o de nuestro sitio web. Esto nos ayuda a satisfacer mejor las necesidades de nuestros usuarios.<\/span><\/span><span data-string=\"true\" data-enter=\"true\" data-leaf=\"true\">\u200b<\/span><\/li>\n<\/ul>\n<\/div>\n<div class=\"ace-line list-div\" dir=\"auto\" data-node=\"true\">\n<ul class=\"list-bullet2 r-list r-list-bullet\">\n<li><span data-leaf=\"true\"><span class=\"lb\">Para comunicarnos con usted<\/span><\/span><span data-leaf=\"true\"><span class=\"lb\">: Podemos utilizar su direcci\u00f3n de correo electr\u00f3nico u otra informaci\u00f3n de contacto para enviarle actualizaciones importantes sobre el sitio web, nuevas funciones o cambios en nuestras condiciones y pol\u00edticas. Tambi\u00e9n podemos enviarle correos electr\u00f3nicos promocionales si ha optado por recibir este tipo de comunicaciones.<\/span><\/span><\/li>\n<\/ul>\n<\/div>\t\t\t\t\t\t\t\t<\/div>\n\t\t\t\t\t<\/div>\n\t\t\t\t<\/div>\n\t\t<div class=\"elementor-element elementor-element-328ba0e e-flex e-con-boxed e-con e-parent\" data-id=\"328ba0e\" data-element_type=\"container\" data-e-type=\"container\">\n\t\t\t\t\t<div class=\"e-con-inner\">\n\t\t\t\t<div class=\"elementor-element elementor-element-8728dc5 elementor-widget elementor-widget-text-editor\" data-id=\"8728dc5\" data-element_type=\"widget\" data-e-type=\"widget\" data-widget_type=\"text-editor.default\">\n\t\t\t\t\t\t\t\t\t<div class=\"ace-line ol-idTgaKJkA5 list-div\" dir=\"auto\" data-node=\"true\">\n<p><span data-leaf=\"true\"><span class=\"lb\">\u00a0 \u00a0<strong>3. Divulgaci\u00f3n de su informaci\u00f3n<\/strong><\/span><\/span><span data-string=\"true\" data-enter=\"true\" data-leaf=\"true\">\u200b<\/span><\/p>\n<\/div>\n<div class=\"ace-line list-div\" dir=\"auto\" data-node=\"true\">\n<ul class=\"list-bullet2 r-list r-list-bullet\">\n<li><span data-leaf=\"true\"><span class=\"lb\">Terceros proveedores de servicios<\/span><\/span><span data-leaf=\"true\"><span class=\"lb\">: Podemos compartir su informaci\u00f3n con terceros proveedores de servicios que nos ayudan a operar el sitio web, como proveedores de alojamiento, empresas de an\u00e1lisis y proveedores de servicios de correo electr\u00f3nico. Estos terceros est\u00e1n obligados por contrato a utilizar su informaci\u00f3n \u00fanicamente para los fines que especifiquemos y a mantener su confidencialidad.<\/span><\/span><span data-string=\"true\" data-enter=\"true\" data-leaf=\"true\">\u200b<\/span><\/li>\n<\/ul>\n<\/div>\n<div class=\"ace-line list-div\" dir=\"auto\" data-node=\"true\">\n<ul class=\"list-bullet2 r-list r-list-bullet\">\n<li><span data-leaf=\"true\"><span class=\"lb\">Requisitos legales<\/span><\/span><span data-leaf=\"true\"><span class=\"lb\">: Podemos revelar su informaci\u00f3n si as\u00ed lo exige la ley, como en respuesta a una citaci\u00f3n, orden judicial o solicitud gubernamental. Tambi\u00e9n podemos revelar su informaci\u00f3n cuando creamos que es necesario para proteger nuestros derechos, propiedad o la seguridad de nuestros usuarios o del p\u00fablico.<\/span><\/span><span data-string=\"true\" data-enter=\"true\" data-leaf=\"true\">\u200b<\/span><\/li>\n<\/ul>\n<\/div>\t\t\t\t\t\t\t\t<\/div>\n\t\t\t\t\t<\/div>\n\t\t\t\t<\/div>\n\t\t<div class=\"elementor-element elementor-element-83246dd e-flex e-con-boxed e-con e-parent\" data-id=\"83246dd\" data-element_type=\"container\" data-e-type=\"container\">\n\t\t\t\t\t<div class=\"e-con-inner\">\n\t\t\t\t<div class=\"elementor-element elementor-element-8603941 elementor-widget elementor-widget-text-editor\" data-id=\"8603941\" data-element_type=\"widget\" data-e-type=\"widget\" data-widget_type=\"text-editor.default\">\n\t\t\t\t\t\t\t\t\t<div class=\"ace-line ol-idVF5Tzp0l list-div\" dir=\"auto\" data-node=\"true\">\n<p><span data-leaf=\"true\"><span class=\"lb\"><strong>\u00a0 \u00a04. 4. Seguridad de los datos<\/strong><\/span><\/span><span data-string=\"true\" data-enter=\"true\" data-leaf=\"true\">\u200b<\/span><\/p>\n<\/div>\n<ul>\n<li class=\"ace-line\" dir=\"auto\" data-node=\"true\"><span data-leaf=\"true\"><span class=\"lb\">Tomamos medidas razonables para proteger sus datos contra el acceso, la divulgaci\u00f3n, la alteraci\u00f3n o la destrucci\u00f3n no autorizados. Utilizamos tecnolog\u00edas y procedimientos de seguridad est\u00e1ndar en el sector para salvaguardar la confidencialidad e integridad de sus datos. Sin embargo, ning\u00fan m\u00e9todo de transmisi\u00f3n por Internet o almacenamiento electr\u00f3nico es 100% seguro, y no podemos garantizar la seguridad absoluta de su informaci\u00f3n.<\/span><\/span><span data-string=\"true\" data-enter=\"true\" data-leaf=\"true\">\u200b<\/span><\/li>\n<\/ul>\t\t\t\t\t\t\t\t<\/div>\n\t\t\t\t\t<\/div>\n\t\t\t\t<\/div>\n\t\t<div class=\"elementor-element elementor-element-ec86f8a e-flex e-con-boxed e-con e-parent\" data-id=\"ec86f8a\" data-element_type=\"container\" data-e-type=\"container\">\n\t\t\t\t\t<div class=\"e-con-inner\">\n\t\t\t\t<div class=\"elementor-element elementor-element-7c68cfb elementor-widget elementor-widget-text-editor\" data-id=\"7c68cfb\" data-element_type=\"widget\" data-e-type=\"widget\" data-widget_type=\"text-editor.default\">\n\t\t\t\t\t\t\t\t\t<div class=\"ace-line ol-idXrLzUHf9 list-div\" dir=\"auto\" data-node=\"true\">\n<p><span data-leaf=\"true\"><span class=\"lb\">\u00a0 <strong>\u00a05. Sus derechos<\/strong><\/span><\/span><span data-string=\"true\" data-enter=\"true\" data-leaf=\"true\">\u200b<\/span><\/p>\n<\/div>\n<div class=\"ace-line list-div\" dir=\"auto\" data-node=\"true\">\n<ul class=\"list-bullet2 r-list r-list-bullet\">\n<li><span data-leaf=\"true\"><span class=\"lb\">Acceso y correcci\u00f3n<\/span><\/span><span data-leaf=\"true\"><span class=\"lb\">: Tiene derecho a acceder a la informaci\u00f3n personal que tenemos sobre usted y a solicitar que corrijamos cualquier informaci\u00f3n inexacta o incompleta.<\/span><\/span><span data-string=\"true\" data-enter=\"true\" data-leaf=\"true\">\u200b<\/span><\/li>\n<\/ul>\n<\/div>\n<div class=\"ace-line list-div\" dir=\"auto\" data-node=\"true\">\n<ul class=\"list-bullet2 r-list r-list-bullet\">\n<li><span data-leaf=\"true\"><span class=\"lb\">Optar por no participar<\/span><\/span><span data-leaf=\"true\"><span class=\"lb\">: Puede optar por no recibir nuestros correos electr\u00f3nicos promocionales en cualquier momento siguiendo las instrucciones para darse de baja que figuran en los correos electr\u00f3nicos.<\/span><\/span><span data-string=\"true\" data-enter=\"true\" data-leaf=\"true\">\u200b<\/span><\/li>\n<\/ul>\n<\/div>\n<div class=\"ace-line list-div\" dir=\"auto\" data-node=\"true\">\n<ul class=\"list-bullet2 r-list r-list-bullet\">\n<li><span data-leaf=\"true\"><span class=\"lb\">Supresi\u00f3n<\/span><\/span><span data-leaf=\"true\"><span class=\"lb\">: Puede solicitar que eliminemos su informaci\u00f3n personal. No obstante, es posible que debamos conservar algunos datos por motivos legales o comerciales, como el cumplimiento de la legislaci\u00f3n fiscal o el mantenimiento de registros de transacciones.<\/span><\/span><\/li>\n<\/ul>\n<\/div>\t\t\t\t\t\t\t\t<\/div>\n\t\t\t\t\t<\/div>\n\t\t\t\t<\/div>\n\t\t<div class=\"elementor-element elementor-element-3734146 e-flex e-con-boxed e-con e-parent\" data-id=\"3734146\" data-element_type=\"container\" data-e-type=\"container\">\n\t\t\t\t\t<div class=\"e-con-inner\">\n\t\t\t\t<div class=\"elementor-element elementor-element-9df5c1a elementor-widget elementor-widget-text-editor\" data-id=\"9df5c1a\" data-element_type=\"widget\" data-e-type=\"widget\" data-widget_type=\"text-editor.default\">\n\t\t\t\t\t\t\t\t\t<div class=\"ace-line ol-idz8DtI6lk list-div\" dir=\"auto\" data-node=\"true\">\n<p><span data-leaf=\"true\"><span class=\"lb\">\u00a0 <strong>\u00a06. Privacidad de los ni\u00f1os<\/strong><\/span><\/span><span data-string=\"true\" data-enter=\"true\" data-leaf=\"true\">\u200b<\/span><\/p>\n<\/div>\n<ul>\n<li class=\"ace-line\" dir=\"auto\" data-node=\"true\"><span data-leaf=\"true\"><span class=\"lb\">Nuestro sitio web no est\u00e1 destinado a ni\u00f1os menores de 13 a\u00f1os. No recopilamos conscientemente informaci\u00f3n personal de ni\u00f1os menores de 13 a\u00f1os. Si tenemos conocimiento de que hemos recopilado informaci\u00f3n personal de un ni\u00f1o menor de 13 a\u00f1os, tomaremos las medidas necesarias para eliminar dicha informaci\u00f3n lo antes posible.<\/span><\/span><\/li>\n<\/ul>\t\t\t\t\t\t\t\t<\/div>\n\t\t\t\t\t<\/div>\n\t\t\t\t<\/div>\n\t\t<div class=\"elementor-element elementor-element-d457a3b e-flex e-con-boxed e-con e-parent\" data-id=\"d457a3b\" data-element_type=\"container\" data-e-type=\"container\">\n\t\t\t\t\t<div class=\"e-con-inner\">\n\t\t\t\t<div class=\"elementor-element elementor-element-b6c3e05 elementor-widget elementor-widget-text-editor\" data-id=\"b6c3e05\" data-element_type=\"widget\" data-e-type=\"widget\" data-widget_type=\"text-editor.default\">\n\t\t\t\t\t\t\t\t\t<p><span data-leaf=\"true\"><span class=\"lb\">\u00a0 \u00a0<strong>7. Modificaciones de la presente Pol\u00edtica de Privacidad<\/strong><\/span><\/span><span data-string=\"true\" data-enter=\"true\" data-leaf=\"true\">\u200b<\/span><\/p>\n<ul>\n<li class=\"ace-line\" dir=\"auto\" data-node=\"true\"><span data-leaf=\"true\"><span class=\"lb\">Podemos actualizar esta Pol\u00edtica de Privacidad de vez en cuando para reflejar cambios en nuestras pr\u00e1cticas o requisitos legales. Le notificaremos cualquier cambio sustancial publicando un aviso en nuestro sitio web o envi\u00e1ndole un correo electr\u00f3nico. Su uso continuado del sitio web despu\u00e9s de que se realicen los cambios indica su aceptaci\u00f3n de la nueva Pol\u00edtica de Privacidad.<\/span><\/span><\/li>\n<\/ul>\t\t\t\t\t\t\t\t<\/div>\n\t\t\t\t\t<\/div>\n\t\t\t\t<\/div>\n\t\t<div class=\"elementor-element elementor-element-c7746f7 e-flex e-con-boxed e-con e-parent\" data-id=\"c7746f7\" data-element_type=\"container\" data-e-type=\"container\">\n\t\t\t\t\t<div class=\"e-con-inner\">\n\t\t\t\t<div class=\"elementor-element elementor-element-5e32e84 elementor-widget elementor-widget-text-editor\" data-id=\"5e32e84\" data-element_type=\"widget\" data-e-type=\"widget\" data-widget_type=\"text-editor.default\">\n\t\t\t\t\t\t\t\t\t<div class=\"ace-line ol-idKO5XDhks list-div\" dir=\"auto\" data-node=\"true\"><p><strong><span class=\"lb\">\u00a0 \u00a08. Contacto<\/span><\/strong><span data-string=\"true\" data-enter=\"true\" data-leaf=\"true\">\u200b<\/span><\/p><\/div><ul><li class=\"ace-line\" dir=\"auto\" data-node=\"true\"><span data-leaf=\"true\"><span class=\"lb\">Si tiene alguna pregunta o duda sobre esta Pol\u00edtica de privacidad o nuestras pr\u00e1cticas en materia de datos, p\u00f3ngase en contacto con nosotros en support@aitoolsoft.com.<\/span><\/span><\/li><\/ul>\t\t\t\t\t\t\t\t<\/div>\n\t\t\t\t\t<\/div>\n\t\t\t\t<\/div>\n\t\t\t\t<\/div>","protected":false},"excerpt":{"rendered":"<p>Aitoolsoft Privacy Policy This Privacy Policy explains how Aitoolsoft (referred to as \u201cwe,\u201d \u201cus,\u201d or&hellip;<\/p>","protected":false},"author":1,"featured_media":0,"parent":0,"menu_order":0,"comment_status":"closed","ping_status":"open","template":"","meta":{"footnotes":""},"class_list":["post-3","page","type-page","status-publish","hentry"],"yoast_head":"<!-- This site is optimized with the Yoast SEO Premium plugin v25.0 (Yoast SEO v27.1.1) - https:\/\/yoast.com\/product\/yoast-seo-premium-wordpress\/ -->\n<title>Privacy Policy - Aitoolsoft<\/title>\n<meta name=\"description\" content=\"This Privacy Policy explains how Aitoolsoft (referred to as \u201cwe,\u201d \u201cus,\u201d or \u201cour\u201d) collects, uses, discloses, and safeguards the information you provide when using our website.\" \/>\n<meta name=\"robots\" content=\"index, follow, max-snippet:-1, max-image-preview:large, max-video-preview:-1\" \/>\n<link rel=\"canonical\" href=\"https:\/\/www.aitoolsoft.com\/es\/privacy-policy.html\" \/>\n<meta property=\"og:locale\" content=\"es_ES\" \/>\n<meta property=\"og:type\" content=\"article\" \/>\n<meta property=\"og:title\" content=\"Privacy Policy\" \/>\n<meta property=\"og:description\" content=\"This Privacy Policy explains how Aitoolsoft (referred to as \u201cwe,\u201d \u201cus,\u201d or \u201cour\u201d) collects, uses, discloses, and safeguards the information you provide when using our website.\" \/>\n<meta property=\"og:url\" content=\"https:\/\/www.aitoolsoft.com\/es\/privacy-policy.html\" \/>\n<meta property=\"og:site_name\" content=\"Aitoolsoft\" \/>\n<meta property=\"article:modified_time\" content=\"2025-09-09T08:43:58+00:00\" \/>\n<meta name=\"twitter:card\" content=\"summary_large_image\" \/>\n<meta name=\"twitter:label1\" content=\"Tiempo de lectura\" \/>\n\t<meta name=\"twitter:data1\" content=\"4 minutos\" \/>\n<script type=\"application\/ld+json\" class=\"yoast-schema-graph\">{\"@context\":\"https:\/\/schema.org\",\"@graph\":[{\"@type\":\"WebPage\",\"@id\":\"https:\/\/www.aitoolsoft.com\/privacy-policy.html\",\"url\":\"https:\/\/www.aitoolsoft.com\/privacy-policy.html\",\"name\":\"Privacy Policy - Aitoolsoft\",\"isPartOf\":{\"@id\":\"https:\/\/www.aitoolsoft.com\/#website\"},\"datePublished\":\"2025-03-19T02:42:50+00:00\",\"dateModified\":\"2025-09-09T08:43:58+00:00\",\"description\":\"This Privacy Policy explains how Aitoolsoft (referred to as \u201cwe,\u201d \u201cus,\u201d or \u201cour\u201d) collects, uses, discloses, and safeguards the information you provide when using our website.\",\"breadcrumb\":{\"@id\":\"https:\/\/www.aitoolsoft.com\/privacy-policy.html#breadcrumb\"},\"inLanguage\":\"es\",\"potentialAction\":[{\"@type\":\"ReadAction\",\"target\":[\"https:\/\/www.aitoolsoft.com\/privacy-policy.html\"]}]},{\"@type\":\"BreadcrumbList\",\"@id\":\"https:\/\/www.aitoolsoft.com\/privacy-policy.html#breadcrumb\",\"itemListElement\":[{\"@type\":\"ListItem\",\"position\":1,\"name\":\"\u9996\u9875\",\"item\":\"https:\/\/www.aitoolsoft.com\/\"},{\"@type\":\"ListItem\",\"position\":2,\"name\":\"Privacy Policy\"}]},{\"@type\":\"WebSite\",\"@id\":\"https:\/\/www.aitoolsoft.com\/#website\",\"url\":\"https:\/\/www.aitoolsoft.com\/\",\"name\":\"Aitoolsoft\",\"description\":\"AItoolsoft provide professional AI tools to help you remove image watermarks, compress images, optimize images, convert image, background editor, data visualization and more.\",\"publisher\":{\"@id\":\"https:\/\/www.aitoolsoft.com\/#organization\"},\"potentialAction\":[{\"@type\":\"SearchAction\",\"target\":{\"@type\":\"EntryPoint\",\"urlTemplate\":\"https:\/\/www.aitoolsoft.com\/?s={search_term_string}\"},\"query-input\":{\"@type\":\"PropertyValueSpecification\",\"valueRequired\":true,\"valueName\":\"search_term_string\"}}],\"inLanguage\":\"es\"},{\"@type\":\"Organization\",\"@id\":\"https:\/\/www.aitoolsoft.com\/#organization\",\"name\":\"Aitoolsoft\",\"url\":\"https:\/\/www.aitoolsoft.com\/\",\"logo\":{\"@type\":\"ImageObject\",\"inLanguage\":\"es\",\"@id\":\"https:\/\/www.aitoolsoft.com\/#\/schema\/logo\/image\/\",\"url\":\"\",\"contentUrl\":\"\",\"caption\":\"Aitoolsoft\"},\"image\":{\"@id\":\"https:\/\/www.aitoolsoft.com\/#\/schema\/logo\/image\/\"},\"publishingPrinciples\":\"https:\/\/www.aitoolsoft.com\/about-us.html\",\"ownershipFundingInfo\":\"https:\/\/www.aitoolsoft.com\/\",\"actionableFeedbackPolicy\":\"https:\/\/www.aitoolsoft.com\/contact-us.html\",\"correctionsPolicy\":\"https:\/\/www.aitoolsoft.com\/contact-us.html\",\"ethicsPolicy\":\"https:\/\/www.aitoolsoft.com\/terms.html\",\"diversityPolicy\":\"https:\/\/www.aitoolsoft.com\/terms.html\",\"diversityStaffingReport\":\"https:\/\/www.aitoolsoft.com\/contact-us.html\"}]}<\/script>\n<!-- \/ Yoast SEO Premium plugin. -->","yoast_head_json":{"title":"Pol\u00edtica de privacidad - Aitoolsoft","description":"Esta Pol\u00edtica de privacidad explica c\u00f3mo Aitoolsoft (en adelante \u201cnosotros\u201d, \u201cnos\u201d o \u201cnuestro\u201d) recopila, utiliza, divulga y protege la informaci\u00f3n que usted nos proporciona al utilizar nuestro sitio web.","robots":{"index":"index","follow":"follow","max-snippet":"max-snippet:-1","max-image-preview":"max-image-preview:large","max-video-preview":"max-video-preview:-1"},"canonical":"https:\/\/www.aitoolsoft.com\/es\/privacy-policy.html","og_locale":"es_ES","og_type":"article","og_title":"Privacy Policy","og_description":"This Privacy Policy explains how Aitoolsoft (referred to as \u201cwe,\u201d \u201cus,\u201d or \u201cour\u201d) collects, uses, discloses, and safeguards the information you provide when using our website.","og_url":"https:\/\/www.aitoolsoft.com\/es\/privacy-policy.html","og_site_name":"Aitoolsoft","article_modified_time":"2025-09-09T08:43:58+00:00","twitter_card":"summary_large_image","twitter_misc":{"Tiempo de lectura":"4 minutos"},"schema":{"@context":"https:\/\/schema.org","@graph":[{"@type":"WebPage","@id":"https:\/\/www.aitoolsoft.com\/privacy-policy.html","url":"https:\/\/www.aitoolsoft.com\/privacy-policy.html","name":"Pol\u00edtica de privacidad - Aitoolsoft","isPartOf":{"@id":"https:\/\/www.aitoolsoft.com\/#website"},"datePublished":"2025-03-19T02:42:50+00:00","dateModified":"2025-09-09T08:43:58+00:00","description":"Esta Pol\u00edtica de privacidad explica c\u00f3mo Aitoolsoft (en adelante \u201cnosotros\u201d, \u201cnos\u201d o \u201cnuestro\u201d) recopila, utiliza, divulga y protege la informaci\u00f3n que usted nos proporciona al utilizar nuestro sitio web.","breadcrumb":{"@id":"https:\/\/www.aitoolsoft.com\/privacy-policy.html#breadcrumb"},"inLanguage":"es","potentialAction":[{"@type":"ReadAction","target":["https:\/\/www.aitoolsoft.com\/privacy-policy.html"]}]},{"@type":"BreadcrumbList","@id":"https:\/\/www.aitoolsoft.com\/privacy-policy.html#breadcrumb","itemListElement":[{"@type":"ListItem","position":1,"name":"\u9996\u9875","item":"https:\/\/www.aitoolsoft.com\/"},{"@type":"ListItem","position":2,"name":"Privacy Policy"}]},{"@type":"WebSite","@id":"https:\/\/www.aitoolsoft.com\/#website","url":"https:\/\/www.aitoolsoft.com\/","name":"Aitoolsoft","description":"AItoolsoft proporciona herramientas profesionales de AI para ayudarle a eliminar marcas de agua de im\u00e1genes, comprimir im\u00e1genes, optimizar im\u00e1genes, convertir im\u00e1genes, editor de fondo, visualizaci\u00f3n de datos y mucho m\u00e1s.","publisher":{"@id":"https:\/\/www.aitoolsoft.com\/#organization"},"potentialAction":[{"@type":"SearchAction","target":{"@type":"EntryPoint","urlTemplate":"https:\/\/www.aitoolsoft.com\/?s={search_term_string}"},"query-input":{"@type":"PropertyValueSpecification","valueRequired":true,"valueName":"search_term_string"}}],"inLanguage":"es"},{"@type":"Organization","@id":"https:\/\/www.aitoolsoft.com\/#organization","name":"Aitoolsoft","url":"https:\/\/www.aitoolsoft.com\/","logo":{"@type":"ImageObject","inLanguage":"es","@id":"https:\/\/www.aitoolsoft.com\/#\/schema\/logo\/image\/","url":"","contentUrl":"","caption":"Aitoolsoft"},"image":{"@id":"https:\/\/www.aitoolsoft.com\/#\/schema\/logo\/image\/"},"publishingPrinciples":"https:\/\/www.aitoolsoft.com\/about-us.html","ownershipFundingInfo":"https:\/\/www.aitoolsoft.com\/","actionableFeedbackPolicy":"https:\/\/www.aitoolsoft.com\/contact-us.html","correctionsPolicy":"https:\/\/www.aitoolsoft.com\/contact-us.html","ethicsPolicy":"https:\/\/www.aitoolsoft.com\/terms.html","diversityPolicy":"https:\/\/www.aitoolsoft.com\/terms.html","diversityStaffingReport":"https:\/\/www.aitoolsoft.com\/contact-us.html"}]}},"_links":{"self":[{"href":"https:\/\/www.aitoolsoft.com\/es\/wp-json\/wp\/v2\/pages\/3","targetHints":{"allow":["GET"]}}],"collection":[{"href":"https:\/\/www.aitoolsoft.com\/es\/wp-json\/wp\/v2\/pages"}],"about":[{"href":"https:\/\/www.aitoolsoft.com\/es\/wp-json\/wp\/v2\/types\/page"}],"author":[{"embeddable":true,"href":"https:\/\/www.aitoolsoft.com\/es\/wp-json\/wp\/v2\/users\/1"}],"replies":[{"embeddable":true,"href":"https:\/\/www.aitoolsoft.com\/es\/wp-json\/wp\/v2\/comments?post=3"}],"version-history":[{"count":34,"href":"https:\/\/www.aitoolsoft.com\/es\/wp-json\/wp\/v2\/pages\/3\/revisions"}],"predecessor-version":[{"id":719,"href":"https:\/\/www.aitoolsoft.com\/es\/wp-json\/wp\/v2\/pages\/3\/revisions\/719"}],"wp:attachment":[{"href":"https:\/\/www.aitoolsoft.com\/es\/wp-json\/wp\/v2\/media?parent=3"}],"curies":[{"name":"wp","href":"https:\/\/api.w.org\/{rel}","templated":true}]}}