{"id":126,"date":"2025-08-03T17:32:21","date_gmt":"2025-08-03T09:32:21","guid":{"rendered":"http:\/\/170.106.73.112\/?page_id=126"},"modified":"2025-09-04T13:43:18","modified_gmt":"2025-09-04T05:43:18","slug":"terms","status":"publish","type":"page","link":"https:\/\/www.aitoolsoft.com\/fr\/terms.html","title":{"rendered":"Conditions d'utilisation"},"content":{"rendered":"<div data-elementor-type=\"wp-post\" data-elementor-id=\"126\" class=\"elementor elementor-126\" data-elementor-post-type=\"page\">\n\t\t\t\t<div class=\"elementor-element elementor-element-5274bec e-flex e-con-boxed e-con e-parent\" data-id=\"5274bec\" data-element_type=\"container\" data-e-type=\"container\">\n\t\t\t\t\t<div class=\"e-con-inner\">\n\t\t\t\t<div class=\"elementor-element elementor-element-cf971b0 elementor-widget elementor-widget-text-editor\" data-id=\"cf971b0\" data-element_type=\"widget\" data-e-type=\"widget\" data-widget_type=\"text-editor.default\">\n\t\t\t\t\t\t\t\t\t<h1>Conditions d'utilisation<\/h1>\t\t\t\t\t\t\t\t<\/div>\n\t\t\t\t\t<\/div>\n\t\t\t\t<\/div>\n\t\t<div class=\"elementor-element elementor-element-82d7612 e-flex e-con-boxed e-con e-parent\" data-id=\"82d7612\" data-element_type=\"container\" data-e-type=\"container\">\n\t\t\t\t\t<div class=\"e-con-inner\">\n\t\t\t\t<div class=\"elementor-element elementor-element-f8a4b2e elementor-widget elementor-widget-spacer\" data-id=\"f8a4b2e\" data-element_type=\"widget\" data-e-type=\"widget\" data-widget_type=\"spacer.default\">\n\t\t\t\t\t\t\t<div class=\"elementor-spacer\">\n\t\t\t<div class=\"elementor-spacer-inner\"><\/div>\n\t\t<\/div>\n\t\t\t\t\t\t<\/div>\n\t\t\t\t<div class=\"elementor-element elementor-element-14f234a elementor-widget elementor-widget-text-editor\" data-id=\"14f234a\" data-element_type=\"widget\" data-e-type=\"widget\" data-widget_type=\"text-editor.default\">\n\t\t\t\t\t\t\t\t\t<div data-zone-id=\"0\" data-line-index=\"2\" data-line=\"true\"><strong>1. Acceptation des conditions<\/strong><\/div><div data-zone-id=\"0\" data-line-index=\"2\" data-line=\"true\"><p>En acc\u00e9dant ou en utilisant le site web d'Aitooolsoft (le \u201csite web\u201d) situ\u00e9 \u00e0 l'adresse suivante <a href=\"https:\/\/www.aitoolsoft.com\/fr\">https:\/\/www.aitoolsoft.com<\/a>, vous (ci-apr\u00e8s d\u00e9nomm\u00e9 \u201cvous\u201d ou \u201cvotre\u201d) acceptez d'\u00eatre li\u00e9 par les pr\u00e9sentes conditions de service (ci-apr\u00e8s d\u00e9nomm\u00e9es \u201cconditions\u201d). Si vous n'acceptez pas ces conditions, vous ne devez pas utiliser le site web.<\/p><\/div><div data-zone-id=\"0\" data-line-index=\"3\" data-line=\"true\"><p class=\"heading-h2\"><strong>2. L'\u00e9ligibilit\u00e9<\/strong><\/p><\/div><div data-zone-id=\"0\" data-line-index=\"4\" data-line=\"true\">Vous devez \u00eatre \u00e2g\u00e9 d'au moins 13 ans pour utiliser le site web. En utilisant le site web, vous d\u00e9clarez et garantissez que vous avez au moins 13 ans. Si vous n'avez pas atteint l'\u00e2ge de la majorit\u00e9 dans votre juridiction, vous devez obtenir le consentement d'un parent ou d'un tuteur l\u00e9gal pour utiliser le site web, et ce parent ou ce tuteur l\u00e9gal accepte d'\u00eatre li\u00e9 par les pr\u00e9sentes conditions en votre nom.<\/div><div data-zone-id=\"0\" data-line-index=\"4\" data-line=\"true\">\u00a0<\/div><div data-zone-id=\"0\" data-line-index=\"5\" data-line=\"true\"><p class=\"heading-h2\"><strong>3. Comptes d'utilisateurs<\/strong><\/p><\/div><ul><li class=\"temp-li bullet1\" data-line=\"true\" data-list=\"bullet1\"><b>Inscription<\/b>: Pour acc\u00e9der \u00e0 certaines fonctionnalit\u00e9s du site web, il peut vous \u00eatre demand\u00e9 de cr\u00e9er un compte. Lorsque vous vous inscrivez, vous devez fournir des informations exactes, \u00e0 jour et compl\u00e8tes. Vous \u00eates responsable du maintien de la confidentialit\u00e9 des informations d'identification de votre compte, y compris votre nom d'utilisateur et votre mot de passe, et de toutes les activit\u00e9s qui se d\u00e9roulent sous votre compte.<\/li><\/ul><ul><li class=\"temp-li bullet1\" data-line=\"true\" data-list=\"bullet1\"><b>Responsabilit\u00e9 du compte<\/b>: Vous acceptez de nous informer imm\u00e9diatement de toute utilisation non autoris\u00e9e de votre compte ou de toute autre violation de la s\u00e9curit\u00e9. Nous ne pouvons \u00eatre tenus responsables de toute perte ou de tout dommage r\u00e9sultant de votre incapacit\u00e9 \u00e0 prot\u00e9ger les informations d'identification de votre compte.<\/li><\/ul><ul><li class=\"temp-li bullet1\" data-line=\"true\" data-list=\"bullet1\"><b>R\u00e9siliation du compte<\/b>: Nous nous r\u00e9servons le droit de suspendre ou de r\u00e9silier votre compte \u00e0 tout moment, sans pr\u00e9avis, si nous estimons que vous avez enfreint les pr\u00e9sentes conditions ou que vous vous \u00eates livr\u00e9 \u00e0 une activit\u00e9 frauduleuse, abusive ou ill\u00e9gale.<\/li><\/ul><div data-zone-id=\"0\" data-line-index=\"9\" data-line=\"true\"><p class=\"heading-h2\"><strong>4. Utilisation du site web<\/strong><\/p><\/div><ul><li class=\"temp-li bullet1\" data-line=\"true\" data-list=\"bullet1\"><b>Utilisation autoris\u00e9e<\/b>: Vous ne pouvez utiliser le site web que pour votre plaisir personnel et non commercial des jeux en ligne et des autres fonctions fournies. Vous acceptez de ne pas utiliser le site web \u00e0 des fins ill\u00e9gales ou en violation des pr\u00e9sentes conditions.<\/li><\/ul><ul><li class=\"temp-li bullet1\" data-line=\"true\" data-list=\"bullet1\"><b>Activit\u00e9s interdites<\/b>: Sans limitation, vous ne devez pas :<\/li><\/ul><ul><li style=\"list-style-type: none;\"><ul><li class=\"temp-li bullet2\" data-line=\"true\" data-list=\"bullet2\">T\u00e9l\u00e9charger, afficher ou transmettre tout contenu ill\u00e9gal, nuisible, mena\u00e7ant, abusif, harcelant, diffamatoire, vulgaire, obsc\u00e8ne ou autrement r\u00e9pr\u00e9hensible.<\/li><\/ul><\/li><\/ul><ul><li style=\"list-style-type: none;\"><ul><li class=\"temp-li bullet2\" data-line=\"true\" data-list=\"bullet2\">Se livrer \u00e0 toute activit\u00e9 susceptible de perturber ou d'interf\u00e9rer avec le fonctionnement du site web, y compris, mais sans s'y limiter, le piratage, les virus ou autres codes malveillants.<\/li><\/ul><\/li><\/ul><ul><li style=\"list-style-type: none;\"><ul><li class=\"temp-li bullet2\" data-line=\"true\" data-list=\"bullet2\">Tenter d'obtenir un acc\u00e8s non autoris\u00e9 \u00e0 toute partie du site Web ou au compte d'un autre utilisateur.<\/li><\/ul><\/li><\/ul><ul><li style=\"list-style-type: none;\"><ul><li class=\"temp-li bullet2\" data-line=\"true\" data-list=\"bullet2\">Utiliser le site web pour collecter ou r\u00e9colter des informations personnelles d'autres utilisateurs.<\/li><\/ul><\/li><\/ul><ul><li style=\"list-style-type: none;\"><ul><li class=\"temp-li bullet2\" data-line=\"true\" data-list=\"bullet2\">Reproduire, distribuer, modifier ou cr\u00e9er des \u0153uvres d\u00e9riv\u00e9es de tout contenu du site Web sans notre autorisation \u00e9crite pr\u00e9alable.<\/li><\/ul><\/li><\/ul><div data-zone-id=\"0\" data-line-index=\"17\" data-line=\"true\"><p class=\"heading-h2\"><strong>5. Propri\u00e9t\u00e9 intellectuelle<\/strong><\/p><\/div><ul><li class=\"temp-li bullet1\" data-line=\"true\" data-list=\"bullet1\">Tout le contenu du site web, y compris, mais sans s'y limiter, les jeux, les logiciels, les textes, les graphiques, les images, l'audio, la vid\u00e9o et les logos, est la propri\u00e9t\u00e9 de Aitoolsoft ou de ses conc\u00e9dants de licence et est prot\u00e9g\u00e9 par les lois sur les droits d'auteur, les marques commerciales et d'autres lois sur la propri\u00e9t\u00e9 intellectuelle.<\/li><\/ul><ul><li class=\"temp-li bullet1\" data-line=\"true\" data-list=\"bullet1\">Vous disposez d'une licence limit\u00e9e, non exclusive et non transf\u00e9rable vous permettant d'acc\u00e9der au contenu du site web et de l'utiliser uniquement dans le but d'utiliser le site web conform\u00e9ment aux pr\u00e9sentes conditions. Cette licence ne vous autorise pas \u00e0 copier, distribuer, modifier ou cr\u00e9er des \u0153uvres d\u00e9riv\u00e9es de tout contenu.<\/li><\/ul><div data-zone-id=\"0\" data-line-index=\"20\" data-line=\"true\"><p class=\"heading-h2\"><strong>6. Liens avec des tiers<\/strong><\/p><\/div><div data-zone-id=\"0\" data-line-index=\"21\" data-line=\"true\">Le site web peut contenir des liens vers des sites web ou des services de tiers. Ces liens ne sont fournis que pour votre commodit\u00e9. Nous n'approuvons ni ne contr\u00f4lons ces sites ou services tiers, et nous ne sommes pas responsables de leur contenu, de leurs politiques de confidentialit\u00e9 ou de leurs pratiques. L'utilisation de sites web ou de services de tiers se fait \u00e0 vos risques et p\u00e9rils.<\/div><div data-zone-id=\"0\" data-line-index=\"21\" data-line=\"true\">\u00a0<\/div><div data-zone-id=\"0\" data-line-index=\"22\" data-line=\"true\"><p class=\"heading-h2\"><strong>7. Exclusion de garantie<\/strong><\/p><\/div><ul><li class=\"temp-li bullet1\" data-line=\"true\" data-list=\"bullet1\">Le site web et l'ensemble de son contenu, de ses services et de ses caract\u00e9ristiques sont propos\u00e9s \u201cen l'\u00e9tat\u201d et \u201cselon les disponibilit\u00e9s\u201d. Nous ne donnons aucune garantie, expresse ou implicite, y compris, mais sans s'y limiter, les garanties de qualit\u00e9 marchande, d'ad\u00e9quation \u00e0 un usage particulier ou de non-violation.<\/li><\/ul><ul><li class=\"temp-li bullet1\" data-line=\"true\" data-list=\"bullet1\">Nous ne garantissons pas que le site web sera ininterrompu, exempt d'erreurs, de virus ou d'autres \u00e9l\u00e9ments nuisibles. Vous utilisez le site web \u00e0 votre propre discr\u00e9tion et \u00e0 vos propres risques.<\/li><\/ul><div data-zone-id=\"0\" data-line-index=\"25\" data-line=\"true\"><p class=\"heading-h2\"><strong>8. Limitation de la responsabilit\u00e9<\/strong><\/p><\/div><div data-zone-id=\"0\" data-line-index=\"26\" data-line=\"true\"><p>Aitoolsoft, ses soci\u00e9t\u00e9s affili\u00e9es, administrateurs, dirigeants, employ\u00e9s et conc\u00e9dants de licence ne peuvent \u00eatre tenus responsables des dommages indirects, accessoires, sp\u00e9ciaux, cons\u00e9cutifs ou punitifs, y compris, mais sans s'y limiter, la perte de b\u00e9n\u00e9fices, de donn\u00e9es ou de fonds de commerce, r\u00e9sultant de l'utilisation ou de l'incapacit\u00e9 \u00e0 utiliser le site web, m\u00eame si nous avons \u00e9t\u00e9 inform\u00e9s de l'\u00e9ventualit\u00e9 de tels dommages. Nous d\u00e9clinons toute responsabilit\u00e9 en cas de r\u00e9clamation d\u00e9coulant des pr\u00e9sentes conditions ou de l'utilisation du site web. Si vous pensez que le site web a commis un acte de contrefa\u00e7on, vous devez nous en informer par courrier \u00e9lectronique \u00e0 l'adresse support@aitoolsoft.com afin de n\u00e9gocier une solution.<\/p><\/div><div data-zone-id=\"0\" data-line-index=\"27\" data-line=\"true\"><p class=\"heading-h2\"><strong>9. Indemnisation<\/strong><\/p><\/div><div data-zone-id=\"0\" data-line-index=\"28\" data-line=\"true\"><p>Vous acceptez d'indemniser, de d\u00e9fendre et de d\u00e9gager de toute responsabilit\u00e9 Aitoolsoft, ses soci\u00e9t\u00e9s affili\u00e9es, ses administrateurs, ses dirigeants, ses employ\u00e9s et ses conc\u00e9dants de licence contre toute r\u00e9clamation, responsabilit\u00e9, dommage, perte, co\u00fbt et d\u00e9pense (y compris les frais d'avocat raisonnables) d\u00e9coulant de ou en rapport avec votre utilisation du site web, votre violation des pr\u00e9sentes conditions ou votre violation de toute propri\u00e9t\u00e9 intellectuelle ou de tout autre droit d'une personne ou d'une entit\u00e9.<\/p><\/div><div data-zone-id=\"0\" data-line-index=\"29\" data-line=\"true\"><p class=\"heading-h2\"><strong>10. Modifications des pr\u00e9sentes conditions<\/strong><\/p><\/div><div data-zone-id=\"0\" data-line-index=\"30\" data-line=\"true\">Nous pouvons mettre \u00e0 jour les pr\u00e9sentes conditions de temps \u00e0 autre. Nous vous informerons de toute modification importante en publiant un avis sur le site web ou en vous envoyant un courrier \u00e9lectronique \u00e0 l'adresse associ\u00e9e \u00e0 votre compte. En continuant \u00e0 utiliser le site web apr\u00e8s la date d'entr\u00e9e en vigueur des modifications, vous acceptez les conditions r\u00e9vis\u00e9es.<\/div><div data-zone-id=\"0\" data-line-index=\"31\" data-line=\"true\">\u00a0<\/div><div data-zone-id=\"0\" data-line-index=\"33\" data-line=\"true\"><p class=\"heading-h2\"><strong>11. Nous contacter<\/strong><\/p><\/div><div data-zone-id=\"0\" data-line-index=\"34\" data-line=\"true\">Si vous avez des questions ou des pr\u00e9occupations concernant ces conditions, veuillez nous contacter \u00e0 l'adresse support@aitoolsoft.com.<\/div><div data-zone-id=\"0\" data-line-index=\"35\" data-line=\"true\">\u00a0<\/div>\t\t\t\t\t\t\t\t<\/div>\n\t\t\t\t\t<\/div>\n\t\t\t\t<\/div>\n\t\t\t\t<\/div>","protected":false},"excerpt":{"rendered":"<p>Terms of Service 1. Acceptance of Terms By accessing or using the Aitooolsoft website (the&hellip;<\/p>","protected":false},"author":1,"featured_media":0,"parent":0,"menu_order":0,"comment_status":"closed","ping_status":"closed","template":"page-templates\/template-bloglo-fullwidth.php","meta":{"footnotes":""},"class_list":["post-126","page","type-page","status-publish","hentry"],"yoast_head":"<!-- This site is optimized with the Yoast SEO Premium plugin v25.0 (Yoast SEO v27.1.1) - https:\/\/yoast.com\/product\/yoast-seo-premium-wordpress\/ -->\n<title>Terms of Service - Aitoolsoft<\/title>\n<meta name=\"description\" content=\"By accessing or using the Aitoolsoft website (the \u201cWebsite\u201d) located at https:\/\/www.aitoolsoft.com, you (referred to as \u201cyou\u201d or \u201cyour\u201d) agree to be bound by these Terms of Service (the \u201cTerms\u201d).\" \/>\n<meta name=\"robots\" content=\"index, follow, max-snippet:-1, max-image-preview:large, max-video-preview:-1\" \/>\n<link rel=\"canonical\" href=\"https:\/\/www.aitoolsoft.com\/fr\/terms.html\" \/>\n<meta property=\"og:locale\" content=\"fr_FR\" \/>\n<meta property=\"og:type\" content=\"article\" \/>\n<meta property=\"og:title\" content=\"Terms of Service\" \/>\n<meta property=\"og:description\" content=\"By accessing or using the Aitoolsoft website (the \u201cWebsite\u201d) located at https:\/\/www.aitoolsoft.com, you (referred to as \u201cyou\u201d or \u201cyour\u201d) agree to be bound by these Terms of Service (the \u201cTerms\u201d).\" \/>\n<meta property=\"og:url\" content=\"https:\/\/www.aitoolsoft.com\/fr\/terms.html\" \/>\n<meta property=\"og:site_name\" content=\"Aitoolsoft\" \/>\n<meta property=\"article:modified_time\" content=\"2025-09-04T05:43:18+00:00\" \/>\n<meta name=\"twitter:card\" content=\"summary_large_image\" \/>\n<meta name=\"twitter:label1\" content=\"Dur\u00e9e de lecture estim\u00e9e\" \/>\n\t<meta name=\"twitter:data1\" content=\"5 minutes\" \/>\n<script type=\"application\/ld+json\" class=\"yoast-schema-graph\">{\"@context\":\"https:\/\/schema.org\",\"@graph\":[{\"@type\":\"WebPage\",\"@id\":\"https:\/\/www.aitoolsoft.com\/terms.html\",\"url\":\"https:\/\/www.aitoolsoft.com\/terms.html\",\"name\":\"Terms of Service - Aitoolsoft\",\"isPartOf\":{\"@id\":\"https:\/\/www.aitoolsoft.com\/#website\"},\"datePublished\":\"2025-08-03T09:32:21+00:00\",\"dateModified\":\"2025-09-04T05:43:18+00:00\",\"description\":\"By accessing or using the Aitoolsoft website (the \u201cWebsite\u201d) located at https:\/\/www.aitoolsoft.com, you (referred to as \u201cyou\u201d or \u201cyour\u201d) agree to be bound by these Terms of Service (the \u201cTerms\u201d).\",\"breadcrumb\":{\"@id\":\"https:\/\/www.aitoolsoft.com\/terms.html#breadcrumb\"},\"inLanguage\":\"fr-FR\",\"potentialAction\":[{\"@type\":\"ReadAction\",\"target\":[\"https:\/\/www.aitoolsoft.com\/terms.html\"]}]},{\"@type\":\"BreadcrumbList\",\"@id\":\"https:\/\/www.aitoolsoft.com\/terms.html#breadcrumb\",\"itemListElement\":[{\"@type\":\"ListItem\",\"position\":1,\"name\":\"\u9996\u9875\",\"item\":\"https:\/\/www.aitoolsoft.com\/\"},{\"@type\":\"ListItem\",\"position\":2,\"name\":\"Terms of Service\"}]},{\"@type\":\"WebSite\",\"@id\":\"https:\/\/www.aitoolsoft.com\/#website\",\"url\":\"https:\/\/www.aitoolsoft.com\/\",\"name\":\"Aitoolsoft\",\"description\":\"AItoolsoft provide professional AI tools to help you remove image watermarks, compress images, optimize images, convert image, background editor, data visualization and more.\",\"publisher\":{\"@id\":\"https:\/\/www.aitoolsoft.com\/#organization\"},\"potentialAction\":[{\"@type\":\"SearchAction\",\"target\":{\"@type\":\"EntryPoint\",\"urlTemplate\":\"https:\/\/www.aitoolsoft.com\/?s={search_term_string}\"},\"query-input\":{\"@type\":\"PropertyValueSpecification\",\"valueRequired\":true,\"valueName\":\"search_term_string\"}}],\"inLanguage\":\"fr-FR\"},{\"@type\":\"Organization\",\"@id\":\"https:\/\/www.aitoolsoft.com\/#organization\",\"name\":\"Aitoolsoft\",\"url\":\"https:\/\/www.aitoolsoft.com\/\",\"logo\":{\"@type\":\"ImageObject\",\"inLanguage\":\"fr-FR\",\"@id\":\"https:\/\/www.aitoolsoft.com\/#\/schema\/logo\/image\/\",\"url\":\"\",\"contentUrl\":\"\",\"caption\":\"Aitoolsoft\"},\"image\":{\"@id\":\"https:\/\/www.aitoolsoft.com\/#\/schema\/logo\/image\/\"},\"publishingPrinciples\":\"https:\/\/www.aitoolsoft.com\/about-us.html\",\"ownershipFundingInfo\":\"https:\/\/www.aitoolsoft.com\/\",\"actionableFeedbackPolicy\":\"https:\/\/www.aitoolsoft.com\/contact-us.html\",\"correctionsPolicy\":\"https:\/\/www.aitoolsoft.com\/contact-us.html\",\"ethicsPolicy\":\"https:\/\/www.aitoolsoft.com\/terms.html\",\"diversityPolicy\":\"https:\/\/www.aitoolsoft.com\/terms.html\",\"diversityStaffingReport\":\"https:\/\/www.aitoolsoft.com\/contact-us.html\"}]}<\/script>\n<!-- \/ Yoast SEO Premium plugin. -->","yoast_head_json":{"title":"Conditions d'utilisation - Aitoolsoft","description":"En acc\u00e9dant au site web de Aitoolsoft (le \u201csite web\u201d) situ\u00e9 \u00e0 l'adresse https:\/\/www.aitoolsoft.com ou en l'utilisant, vous (ci-apr\u00e8s d\u00e9nomm\u00e9 \u201cvous\u201d ou \u201cvotre\u201d) acceptez d'\u00eatre li\u00e9 par les pr\u00e9sentes conditions de service (les \u201cconditions\u201d).","robots":{"index":"index","follow":"follow","max-snippet":"max-snippet:-1","max-image-preview":"max-image-preview:large","max-video-preview":"max-video-preview:-1"},"canonical":"https:\/\/www.aitoolsoft.com\/fr\/terms.html","og_locale":"fr_FR","og_type":"article","og_title":"Terms of Service","og_description":"By accessing or using the Aitoolsoft website (the \u201cWebsite\u201d) located at https:\/\/www.aitoolsoft.com, you (referred to as \u201cyou\u201d or \u201cyour\u201d) agree to be bound by these Terms of Service (the \u201cTerms\u201d).","og_url":"https:\/\/www.aitoolsoft.com\/fr\/terms.html","og_site_name":"Aitoolsoft","article_modified_time":"2025-09-04T05:43:18+00:00","twitter_card":"summary_large_image","twitter_misc":{"Dur\u00e9e de lecture estim\u00e9e":"5 minutes"},"schema":{"@context":"https:\/\/schema.org","@graph":[{"@type":"WebPage","@id":"https:\/\/www.aitoolsoft.com\/terms.html","url":"https:\/\/www.aitoolsoft.com\/terms.html","name":"Conditions d'utilisation - Aitoolsoft","isPartOf":{"@id":"https:\/\/www.aitoolsoft.com\/#website"},"datePublished":"2025-08-03T09:32:21+00:00","dateModified":"2025-09-04T05:43:18+00:00","description":"En acc\u00e9dant au site web de Aitoolsoft (le \u201csite web\u201d) situ\u00e9 \u00e0 l'adresse https:\/\/www.aitoolsoft.com ou en l'utilisant, vous (ci-apr\u00e8s d\u00e9nomm\u00e9 \u201cvous\u201d ou \u201cvotre\u201d) acceptez d'\u00eatre li\u00e9 par les pr\u00e9sentes conditions de service (les \u201cconditions\u201d).","breadcrumb":{"@id":"https:\/\/www.aitoolsoft.com\/terms.html#breadcrumb"},"inLanguage":"fr-FR","potentialAction":[{"@type":"ReadAction","target":["https:\/\/www.aitoolsoft.com\/terms.html"]}]},{"@type":"BreadcrumbList","@id":"https:\/\/www.aitoolsoft.com\/terms.html#breadcrumb","itemListElement":[{"@type":"ListItem","position":1,"name":"\u9996\u9875","item":"https:\/\/www.aitoolsoft.com\/"},{"@type":"ListItem","position":2,"name":"Terms of Service"}]},{"@type":"WebSite","@id":"https:\/\/www.aitoolsoft.com\/#website","url":"https:\/\/www.aitoolsoft.com\/","name":"Aitoolsoft","description":"AItoolsoft fournit des outils professionnels d'IA pour vous aider \u00e0 supprimer les filigranes d'image, compresser les images, optimiser les images, convertir les images, \u00e9diter l'arri\u00e8re-plan, visualiser les donn\u00e9es et plus encore.","publisher":{"@id":"https:\/\/www.aitoolsoft.com\/#organization"},"potentialAction":[{"@type":"SearchAction","target":{"@type":"EntryPoint","urlTemplate":"https:\/\/www.aitoolsoft.com\/?s={search_term_string}"},"query-input":{"@type":"PropertyValueSpecification","valueRequired":true,"valueName":"search_term_string"}}],"inLanguage":"fr-FR"},{"@type":"Organization","@id":"https:\/\/www.aitoolsoft.com\/#organization","name":"Aitoolsoft","url":"https:\/\/www.aitoolsoft.com\/","logo":{"@type":"ImageObject","inLanguage":"fr-FR","@id":"https:\/\/www.aitoolsoft.com\/#\/schema\/logo\/image\/","url":"","contentUrl":"","caption":"Aitoolsoft"},"image":{"@id":"https:\/\/www.aitoolsoft.com\/#\/schema\/logo\/image\/"},"publishingPrinciples":"https:\/\/www.aitoolsoft.com\/about-us.html","ownershipFundingInfo":"https:\/\/www.aitoolsoft.com\/","actionableFeedbackPolicy":"https:\/\/www.aitoolsoft.com\/contact-us.html","correctionsPolicy":"https:\/\/www.aitoolsoft.com\/contact-us.html","ethicsPolicy":"https:\/\/www.aitoolsoft.com\/terms.html","diversityPolicy":"https:\/\/www.aitoolsoft.com\/terms.html","diversityStaffingReport":"https:\/\/www.aitoolsoft.com\/contact-us.html"}]}},"_links":{"self":[{"href":"https:\/\/www.aitoolsoft.com\/fr\/wp-json\/wp\/v2\/pages\/126","targetHints":{"allow":["GET"]}}],"collection":[{"href":"https:\/\/www.aitoolsoft.com\/fr\/wp-json\/wp\/v2\/pages"}],"about":[{"href":"https:\/\/www.aitoolsoft.com\/fr\/wp-json\/wp\/v2\/types\/page"}],"author":[{"embeddable":true,"href":"https:\/\/www.aitoolsoft.com\/fr\/wp-json\/wp\/v2\/users\/1"}],"replies":[{"embeddable":true,"href":"https:\/\/www.aitoolsoft.com\/fr\/wp-json\/wp\/v2\/comments?post=126"}],"version-history":[{"count":18,"href":"https:\/\/www.aitoolsoft.com\/fr\/wp-json\/wp\/v2\/pages\/126\/revisions"}],"predecessor-version":[{"id":515,"href":"https:\/\/www.aitoolsoft.com\/fr\/wp-json\/wp\/v2\/pages\/126\/revisions\/515"}],"wp:attachment":[{"href":"https:\/\/www.aitoolsoft.com\/fr\/wp-json\/wp\/v2\/media?parent=126"}],"curies":[{"name":"wp","href":"https:\/\/api.w.org\/{rel}","templated":true}]}}