{"id":383,"date":"2025-08-03T18:29:05","date_gmt":"2025-08-03T10:29:05","guid":{"rendered":"https:\/\/www.luckygameplus.com\/?page_id=383"},"modified":"2025-09-09T16:40:50","modified_gmt":"2025-09-09T08:40:50","slug":"contact-us","status":"publish","type":"page","link":"https:\/\/www.aitoolsoft.com\/fr\/contact-us.html","title":{"rendered":"Nous contacter"},"content":{"rendered":"<div data-elementor-type=\"wp-page\" data-elementor-id=\"383\" class=\"elementor elementor-383\" data-elementor-post-type=\"page\">\n\t\t\t\t<div class=\"elementor-element elementor-element-69149ae e-flex e-con-boxed e-con e-parent\" data-id=\"69149ae\" data-element_type=\"container\" data-e-type=\"container\">\n\t\t\t\t\t<div class=\"e-con-inner\">\n\t\t\t\t<div class=\"elementor-element elementor-element-251955b elementor-widget elementor-widget-image\" data-id=\"251955b\" data-element_type=\"widget\" data-e-type=\"widget\" data-widget_type=\"image.default\">\n\t\t\t\t\t\t\t\t\t\t\t\t\t\t\t<img data-opt-id=1848839830  fetchpriority=\"high\" decoding=\"async\" src=\"https:\/\/mlokfggnkpkq.i.optimole.com\/w:1820\/h:300\/q:mauto\/rt:fill\/g:ce\/f:best\/https:\/\/www.aitoolsoft.com\/wp-content\/uploads\/2025\/08\/Contact-Us.jpg\" title=\"Contact-Us\" alt=\"Contact-Us\" loading=\"lazy\" \/>\t\t\t\t\t\t\t\t\t\t\t\t\t\t\t<\/div>\n\t\t\t\t<div class=\"elementor-element elementor-element-37dc972 elementor-widget elementor-widget-spacer\" data-id=\"37dc972\" data-element_type=\"widget\" data-e-type=\"widget\" data-widget_type=\"spacer.default\">\n\t\t\t\t\t\t\t<div class=\"elementor-spacer\">\n\t\t\t<div class=\"elementor-spacer-inner\"><\/div>\n\t\t<\/div>\n\t\t\t\t\t\t<\/div>\n\t\t<div class=\"elementor-element elementor-element-3d3672b e-con-full e-flex e-con e-child\" data-id=\"3d3672b\" data-element_type=\"container\" data-e-type=\"container\">\n\t\t\t\t<div class=\"elementor-element elementor-element-258e52f elementor-widget elementor-widget-text-editor\" data-id=\"258e52f\" data-element_type=\"widget\" data-e-type=\"widget\" data-widget_type=\"text-editor.default\">\n\t\t\t\t\t\t\t\t\t<h1>N'h\u00e9sitez pas \u00e0 nous contacter si vous avez besoin d'aide<\/h1>\t\t\t\t\t\t\t\t<\/div>\n\t\t\t\t<div class=\"elementor-element elementor-element-4928acf elementor-widget elementor-widget-spacer\" data-id=\"4928acf\" data-element_type=\"widget\" data-e-type=\"widget\" data-widget_type=\"spacer.default\">\n\t\t\t\t\t\t\t<div class=\"elementor-spacer\">\n\t\t\t<div class=\"elementor-spacer-inner\"><\/div>\n\t\t<\/div>\n\t\t\t\t\t\t<\/div>\n\t\t\t\t<div class=\"elementor-element elementor-element-0d5b995 elementor-widget elementor-widget-text-editor\" data-id=\"0d5b995\" data-element_type=\"widget\" data-e-type=\"widget\" data-widget_type=\"text-editor.default\">\n\t\t\t\t\t\t\t\t\t<p>Nous vous remercions de l'int\u00e9r\u00eat que vous portez \u00e0 Aitoolsoft ! Nous sommes \u00e0 votre disposition pour r\u00e9pondre \u00e0 toutes vos questions, pr\u00e9occupations ou commentaires. Que vous ayez besoin d'aide avec votre compte, que vous ayez des probl\u00e8mes techniques avec l'outil ai ou que vous souhaitiez nous faire part de vos suggestions, notre \u00e9quipe est pr\u00eate \u00e0 vous aider.<\/p>\t\t\t\t\t\t\t\t<\/div>\n\t\t\t\t<\/div>\n\t\t\t\t\t<\/div>\n\t\t\t\t<\/div>\n\t\t<div class=\"elementor-element elementor-element-59e690a3 e-con-full e-flex e-con e-parent\" data-id=\"59e690a3\" data-element_type=\"container\" data-e-type=\"container\">\n\t\t<div class=\"elementor-element elementor-element-480773ba e-con-full e-flex e-con e-child\" data-id=\"480773ba\" data-element_type=\"container\" data-e-type=\"container\" data-settings=\"{&quot;background_background&quot;:&quot;classic&quot;}\">\n\t\t\t\t<div class=\"elementor-element elementor-element-3cd0769c elementor-widget elementor-widget-google_maps\" data-id=\"3cd0769c\" data-element_type=\"widget\" data-e-type=\"widget\" data-widget_type=\"google_maps.default\">\n\t\t\t\t\t\t\t<div class=\"elementor-custom-embed\">\n\t\t\t<iframe loading=\"lazy\"\n\t\t\t\t\tsrc=\"https:\/\/maps.google.com\/maps?q=Broadway%20%26%2C%20Chambers%20St%2C%20New%20York%2C%20NY%2010007%2C%20United%20States&#038;t=m&#038;z=17&#038;output=embed&#038;iwloc=near\"\n\t\t\t\t\ttitle=\"Broadway &amp;, Chambers St, New York, NY 10007, \u00c9tats-Unis\"\n\t\t\t\t\taria-label=\"Broadway &amp;, Chambers St, New York, NY 10007, \u00c9tats-Unis\"\n\t\t\t><\/iframe>\n\t\t<\/div>\n\t\t\t\t\t\t<\/div>\n\t\t\t\t<\/div>\n\t\t\t\t<div class=\"elementor-element elementor-element-0545400 elementor-align-start elementor-widget__width-initial elementor-icon-list--layout-traditional elementor-list-item-link-full_width elementor-widget elementor-widget-icon-list\" data-id=\"0545400\" data-element_type=\"widget\" data-e-type=\"widget\" data-widget_type=\"icon-list.default\">\n\t\t\t\t\t\t\t<ul class=\"elementor-icon-list-items\">\n\t\t\t\t\t\t\t<li class=\"elementor-icon-list-item\">\n\t\t\t\t\t\t\t\t\t\t<span class=\"elementor-icon-list-text\"><b>Adresse :<\/b> 123 Main Street, New York, NY 10001<\/span>\n\t\t\t\t\t\t\t\t\t<\/li>\n\t\t\t\t\t\t\t\t<li class=\"elementor-icon-list-item\">\n\t\t\t\t\t\t\t\t\t\t<span class=\"elementor-icon-list-text\"><b>Heures :<\/b> Du lundi au vendredi de 9h00 \u00e0 17h00<\/span>\n\t\t\t\t\t\t\t\t\t<\/li>\n\t\t\t\t\t\t\t\t<li class=\"elementor-icon-list-item\">\n\t\t\t\t\t\t\t\t\t\t<span class=\"elementor-icon-list-text\"><b>Courriel :<\/b> support@aitoolsoft.com<\/span>\n\t\t\t\t\t\t\t\t\t<\/li>\n\t\t\t\t\t\t<\/ul>\n\t\t\t\t\t\t<\/div>\n\t\t\t\t<\/div>\n\t\t\t\t<\/div>","protected":false},"excerpt":{"rendered":"<p>Feel Free to Contact Us if You Need Help Thank you for your interest in&hellip;<\/p>","protected":false},"author":1,"featured_media":0,"parent":0,"menu_order":0,"comment_status":"closed","ping_status":"closed","template":"","meta":{"footnotes":""},"class_list":["post-383","page","type-page","status-publish","hentry"],"yoast_head":"<!-- This site is optimized with the Yoast SEO Premium plugin v25.0 (Yoast SEO v27.1.1) - https:\/\/yoast.com\/product\/yoast-seo-premium-wordpress\/ -->\n<title>Contact Us - Aitoolsoft<\/title>\n<meta name=\"description\" content=\"If you have any trouble or questions with Aitoolsoft, please feel free to conact us via email address support@aitoolsoft.com.\" \/>\n<meta name=\"robots\" content=\"index, follow, max-snippet:-1, max-image-preview:large, max-video-preview:-1\" \/>\n<link rel=\"canonical\" href=\"https:\/\/www.aitoolsoft.com\/fr\/contact-us.html\" \/>\n<meta property=\"og:locale\" content=\"fr_FR\" \/>\n<meta property=\"og:type\" content=\"article\" \/>\n<meta property=\"og:title\" content=\"Contact Us\" \/>\n<meta property=\"og:description\" content=\"If you have any trouble or questions with Aitoolsoft, please feel free to conact us via email address support@aitoolsoft.com.\" \/>\n<meta property=\"og:url\" content=\"https:\/\/www.aitoolsoft.com\/fr\/contact-us.html\" \/>\n<meta property=\"og:site_name\" content=\"Aitoolsoft\" \/>\n<meta property=\"article:modified_time\" content=\"2025-09-09T08:40:50+00:00\" \/>\n<meta property=\"og:image\" content=\"https:\/\/mlokfggnkpkq.i.optimole.com\/w:auto\/h:auto\/q:mauto\/f:best\/https:\/\/www.aitoolsoft.com\/wp-content\/uploads\/elementor\/thumbs\/Contact-Us-r9pki8smbht8ybkn4w4b77wlgqmengm6is3fyqoypk.jpg\" \/>\n<meta name=\"twitter:card\" content=\"summary_large_image\" \/>\n<meta name=\"twitter:label1\" content=\"Dur\u00e9e de lecture estim\u00e9e\" \/>\n\t<meta name=\"twitter:data1\" content=\"1 minute\" \/>\n<script type=\"application\/ld+json\" class=\"yoast-schema-graph\">{\"@context\":\"https:\/\/schema.org\",\"@graph\":[{\"@type\":\"WebPage\",\"@id\":\"https:\/\/www.aitoolsoft.com\/contact-us.html\",\"url\":\"https:\/\/www.aitoolsoft.com\/contact-us.html\",\"name\":\"Contact Us - Aitoolsoft\",\"isPartOf\":{\"@id\":\"https:\/\/www.aitoolsoft.com\/#website\"},\"primaryImageOfPage\":{\"@id\":\"https:\/\/www.aitoolsoft.com\/contact-us.html#primaryimage\"},\"image\":{\"@id\":\"https:\/\/www.aitoolsoft.com\/contact-us.html#primaryimage\"},\"thumbnailUrl\":\"https:\/\/mlokfggnkpkq.i.optimole.com\/w:auto\/h:auto\/q:mauto\/f:best\/https:\/\/www.aitoolsoft.com\/wp-content\/uploads\/elementor\/thumbs\/Contact-Us-r9pki8smbht8ybkn4w4b77wlgqmengm6is3fyqoypk.jpg\",\"datePublished\":\"2025-08-03T10:29:05+00:00\",\"dateModified\":\"2025-09-09T08:40:50+00:00\",\"description\":\"If you have any trouble or questions with Aitoolsoft, please feel free to conact us via email address support@aitoolsoft.com.\",\"breadcrumb\":{\"@id\":\"https:\/\/www.aitoolsoft.com\/contact-us.html#breadcrumb\"},\"inLanguage\":\"fr-FR\",\"potentialAction\":[{\"@type\":\"ReadAction\",\"target\":[\"https:\/\/www.aitoolsoft.com\/contact-us.html\"]}]},{\"@type\":\"ImageObject\",\"inLanguage\":\"fr-FR\",\"@id\":\"https:\/\/www.aitoolsoft.com\/contact-us.html#primaryimage\",\"url\":\"https:\/\/mlokfggnkpkq.i.optimole.com\/w:auto\/h:auto\/q:mauto\/f:best\/https:\/\/www.aitoolsoft.com\/wp-content\/uploads\/elementor\/thumbs\/Contact-Us-r9pki8smbht8ybkn4w4b77wlgqmengm6is3fyqoypk.jpg\",\"contentUrl\":\"https:\/\/mlokfggnkpkq.i.optimole.com\/w:auto\/h:auto\/q:mauto\/f:best\/https:\/\/www.aitoolsoft.com\/wp-content\/uploads\/elementor\/thumbs\/Contact-Us-r9pki8smbht8ybkn4w4b77wlgqmengm6is3fyqoypk.jpg\"},{\"@type\":\"BreadcrumbList\",\"@id\":\"https:\/\/www.aitoolsoft.com\/contact-us.html#breadcrumb\",\"itemListElement\":[{\"@type\":\"ListItem\",\"position\":1,\"name\":\"\u9996\u9875\",\"item\":\"https:\/\/www.aitoolsoft.com\/\"},{\"@type\":\"ListItem\",\"position\":2,\"name\":\"Contact Us\"}]},{\"@type\":\"WebSite\",\"@id\":\"https:\/\/www.aitoolsoft.com\/#website\",\"url\":\"https:\/\/www.aitoolsoft.com\/\",\"name\":\"Aitoolsoft\",\"description\":\"AItoolsoft provide professional AI tools to help you remove image watermarks, compress images, optimize images, convert image, background editor, data visualization and more.\",\"publisher\":{\"@id\":\"https:\/\/www.aitoolsoft.com\/#organization\"},\"potentialAction\":[{\"@type\":\"SearchAction\",\"target\":{\"@type\":\"EntryPoint\",\"urlTemplate\":\"https:\/\/www.aitoolsoft.com\/?s={search_term_string}\"},\"query-input\":{\"@type\":\"PropertyValueSpecification\",\"valueRequired\":true,\"valueName\":\"search_term_string\"}}],\"inLanguage\":\"fr-FR\"},{\"@type\":\"Organization\",\"@id\":\"https:\/\/www.aitoolsoft.com\/#organization\",\"name\":\"Aitoolsoft\",\"url\":\"https:\/\/www.aitoolsoft.com\/\",\"logo\":{\"@type\":\"ImageObject\",\"inLanguage\":\"fr-FR\",\"@id\":\"https:\/\/www.aitoolsoft.com\/#\/schema\/logo\/image\/\",\"url\":\"\",\"contentUrl\":\"\",\"caption\":\"Aitoolsoft\"},\"image\":{\"@id\":\"https:\/\/www.aitoolsoft.com\/#\/schema\/logo\/image\/\"},\"publishingPrinciples\":\"https:\/\/www.aitoolsoft.com\/about-us.html\",\"ownershipFundingInfo\":\"https:\/\/www.aitoolsoft.com\/\",\"actionableFeedbackPolicy\":\"https:\/\/www.aitoolsoft.com\/contact-us.html\",\"correctionsPolicy\":\"https:\/\/www.aitoolsoft.com\/contact-us.html\",\"ethicsPolicy\":\"https:\/\/www.aitoolsoft.com\/terms.html\",\"diversityPolicy\":\"https:\/\/www.aitoolsoft.com\/terms.html\",\"diversityStaffingReport\":\"https:\/\/www.aitoolsoft.com\/contact-us.html\"}]}<\/script>\n<!-- \/ Yoast SEO Premium plugin. -->","yoast_head_json":{"title":"Nous contacter - Aitoolsoft","description":"Si vous avez des probl\u00e8mes ou des questions concernant Aitoolsoft, n'h\u00e9sitez pas \u00e0 nous contacter par courrier \u00e9lectronique \u00e0 l'adresse support@aitoolsoft.com.","robots":{"index":"index","follow":"follow","max-snippet":"max-snippet:-1","max-image-preview":"max-image-preview:large","max-video-preview":"max-video-preview:-1"},"canonical":"https:\/\/www.aitoolsoft.com\/fr\/contact-us.html","og_locale":"fr_FR","og_type":"article","og_title":"Contact Us","og_description":"If you have any trouble or questions with Aitoolsoft, please feel free to conact us via email address support@aitoolsoft.com.","og_url":"https:\/\/www.aitoolsoft.com\/fr\/contact-us.html","og_site_name":"Aitoolsoft","article_modified_time":"2025-09-09T08:40:50+00:00","og_image":[{"url":"https:\/\/mlokfggnkpkq.i.optimole.com\/w:auto\/h:auto\/q:mauto\/f:best\/https:\/\/www.aitoolsoft.com\/wp-content\/uploads\/elementor\/thumbs\/Contact-Us-r9pki8smbht8ybkn4w4b77wlgqmengm6is3fyqoypk.jpg","type":"","width":"","height":""}],"twitter_card":"summary_large_image","twitter_misc":{"Dur\u00e9e de lecture estim\u00e9e":"1 minute"},"schema":{"@context":"https:\/\/schema.org","@graph":[{"@type":"WebPage","@id":"https:\/\/www.aitoolsoft.com\/contact-us.html","url":"https:\/\/www.aitoolsoft.com\/contact-us.html","name":"Nous contacter - Aitoolsoft","isPartOf":{"@id":"https:\/\/www.aitoolsoft.com\/#website"},"primaryImageOfPage":{"@id":"https:\/\/www.aitoolsoft.com\/contact-us.html#primaryimage"},"image":{"@id":"https:\/\/www.aitoolsoft.com\/contact-us.html#primaryimage"},"thumbnailUrl":"https:\/\/mlokfggnkpkq.i.optimole.com\/w:auto\/h:auto\/q:mauto\/f:best\/https:\/\/www.aitoolsoft.com\/wp-content\/uploads\/elementor\/thumbs\/Contact-Us-r9pki8smbht8ybkn4w4b77wlgqmengm6is3fyqoypk.jpg","datePublished":"2025-08-03T10:29:05+00:00","dateModified":"2025-09-09T08:40:50+00:00","description":"Si vous avez des probl\u00e8mes ou des questions concernant Aitoolsoft, n'h\u00e9sitez pas \u00e0 nous contacter par courrier \u00e9lectronique \u00e0 l'adresse support@aitoolsoft.com.","breadcrumb":{"@id":"https:\/\/www.aitoolsoft.com\/contact-us.html#breadcrumb"},"inLanguage":"fr-FR","potentialAction":[{"@type":"ReadAction","target":["https:\/\/www.aitoolsoft.com\/contact-us.html"]}]},{"@type":"ImageObject","inLanguage":"fr-FR","@id":"https:\/\/www.aitoolsoft.com\/contact-us.html#primaryimage","url":"https:\/\/mlokfggnkpkq.i.optimole.com\/w:auto\/h:auto\/q:mauto\/f:best\/https:\/\/www.aitoolsoft.com\/wp-content\/uploads\/elementor\/thumbs\/Contact-Us-r9pki8smbht8ybkn4w4b77wlgqmengm6is3fyqoypk.jpg","contentUrl":"https:\/\/mlokfggnkpkq.i.optimole.com\/w:auto\/h:auto\/q:mauto\/f:best\/https:\/\/www.aitoolsoft.com\/wp-content\/uploads\/elementor\/thumbs\/Contact-Us-r9pki8smbht8ybkn4w4b77wlgqmengm6is3fyqoypk.jpg"},{"@type":"BreadcrumbList","@id":"https:\/\/www.aitoolsoft.com\/contact-us.html#breadcrumb","itemListElement":[{"@type":"ListItem","position":1,"name":"\u9996\u9875","item":"https:\/\/www.aitoolsoft.com\/"},{"@type":"ListItem","position":2,"name":"Contact Us"}]},{"@type":"WebSite","@id":"https:\/\/www.aitoolsoft.com\/#website","url":"https:\/\/www.aitoolsoft.com\/","name":"Aitoolsoft","description":"AItoolsoft fournit des outils professionnels d'IA pour vous aider \u00e0 supprimer les filigranes d'image, compresser les images, optimiser les images, convertir les images, \u00e9diter l'arri\u00e8re-plan, visualiser les donn\u00e9es et plus encore.","publisher":{"@id":"https:\/\/www.aitoolsoft.com\/#organization"},"potentialAction":[{"@type":"SearchAction","target":{"@type":"EntryPoint","urlTemplate":"https:\/\/www.aitoolsoft.com\/?s={search_term_string}"},"query-input":{"@type":"PropertyValueSpecification","valueRequired":true,"valueName":"search_term_string"}}],"inLanguage":"fr-FR"},{"@type":"Organization","@id":"https:\/\/www.aitoolsoft.com\/#organization","name":"Aitoolsoft","url":"https:\/\/www.aitoolsoft.com\/","logo":{"@type":"ImageObject","inLanguage":"fr-FR","@id":"https:\/\/www.aitoolsoft.com\/#\/schema\/logo\/image\/","url":"","contentUrl":"","caption":"Aitoolsoft"},"image":{"@id":"https:\/\/www.aitoolsoft.com\/#\/schema\/logo\/image\/"},"publishingPrinciples":"https:\/\/www.aitoolsoft.com\/about-us.html","ownershipFundingInfo":"https:\/\/www.aitoolsoft.com\/","actionableFeedbackPolicy":"https:\/\/www.aitoolsoft.com\/contact-us.html","correctionsPolicy":"https:\/\/www.aitoolsoft.com\/contact-us.html","ethicsPolicy":"https:\/\/www.aitoolsoft.com\/terms.html","diversityPolicy":"https:\/\/www.aitoolsoft.com\/terms.html","diversityStaffingReport":"https:\/\/www.aitoolsoft.com\/contact-us.html"}]}},"_links":{"self":[{"href":"https:\/\/www.aitoolsoft.com\/fr\/wp-json\/wp\/v2\/pages\/383","targetHints":{"allow":["GET"]}}],"collection":[{"href":"https:\/\/www.aitoolsoft.com\/fr\/wp-json\/wp\/v2\/pages"}],"about":[{"href":"https:\/\/www.aitoolsoft.com\/fr\/wp-json\/wp\/v2\/types\/page"}],"author":[{"embeddable":true,"href":"https:\/\/www.aitoolsoft.com\/fr\/wp-json\/wp\/v2\/users\/1"}],"replies":[{"embeddable":true,"href":"https:\/\/www.aitoolsoft.com\/fr\/wp-json\/wp\/v2\/comments?post=383"}],"version-history":[{"count":34,"href":"https:\/\/www.aitoolsoft.com\/fr\/wp-json\/wp\/v2\/pages\/383\/revisions"}],"predecessor-version":[{"id":713,"href":"https:\/\/www.aitoolsoft.com\/fr\/wp-json\/wp\/v2\/pages\/383\/revisions\/713"}],"wp:attachment":[{"href":"https:\/\/www.aitoolsoft.com\/fr\/wp-json\/wp\/v2\/media?parent=383"}],"curies":[{"name":"wp","href":"https:\/\/api.w.org\/{rel}","templated":true}]}}