{"id":421,"date":"2025-08-03T19:21:38","date_gmt":"2025-08-03T11:21:38","guid":{"rendered":"https:\/\/www.luckygameplus.com\/?page_id=421"},"modified":"2025-09-04T14:16:57","modified_gmt":"2025-09-04T06:16:57","slug":"about-us","status":"publish","type":"page","link":"https:\/\/www.aitoolsoft.com\/fr\/about-us.html","title":{"rendered":"\u00c0 propos de nous"},"content":{"rendered":"<div data-elementor-type=\"wp-page\" data-elementor-id=\"421\" class=\"elementor elementor-421\" data-elementor-post-type=\"page\">\n\t\t\t\t<div class=\"elementor-element elementor-element-44b54ac e-flex e-con-boxed e-con e-parent\" data-id=\"44b54ac\" data-element_type=\"container\" data-e-type=\"container\">\n\t\t\t\t\t<div class=\"e-con-inner\">\n\t\t\t\t<div class=\"elementor-element elementor-element-fa2e910 elementor-widget elementor-widget-spacer\" data-id=\"fa2e910\" data-element_type=\"widget\" data-e-type=\"widget\" data-widget_type=\"spacer.default\">\n\t\t\t\t\t\t\t<div class=\"elementor-spacer\">\n\t\t\t<div class=\"elementor-spacer-inner\"><\/div>\n\t\t<\/div>\n\t\t\t\t\t\t<\/div>\n\t\t\t\t\t<\/div>\n\t\t\t\t<\/div>\n\t\t<div class=\"elementor-element elementor-element-934afdf e-flex e-con-boxed e-con e-parent\" data-id=\"934afdf\" data-element_type=\"container\" data-e-type=\"container\">\n\t\t\t\t\t<div class=\"e-con-inner\">\n\t\t\t\t<div class=\"elementor-element elementor-element-22dc624 elementor-widget elementor-widget-text-editor\" data-id=\"22dc624\" data-element_type=\"widget\" data-e-type=\"widget\" data-widget_type=\"text-editor.default\">\n\t\t\t\t\t\t\t\t\t<h1>\u00c0 propos de nous<\/h1>\t\t\t\t\t\t\t\t<\/div>\n\t\t\t\t<div class=\"elementor-element elementor-element-17abc14 elementor-widget elementor-widget-spacer\" data-id=\"17abc14\" data-element_type=\"widget\" data-e-type=\"widget\" data-widget_type=\"spacer.default\">\n\t\t\t\t\t\t\t<div class=\"elementor-spacer\">\n\t\t\t<div class=\"elementor-spacer-inner\"><\/div>\n\t\t<\/div>\n\t\t\t\t\t\t<\/div>\n\t\t\t\t\t<\/div>\n\t\t\t\t<\/div>\n\t\t<div class=\"elementor-element elementor-element-747e85f e-flex e-con-boxed e-con e-parent\" data-id=\"747e85f\" data-element_type=\"container\" data-e-type=\"container\">\n\t\t\t\t\t<div class=\"e-con-inner\">\n\t\t\t\t<div class=\"elementor-element elementor-element-d72f3bb elementor-widget elementor-widget-text-editor\" data-id=\"d72f3bb\" data-element_type=\"widget\" data-e-type=\"widget\" data-widget_type=\"text-editor.default\">\n\t\t\t\t\t\t\t\t\t<p>Chez Aitoolsoft, nous cr\u00e9ons des outils d'IA intuitifs et performants afin de simplifier le traitement des images pour les utilisateurs du monde entier, qu'ils soient professionnels ou particuliers. Notre principe de base : rendre l'IA avanc\u00e9e accessible \u00e0 tous, afin de gagner du temps et d'am\u00e9liorer la qualit\u00e9 du contenu visuel.<\/p>\t\t\t\t\t\t\t\t<\/div>\n\t\t\t\t<div class=\"elementor-element elementor-element-edf0728 elementor-widget elementor-widget-spacer\" data-id=\"edf0728\" data-element_type=\"widget\" data-e-type=\"widget\" data-widget_type=\"spacer.default\">\n\t\t\t\t\t\t\t<div class=\"elementor-spacer\">\n\t\t\t<div class=\"elementor-spacer-inner\"><\/div>\n\t\t<\/div>\n\t\t\t\t\t\t<\/div>\n\t\t\t\t\t<\/div>\n\t\t\t\t<\/div>\n\t\t<div class=\"elementor-element elementor-element-8a5cc45 e-grid e-con-boxed e-con e-parent\" data-id=\"8a5cc45\" data-element_type=\"container\" data-e-type=\"container\">\n\t\t\t\t\t<div class=\"e-con-inner\">\n\t\t\t\t<div class=\"elementor-element elementor-element-5ee76b6 elementor-widget elementor-widget-text-editor\" data-id=\"5ee76b6\" data-element_type=\"widget\" data-e-type=\"widget\" data-widget_type=\"text-editor.default\">\n\t\t\t\t\t\t\t\t\t<h2 class=\"ace-line heading-h2\" dir=\"auto\" data-node=\"true\"><span data-leaf=\"true\"><span class=\"lb\">Notre histoire<\/span><\/span><\/h2><div class=\"ace-line heading-h2\" dir=\"auto\" data-node=\"true\"><span data-string=\"true\" data-enter=\"true\" data-leaf=\"true\">\u200b<\/span><\/div><div class=\"ace-line\" dir=\"auto\" data-node=\"true\"><div class=\"ace-line\" dir=\"auto\" data-node=\"true\">Aitoolsoft a vu le jour parce que de nombreuses personnes sont confront\u00e9es \u00e0 des t\u00e2ches fastidieuses li\u00e9es \u00e0 l'image (suppression de filigrane, compression, optimisation) en raison d'outils traditionnels complexes ou co\u00fbteux. Notre \u00e9quipe d'ing\u00e9nieurs et de concepteurs en IA a cr\u00e9\u00e9 une meilleure solution : Des outils automatis\u00e9s par l'IA avec des interfaces simples. Nous perfectionnons maintenant les outils en fonction des commentaires des utilisateurs et nous \u00e9largissons notre gamme pour am\u00e9liorer l'efficacit\u00e9.<\/div><\/div>\t\t\t\t\t\t\t\t<\/div>\n\t\t\t\t<div class=\"elementor-element elementor-element-3c40bc0 elementor-widget elementor-widget-image\" data-id=\"3c40bc0\" data-element_type=\"widget\" data-e-type=\"widget\" data-widget_type=\"image.default\">\n\t\t\t\t\t\t\t\t\t\t\t\t\t\t\t<img data-opt-id=1976874399  fetchpriority=\"high\" decoding=\"async\" width=\"1024\" height=\"576\" src=\"https:\/\/mlokfggnkpkq.i.optimole.com\/w:1024\/h:576\/q:mauto\/f:best\/https:\/\/www.aitoolsoft.com\/wp-content\/uploads\/2025\/09\/aitooolsoft-aboutus.png\" class=\"attachment-large size-large wp-image-520\" alt=\"aitooolsoft-about-us\" srcset=\"https:\/\/mlokfggnkpkq.i.optimole.com\/w:1536\/h:864\/q:mauto\/f:best\/https:\/\/www.aitoolsoft.com\/wp-content\/uploads\/2025\/09\/aitooolsoft-aboutus.png 1536w, https:\/\/mlokfggnkpkq.i.optimole.com\/w:300\/h:169\/q:mauto\/f:best\/https:\/\/www.aitoolsoft.com\/wp-content\/uploads\/2025\/09\/aitooolsoft-aboutus.png 300w, https:\/\/mlokfggnkpkq.i.optimole.com\/w:1024\/h:576\/q:mauto\/f:best\/https:\/\/www.aitoolsoft.com\/wp-content\/uploads\/2025\/09\/aitooolsoft-aboutus.png 1024w, https:\/\/mlokfggnkpkq.i.optimole.com\/w:768\/h:432\/q:mauto\/f:best\/https:\/\/www.aitoolsoft.com\/wp-content\/uploads\/2025\/09\/aitooolsoft-aboutus.png 768w\" sizes=\"(max-width: 1024px) 100vw, 1024px\" \/>\t\t\t\t\t\t\t\t\t\t\t\t\t\t\t<\/div>\n\t\t\t\t<div class=\"elementor-element elementor-element-d20e96d elementor-widget elementor-widget-spacer\" data-id=\"d20e96d\" data-element_type=\"widget\" data-e-type=\"widget\" data-widget_type=\"spacer.default\">\n\t\t\t\t\t\t\t<div class=\"elementor-spacer\">\n\t\t\t<div class=\"elementor-spacer-inner\"><\/div>\n\t\t<\/div>\n\t\t\t\t\t\t<\/div>\n\t\t\t\t\t<\/div>\n\t\t\t\t<\/div>\n\t\t<div class=\"elementor-element elementor-element-37f13aa e-grid e-con-boxed e-con e-parent\" data-id=\"37f13aa\" data-element_type=\"container\" data-e-type=\"container\">\n\t\t\t\t\t<div class=\"e-con-inner\">\n\t\t\t\t<div class=\"elementor-element elementor-element-1b82a24 elementor-widget elementor-widget-image\" data-id=\"1b82a24\" data-element_type=\"widget\" data-e-type=\"widget\" data-widget_type=\"image.default\">\n\t\t\t\t\t\t\t\t\t\t\t\t\t\t\t<img data-opt-id=1710417024  fetchpriority=\"high\" decoding=\"async\" width=\"1024\" height=\"576\" src=\"https:\/\/mlokfggnkpkq.i.optimole.com\/w:1024\/h:576\/q:mauto\/f:best\/https:\/\/www.aitoolsoft.com\/wp-content\/uploads\/2025\/09\/aitoolsoft-ourmission.png\" class=\"attachment-large size-large wp-image-519\" alt=\"aitoolsoft-notre-mission\" srcset=\"https:\/\/mlokfggnkpkq.i.optimole.com\/w:1536\/h:864\/q:mauto\/f:best\/https:\/\/www.aitoolsoft.com\/wp-content\/uploads\/2025\/09\/aitoolsoft-ourmission.png 1536w, https:\/\/mlokfggnkpkq.i.optimole.com\/w:300\/h:169\/q:mauto\/f:best\/https:\/\/www.aitoolsoft.com\/wp-content\/uploads\/2025\/09\/aitoolsoft-ourmission.png 300w, https:\/\/mlokfggnkpkq.i.optimole.com\/w:1024\/h:576\/q:mauto\/f:best\/https:\/\/www.aitoolsoft.com\/wp-content\/uploads\/2025\/09\/aitoolsoft-ourmission.png 1024w, https:\/\/mlokfggnkpkq.i.optimole.com\/w:768\/h:432\/q:mauto\/f:best\/https:\/\/www.aitoolsoft.com\/wp-content\/uploads\/2025\/09\/aitoolsoft-ourmission.png 768w\" sizes=\"(max-width: 1024px) 100vw, 1024px\" \/>\t\t\t\t\t\t\t\t\t\t\t\t\t\t\t<\/div>\n\t\t\t\t<div class=\"elementor-element elementor-element-907df6c elementor-widget elementor-widget-text-editor\" data-id=\"907df6c\" data-element_type=\"widget\" data-e-type=\"widget\" data-widget_type=\"text-editor.default\">\n\t\t\t\t\t\t\t\t\t<div class=\"ace-line heading-h2\" dir=\"auto\" data-node=\"true\"><h2 class=\"ace-line heading-h2\" dir=\"auto\" data-node=\"true\"><span data-leaf=\"true\"><span class=\"lb\">Notre mission<\/span><\/span><\/h2><div class=\"ace-line heading-h2\" dir=\"auto\" data-node=\"true\"><span data-string=\"true\" data-enter=\"true\" data-leaf=\"true\">\u200b<\/span><\/div><div class=\"ace-line\" dir=\"auto\" data-node=\"true\"><div class=\"ace-line\" dir=\"auto\" data-node=\"true\"><span data-leaf=\"true\"><span class=\"lb\">Permettre aux utilisateurs de lib\u00e9rer le potentiel du contenu visuel gr\u00e2ce \u00e0 des outils d'IA accessibles. Nous visons \u00e0 :<\/span><\/span><span data-string=\"true\" data-enter=\"true\" data-leaf=\"true\">\u200b<\/span><\/div><div class=\"ace-line list-div\" dir=\"auto\" data-node=\"true\"><ul class=\"list-bullet1 r-list r-list-bullet\"><li>\u00c9liminer les obstacles au traitement des images de qualit\u00e9 en fonction des comp\u00e9tences<span data-string=\"true\" data-enter=\"true\" data-leaf=\"true\">\u200b<\/span><\/li><\/ul><\/div><div class=\"ace-line list-div\" dir=\"auto\" data-node=\"true\"><ul class=\"list-bullet1 r-list r-list-bullet\"><li><span data-leaf=\"true\"><span class=\"lb\">Innover pour r\u00e9pondre \u00e0 l'\u00e9volution des besoins et des tendances<\/span><\/span><span data-string=\"true\" data-enter=\"true\" data-leaf=\"true\">\u200b<\/span><\/li><\/ul><\/div><div class=\"ace-line list-div\" dir=\"auto\" data-node=\"true\"><ul class=\"list-bullet1 r-list r-list-bullet\"><li><span data-leaf=\"true\"><span class=\"lb\">Des r\u00e9sultats fiables et rapides<\/span><\/span><span data-string=\"true\" data-enter=\"true\" data-leaf=\"true\">\u200b<\/span><\/li><\/ul><\/div><div class=\"ace-line list-div\" dir=\"auto\" data-node=\"true\"><ul class=\"list-bullet1 r-list r-list-bullet\"><li><span data-leaf=\"true\"><span class=\"lb\">Construire une plateforme de confiance pour les besoins essentiels en mati\u00e8re d'image<\/span><\/span><\/li><\/ul><\/div><\/div><\/div>\t\t\t\t\t\t\t\t<\/div>\n\t\t\t\t<div class=\"elementor-element elementor-element-de7d512 elementor-widget elementor-widget-spacer\" data-id=\"de7d512\" data-element_type=\"widget\" data-e-type=\"widget\" data-widget_type=\"spacer.default\">\n\t\t\t\t\t\t\t<div class=\"elementor-spacer\">\n\t\t\t<div class=\"elementor-spacer-inner\"><\/div>\n\t\t<\/div>\n\t\t\t\t\t\t<\/div>\n\t\t\t\t\t<\/div>\n\t\t\t\t<\/div>\n\t\t<div class=\"elementor-element elementor-element-9056949 e-grid e-con-boxed e-con e-parent\" data-id=\"9056949\" data-element_type=\"container\" data-e-type=\"container\">\n\t\t\t\t\t<div class=\"e-con-inner\">\n\t\t\t\t<div class=\"elementor-element elementor-element-fef074c elementor-widget elementor-widget-text-editor\" data-id=\"fef074c\" data-element_type=\"widget\" data-e-type=\"widget\" data-widget_type=\"text-editor.default\">\n\t\t\t\t\t\t\t\t\t<div class=\"ace-line heading-h2\" dir=\"auto\" data-node=\"true\"><h2 class=\"ace-line heading-h2\" dir=\"auto\" data-node=\"true\"><span data-leaf=\"true\"><span class=\"lb\">Ce que nous offrons<\/span><\/span><\/h2><div class=\"ace-line heading-h2\" dir=\"auto\" data-node=\"true\">\u00a0<\/div><div class=\"ace-line\" dir=\"auto\" data-node=\"true\"><div class=\"ace-line\" dir=\"auto\" data-node=\"true\"><span data-leaf=\"true\"><span class=\"lb\">Les outils d'IA d'aujourd'hui permettent de r\u00e9soudre les principaux probl\u00e8mes li\u00e9s \u00e0 l'image :<\/span><\/span><\/div><div class=\"ace-line list-div\" dir=\"auto\" data-node=\"true\"><ul class=\"list-bullet1 r-list r-list-bullet\"><li>Suppression du filigrane : Supprimez les marques ind\u00e9sirables pour tous les cas<\/li><\/ul><\/div><div class=\"ace-line list-div\" dir=\"auto\" data-node=\"true\"><ul class=\"list-bullet1 r-list r-list-bullet\"><li><span data-leaf=\"true\"><span class=\"lb\">Compression d'images<\/span><\/span><span data-leaf=\"true\"><span class=\"lb\">: R\u00e9duire les fichiers tout en pr\u00e9servant la clart\u00e9<\/span><\/span><\/li><\/ul><\/div><div class=\"ace-line list-div\" dir=\"auto\" data-node=\"true\"><ul class=\"list-bullet1 r-list r-list-bullet\"><li><span data-leaf=\"true\"><span class=\"lb\">Optimisation de l'image<\/span><\/span><span data-leaf=\"true\"><span class=\"lb\">: Am\u00e9liorer les couleurs, affiner la r\u00e9solution<\/span><\/span><\/li><\/ul><\/div><div class=\"ace-line\" dir=\"auto\" data-node=\"true\"><span data-leaf=\"true\"><span class=\"lb\">Nous d\u00e9velopperons bient\u00f4t d'autres outils pour r\u00e9pondre \u00e0 d'autres besoins en mati\u00e8re d'\u00e9dition d'images.<\/span><\/span><\/div><\/div><\/div>\t\t\t\t\t\t\t\t<\/div>\n\t\t\t\t<div class=\"elementor-element elementor-element-f8db402 elementor-widget elementor-widget-image\" data-id=\"f8db402\" data-element_type=\"widget\" data-e-type=\"widget\" data-widget_type=\"image.default\">\n\t\t\t\t\t\t\t\t\t\t\t\t\t\t\t<img data-opt-id=175165152  data-opt-src=\"https:\/\/mlokfggnkpkq.i.optimole.com\/w:1024\/h:576\/q:mauto\/f:best\/https:\/\/www.aitoolsoft.com\/wp-content\/uploads\/2025\/09\/aitoolsoft-what-we-offer.png\"  decoding=\"async\" width=\"1024\" height=\"576\" src=\"data:image/svg+xml,%3Csvg%20viewBox%3D%220%200%201024%20576%22%20width%3D%221024%22%20height%3D%22576%22%20xmlns%3D%22http%3A%2F%2Fwww.w3.org%2F2000%2Fsvg%22%3E%3Crect%20width%3D%221024%22%20height%3D%22576%22%20fill%3D%22transparent%22%2F%3E%3C%2Fsvg%3E\" class=\"attachment-large size-large wp-image-521\" alt=\"aitoolsoft-what-we-offer\" old-srcset=\"https:\/\/mlokfggnkpkq.i.optimole.com\/w:1536\/h:864\/q:mauto\/f:best\/https:\/\/www.aitoolsoft.com\/wp-content\/uploads\/2025\/09\/aitoolsoft-what-we-offer.png 1536w, https:\/\/mlokfggnkpkq.i.optimole.com\/w:300\/h:169\/q:mauto\/f:best\/https:\/\/www.aitoolsoft.com\/wp-content\/uploads\/2025\/09\/aitoolsoft-what-we-offer.png 300w, https:\/\/mlokfggnkpkq.i.optimole.com\/w:1024\/h:576\/q:mauto\/f:best\/https:\/\/www.aitoolsoft.com\/wp-content\/uploads\/2025\/09\/aitoolsoft-what-we-offer.png 1024w, https:\/\/mlokfggnkpkq.i.optimole.com\/w:768\/h:432\/q:mauto\/f:best\/https:\/\/www.aitoolsoft.com\/wp-content\/uploads\/2025\/09\/aitoolsoft-what-we-offer.png 768w\" \/>\t\t\t\t\t\t\t\t\t\t\t\t\t\t\t<\/div>\n\t\t\t\t\t<\/div>\n\t\t\t\t<\/div>\n\t\t<div class=\"elementor-element elementor-element-4b83188 e-flex e-con-boxed e-con e-parent\" data-id=\"4b83188\" data-element_type=\"container\" data-e-type=\"container\">\n\t\t\t\t\t<div class=\"e-con-inner\">\n\t\t\t\t<div class=\"elementor-element elementor-element-19adee8 elementor-widget elementor-widget-spacer\" data-id=\"19adee8\" data-element_type=\"widget\" data-e-type=\"widget\" data-widget_type=\"spacer.default\">\n\t\t\t\t\t\t\t<div class=\"elementor-spacer\">\n\t\t\t<div class=\"elementor-spacer-inner\"><\/div>\n\t\t<\/div>\n\t\t\t\t\t\t<\/div>\n\t\t\t\t\t<\/div>\n\t\t\t\t<\/div>\n\t\t<div class=\"elementor-element elementor-element-0182902 e-flex e-con-boxed e-con e-parent\" data-id=\"0182902\" data-element_type=\"container\" data-e-type=\"container\">\n\t\t\t\t\t<div class=\"e-con-inner\">\n\t\t\t\t<div class=\"elementor-element elementor-element-10a408e elementor-widget elementor-widget-text-editor\" data-id=\"10a408e\" data-element_type=\"widget\" data-e-type=\"widget\" data-widget_type=\"text-editor.default\">\n\t\t\t\t\t\t\t\t\t<h2 class=\"ace-line heading-h2\" dir=\"auto\" data-node=\"true\"><span data-leaf=\"true\"><span class=\"lb\">Rejoignez-nous<\/span><\/span><span data-string=\"true\" data-enter=\"true\" data-leaf=\"true\">\u200b<\/span><\/h2><div dir=\"auto\" data-node=\"true\">\u00a0<\/div><div class=\"ace-line\" dir=\"auto\" data-node=\"true\"><span data-leaf=\"true\"><span class=\"lb\">Merci de faire partie de la famille Aitoolsoft. Nous travaillons en permanence sur de nouveaux outils et de nouvelles mises \u00e0 jour afin d'am\u00e9liorer votre exp\u00e9rience. N'h\u00e9sitez pas \u00e0 nous contacter pour nous faire part de vos commentaires ! Nous vous souhaitons encore plus de plaisir avec les outils d'aide \u00e0 l'apprentissage !<\/span><\/span><\/div>\t\t\t\t\t\t\t\t<\/div>\n\t\t\t\t\t<\/div>\n\t\t\t\t<\/div>\n\t\t\t\t<\/div>","protected":false},"excerpt":{"rendered":"<p>\u00c0 propos de nous Chez Aitoolsoft, nous cr\u00e9ons des outils d'IA intuitifs et performants pour simplifier le traitement d'images pour...<\/p>","protected":false},"author":1,"featured_media":0,"parent":0,"menu_order":0,"comment_status":"closed","ping_status":"closed","template":"","meta":{"footnotes":""},"class_list":["post-421","page","type-page","status-publish","hentry"],"yoast_head":"<!-- This site is optimized with the Yoast SEO Premium plugin v25.0 (Yoast SEO v27.1.1) - https:\/\/yoast.com\/product\/yoast-seo-premium-wordpress\/ -->\n<title>About Us - Aitoolsoft<\/title>\n<meta name=\"description\" content=\"Welcome to AItoolsoft. We provide professional AI tools to help you remove image watermarks, compress images, optimize images, and more.\" \/>\n<meta name=\"robots\" content=\"index, follow, max-snippet:-1, max-image-preview:large, max-video-preview:-1\" \/>\n<link rel=\"canonical\" href=\"https:\/\/www.aitoolsoft.com\/fr\/about-us.html\" \/>\n<meta property=\"og:locale\" content=\"fr_FR\" \/>\n<meta property=\"og:type\" content=\"article\" \/>\n<meta property=\"og:title\" content=\"About Us\" \/>\n<meta property=\"og:description\" content=\"Welcome to AItoolsoft. We provide professional AI tools to help you remove image watermarks, compress images, optimize images, and more.\" \/>\n<meta property=\"og:url\" content=\"https:\/\/www.aitoolsoft.com\/fr\/about-us.html\" \/>\n<meta property=\"og:site_name\" content=\"Aitoolsoft\" \/>\n<meta property=\"article:modified_time\" content=\"2025-09-04T06:16:57+00:00\" \/>\n<meta property=\"og:image\" content=\"https:\/\/mlokfggnkpkq.i.optimole.com\/w:1024\/h:576\/q:mauto\/f:best\/https:\/\/www.aitoolsoft.com\/wp-content\/uploads\/2025\/09\/aitooolsoft-aboutus.png\" \/>\n<meta name=\"twitter:card\" content=\"summary_large_image\" \/>\n<meta name=\"twitter:label1\" content=\"Dur\u00e9e de lecture estim\u00e9e\" \/>\n\t<meta name=\"twitter:data1\" content=\"2 minutes\" \/>\n<script type=\"application\/ld+json\" class=\"yoast-schema-graph\">{\"@context\":\"https:\/\/schema.org\",\"@graph\":[{\"@type\":\"WebPage\",\"@id\":\"https:\/\/www.aitoolsoft.com\/about-us.html\",\"url\":\"https:\/\/www.aitoolsoft.com\/about-us.html\",\"name\":\"About Us - Aitoolsoft\",\"isPartOf\":{\"@id\":\"https:\/\/www.aitoolsoft.com\/#website\"},\"primaryImageOfPage\":{\"@id\":\"https:\/\/www.aitoolsoft.com\/about-us.html#primaryimage\"},\"image\":{\"@id\":\"https:\/\/www.aitoolsoft.com\/about-us.html#primaryimage\"},\"thumbnailUrl\":\"https:\/\/mlokfggnkpkq.i.optimole.com\/w:1024\/h:576\/q:mauto\/f:best\/https:\/\/www.aitoolsoft.com\/wp-content\/uploads\/2025\/09\/aitooolsoft-aboutus.png\",\"datePublished\":\"2025-08-03T11:21:38+00:00\",\"dateModified\":\"2025-09-04T06:16:57+00:00\",\"description\":\"Welcome to AItoolsoft. We provide professional AI tools to help you remove image watermarks, compress images, optimize images, and more.\",\"breadcrumb\":{\"@id\":\"https:\/\/www.aitoolsoft.com\/about-us.html#breadcrumb\"},\"inLanguage\":\"fr-FR\",\"potentialAction\":[{\"@type\":\"ReadAction\",\"target\":[\"https:\/\/www.aitoolsoft.com\/about-us.html\"]}]},{\"@type\":\"ImageObject\",\"inLanguage\":\"fr-FR\",\"@id\":\"https:\/\/www.aitoolsoft.com\/about-us.html#primaryimage\",\"url\":\"https:\/\/mlokfggnkpkq.i.optimole.com\/w:1024\/h:576\/q:mauto\/f:best\/https:\/\/www.aitoolsoft.com\/wp-content\/uploads\/2025\/09\/aitooolsoft-aboutus.png\",\"contentUrl\":\"https:\/\/mlokfggnkpkq.i.optimole.com\/w:1024\/h:576\/q:mauto\/f:best\/https:\/\/www.aitoolsoft.com\/wp-content\/uploads\/2025\/09\/aitooolsoft-aboutus.png\"},{\"@type\":\"BreadcrumbList\",\"@id\":\"https:\/\/www.aitoolsoft.com\/about-us.html#breadcrumb\",\"itemListElement\":[{\"@type\":\"ListItem\",\"position\":1,\"name\":\"\u9996\u9875\",\"item\":\"https:\/\/www.aitoolsoft.com\/\"},{\"@type\":\"ListItem\",\"position\":2,\"name\":\"About Us\"}]},{\"@type\":\"WebSite\",\"@id\":\"https:\/\/www.aitoolsoft.com\/#website\",\"url\":\"https:\/\/www.aitoolsoft.com\/\",\"name\":\"Aitoolsoft\",\"description\":\"AItoolsoft provide professional AI tools to help you remove image watermarks, compress images, optimize images, convert image, background editor, data visualization and more.\",\"publisher\":{\"@id\":\"https:\/\/www.aitoolsoft.com\/#organization\"},\"potentialAction\":[{\"@type\":\"SearchAction\",\"target\":{\"@type\":\"EntryPoint\",\"urlTemplate\":\"https:\/\/www.aitoolsoft.com\/?s={search_term_string}\"},\"query-input\":{\"@type\":\"PropertyValueSpecification\",\"valueRequired\":true,\"valueName\":\"search_term_string\"}}],\"inLanguage\":\"fr-FR\"},{\"@type\":\"Organization\",\"@id\":\"https:\/\/www.aitoolsoft.com\/#organization\",\"name\":\"Aitoolsoft\",\"url\":\"https:\/\/www.aitoolsoft.com\/\",\"logo\":{\"@type\":\"ImageObject\",\"inLanguage\":\"fr-FR\",\"@id\":\"https:\/\/www.aitoolsoft.com\/#\/schema\/logo\/image\/\",\"url\":\"\",\"contentUrl\":\"\",\"caption\":\"Aitoolsoft\"},\"image\":{\"@id\":\"https:\/\/www.aitoolsoft.com\/#\/schema\/logo\/image\/\"},\"publishingPrinciples\":\"https:\/\/www.aitoolsoft.com\/about-us.html\",\"ownershipFundingInfo\":\"https:\/\/www.aitoolsoft.com\/\",\"actionableFeedbackPolicy\":\"https:\/\/www.aitoolsoft.com\/contact-us.html\",\"correctionsPolicy\":\"https:\/\/www.aitoolsoft.com\/contact-us.html\",\"ethicsPolicy\":\"https:\/\/www.aitoolsoft.com\/terms.html\",\"diversityPolicy\":\"https:\/\/www.aitoolsoft.com\/terms.html\",\"diversityStaffingReport\":\"https:\/\/www.aitoolsoft.com\/contact-us.html\"}]}<\/script>\n<!-- \/ Yoast SEO Premium plugin. -->","yoast_head_json":{"title":"\u00c0 propos de nous - Aitoolsoft","description":"Bienvenue chez AItoolsoft. Nous fournissons des outils professionnels d'IA pour vous aider \u00e0 supprimer les filigranes, compresser les images, optimiser les images, et plus encore.","robots":{"index":"index","follow":"follow","max-snippet":"max-snippet:-1","max-image-preview":"max-image-preview:large","max-video-preview":"max-video-preview:-1"},"canonical":"https:\/\/www.aitoolsoft.com\/fr\/about-us.html","og_locale":"fr_FR","og_type":"article","og_title":"About Us","og_description":"Welcome to AItoolsoft. We provide professional AI tools to help you remove image watermarks, compress images, optimize images, and more.","og_url":"https:\/\/www.aitoolsoft.com\/fr\/about-us.html","og_site_name":"Aitoolsoft","article_modified_time":"2025-09-04T06:16:57+00:00","og_image":[{"url":"https:\/\/mlokfggnkpkq.i.optimole.com\/w:1024\/h:576\/q:mauto\/f:best\/https:\/\/www.aitoolsoft.com\/wp-content\/uploads\/2025\/09\/aitooolsoft-aboutus.png","type":"","width":"","height":""}],"twitter_card":"summary_large_image","twitter_misc":{"Dur\u00e9e de lecture estim\u00e9e":"2 minutes"},"schema":{"@context":"https:\/\/schema.org","@graph":[{"@type":"WebPage","@id":"https:\/\/www.aitoolsoft.com\/about-us.html","url":"https:\/\/www.aitoolsoft.com\/about-us.html","name":"\u00c0 propos de nous - Aitoolsoft","isPartOf":{"@id":"https:\/\/www.aitoolsoft.com\/#website"},"primaryImageOfPage":{"@id":"https:\/\/www.aitoolsoft.com\/about-us.html#primaryimage"},"image":{"@id":"https:\/\/www.aitoolsoft.com\/about-us.html#primaryimage"},"thumbnailUrl":"https:\/\/mlokfggnkpkq.i.optimole.com\/w:1024\/h:576\/q:mauto\/f:best\/https:\/\/www.aitoolsoft.com\/wp-content\/uploads\/2025\/09\/aitooolsoft-aboutus.png","datePublished":"2025-08-03T11:21:38+00:00","dateModified":"2025-09-04T06:16:57+00:00","description":"Bienvenue chez AItoolsoft. Nous fournissons des outils professionnels d'IA pour vous aider \u00e0 supprimer les filigranes, compresser les images, optimiser les images, et plus encore.","breadcrumb":{"@id":"https:\/\/www.aitoolsoft.com\/about-us.html#breadcrumb"},"inLanguage":"fr-FR","potentialAction":[{"@type":"ReadAction","target":["https:\/\/www.aitoolsoft.com\/about-us.html"]}]},{"@type":"ImageObject","inLanguage":"fr-FR","@id":"https:\/\/www.aitoolsoft.com\/about-us.html#primaryimage","url":"https:\/\/mlokfggnkpkq.i.optimole.com\/w:1024\/h:576\/q:mauto\/f:best\/https:\/\/www.aitoolsoft.com\/wp-content\/uploads\/2025\/09\/aitooolsoft-aboutus.png","contentUrl":"https:\/\/mlokfggnkpkq.i.optimole.com\/w:1024\/h:576\/q:mauto\/f:best\/https:\/\/www.aitoolsoft.com\/wp-content\/uploads\/2025\/09\/aitooolsoft-aboutus.png"},{"@type":"BreadcrumbList","@id":"https:\/\/www.aitoolsoft.com\/about-us.html#breadcrumb","itemListElement":[{"@type":"ListItem","position":1,"name":"\u9996\u9875","item":"https:\/\/www.aitoolsoft.com\/"},{"@type":"ListItem","position":2,"name":"About Us"}]},{"@type":"WebSite","@id":"https:\/\/www.aitoolsoft.com\/#website","url":"https:\/\/www.aitoolsoft.com\/","name":"Aitoolsoft","description":"AItoolsoft fournit des outils professionnels d'IA pour vous aider \u00e0 supprimer les filigranes d'image, compresser les images, optimiser les images, convertir les images, \u00e9diter l'arri\u00e8re-plan, visualiser les donn\u00e9es et plus encore.","publisher":{"@id":"https:\/\/www.aitoolsoft.com\/#organization"},"potentialAction":[{"@type":"SearchAction","target":{"@type":"EntryPoint","urlTemplate":"https:\/\/www.aitoolsoft.com\/?s={search_term_string}"},"query-input":{"@type":"PropertyValueSpecification","valueRequired":true,"valueName":"search_term_string"}}],"inLanguage":"fr-FR"},{"@type":"Organization","@id":"https:\/\/www.aitoolsoft.com\/#organization","name":"Aitoolsoft","url":"https:\/\/www.aitoolsoft.com\/","logo":{"@type":"ImageObject","inLanguage":"fr-FR","@id":"https:\/\/www.aitoolsoft.com\/#\/schema\/logo\/image\/","url":"","contentUrl":"","caption":"Aitoolsoft"},"image":{"@id":"https:\/\/www.aitoolsoft.com\/#\/schema\/logo\/image\/"},"publishingPrinciples":"https:\/\/www.aitoolsoft.com\/about-us.html","ownershipFundingInfo":"https:\/\/www.aitoolsoft.com\/","actionableFeedbackPolicy":"https:\/\/www.aitoolsoft.com\/contact-us.html","correctionsPolicy":"https:\/\/www.aitoolsoft.com\/contact-us.html","ethicsPolicy":"https:\/\/www.aitoolsoft.com\/terms.html","diversityPolicy":"https:\/\/www.aitoolsoft.com\/terms.html","diversityStaffingReport":"https:\/\/www.aitoolsoft.com\/contact-us.html"}]}},"_links":{"self":[{"href":"https:\/\/www.aitoolsoft.com\/fr\/wp-json\/wp\/v2\/pages\/421","targetHints":{"allow":["GET"]}}],"collection":[{"href":"https:\/\/www.aitoolsoft.com\/fr\/wp-json\/wp\/v2\/pages"}],"about":[{"href":"https:\/\/www.aitoolsoft.com\/fr\/wp-json\/wp\/v2\/types\/page"}],"author":[{"embeddable":true,"href":"https:\/\/www.aitoolsoft.com\/fr\/wp-json\/wp\/v2\/users\/1"}],"replies":[{"embeddable":true,"href":"https:\/\/www.aitoolsoft.com\/fr\/wp-json\/wp\/v2\/comments?post=421"}],"version-history":[{"count":22,"href":"https:\/\/www.aitoolsoft.com\/fr\/wp-json\/wp\/v2\/pages\/421\/revisions"}],"predecessor-version":[{"id":525,"href":"https:\/\/www.aitoolsoft.com\/fr\/wp-json\/wp\/v2\/pages\/421\/revisions\/525"}],"wp:attachment":[{"href":"https:\/\/www.aitoolsoft.com\/fr\/wp-json\/wp\/v2\/media?parent=421"}],"curies":[{"name":"wp","href":"https:\/\/api.w.org\/{rel}","templated":true}]}}