{"id":126,"date":"2025-08-03T17:32:21","date_gmt":"2025-08-03T09:32:21","guid":{"rendered":"http:\/\/170.106.73.112\/?page_id=126"},"modified":"2025-09-04T13:43:18","modified_gmt":"2025-09-04T05:43:18","slug":"terms","status":"publish","type":"page","link":"https:\/\/www.aitoolsoft.com\/it\/terms.html","title":{"rendered":"Termini di servizio"},"content":{"rendered":"<div data-elementor-type=\"wp-post\" data-elementor-id=\"126\" class=\"elementor elementor-126\" data-elementor-post-type=\"page\">\n\t\t\t\t<div class=\"elementor-element elementor-element-5274bec e-flex e-con-boxed e-con e-parent\" data-id=\"5274bec\" data-element_type=\"container\" data-e-type=\"container\">\n\t\t\t\t\t<div class=\"e-con-inner\">\n\t\t\t\t<div class=\"elementor-element elementor-element-cf971b0 elementor-widget elementor-widget-text-editor\" data-id=\"cf971b0\" data-element_type=\"widget\" data-e-type=\"widget\" data-widget_type=\"text-editor.default\">\n\t\t\t\t\t\t\t\t\t<h1>Termini di servizio<\/h1>\t\t\t\t\t\t\t\t<\/div>\n\t\t\t\t\t<\/div>\n\t\t\t\t<\/div>\n\t\t<div class=\"elementor-element elementor-element-82d7612 e-flex e-con-boxed e-con e-parent\" data-id=\"82d7612\" data-element_type=\"container\" data-e-type=\"container\">\n\t\t\t\t\t<div class=\"e-con-inner\">\n\t\t\t\t<div class=\"elementor-element elementor-element-f8a4b2e elementor-widget elementor-widget-spacer\" data-id=\"f8a4b2e\" data-element_type=\"widget\" data-e-type=\"widget\" data-widget_type=\"spacer.default\">\n\t\t\t\t\t\t\t<div class=\"elementor-spacer\">\n\t\t\t<div class=\"elementor-spacer-inner\"><\/div>\n\t\t<\/div>\n\t\t\t\t\t\t<\/div>\n\t\t\t\t<div class=\"elementor-element elementor-element-14f234a elementor-widget elementor-widget-text-editor\" data-id=\"14f234a\" data-element_type=\"widget\" data-e-type=\"widget\" data-widget_type=\"text-editor.default\">\n\t\t\t\t\t\t\t\t\t<div data-zone-id=\"0\" data-line-index=\"2\" data-line=\"true\"><strong>1. Accettazione dei termini<\/strong><\/div><div data-zone-id=\"0\" data-line-index=\"2\" data-line=\"true\"><p>Accedendo o utilizzando il sito web di Aitooolsoft (il \u201csito web\u201d) situato all'indirizzo <a href=\"https:\/\/www.aitoolsoft.com\/it\">https:\/\/www.aitoolsoft.com<\/a>, l'utente (indicato come \u201cvoi\u201d o \u201cvostro\u201d) accetta di essere vincolato dai presenti Termini di servizio (i \u201cTermini\u201d). Se l'utente non accetta i presenti Termini, non deve utilizzare il Sito web.<\/p><\/div><div data-zone-id=\"0\" data-line-index=\"3\" data-line=\"true\"><p class=\"heading-h2\"><strong>2. L'ammissibilit\u00e0<\/strong><\/p><\/div><div data-zone-id=\"0\" data-line-index=\"4\" data-line=\"true\">Per utilizzare il Sito web \u00e8 necessario avere almeno 13 anni di et\u00e0. Utilizzando il Sito web, l'utente dichiara e garantisce di avere almeno 13 anni. Se l'utente non ha raggiunto la maggiore et\u00e0 nella propria giurisdizione, deve avere il consenso di un genitore o di un tutore legale per utilizzare il Sito, e tale genitore o tutore legale accetta di essere vincolato dai presenti Termini per suo conto.<\/div><div data-zone-id=\"0\" data-line-index=\"4\" data-line=\"true\">\u00a0<\/div><div data-zone-id=\"0\" data-line-index=\"5\" data-line=\"true\"><p class=\"heading-h2\"><strong>3. Account utente<\/strong><\/p><\/div><ul><li class=\"temp-li bullet1\" data-line=\"true\" data-list=\"bullet1\"><b>Registrazione<\/b>: Per accedere a determinate funzioni del Sito web, potrebbe essere necessario registrare un account. Al momento della registrazione, l'utente deve fornire informazioni accurate, aggiornate e complete. L'utente \u00e8 responsabile del mantenimento della riservatezza delle credenziali del proprio account, compresi nome utente e password, e di tutte le attivit\u00e0 che si svolgono nell'ambito del proprio account.<\/li><\/ul><ul><li class=\"temp-li bullet1\" data-line=\"true\" data-list=\"bullet1\"><b>Responsabilit\u00e0 del conto<\/b>: L'utente accetta di notificare immediatamente qualsiasi uso non autorizzato del proprio account o qualsiasi altra violazione della sicurezza. Non saremo responsabili di eventuali perdite o danni derivanti dalla mancata protezione delle credenziali del vostro account.<\/li><\/ul><ul><li class=\"temp-li bullet1\" data-line=\"true\" data-list=\"bullet1\"><b>Estinzione del conto<\/b>: Ci riserviamo il diritto di sospendere o chiudere l'account dell'utente in qualsiasi momento, senza preavviso, se riteniamo che l'utente abbia violato le presenti Condizioni o sia coinvolto in attivit\u00e0 fraudolente, abusive o illegali.<\/li><\/ul><div data-zone-id=\"0\" data-line-index=\"9\" data-line=\"true\"><p class=\"heading-h2\"><strong>4. Utilizzo del sito web<\/strong><\/p><\/div><ul><li class=\"temp-li bullet1\" data-line=\"true\" data-list=\"bullet1\"><b>Uso consentito<\/b>: L'utente pu\u00f2 utilizzare il sito web esclusivamente per il proprio divertimento personale e non commerciale dei giochi online e delle altre funzioni fornite. L'utente accetta di non utilizzare il Sito per scopi illegali o in qualsiasi modo che violi le presenti Condizioni.<\/li><\/ul><ul><li class=\"temp-li bullet1\" data-line=\"true\" data-list=\"bullet1\"><b>Attivit\u00e0 vietate<\/b>: Senza limitazioni, non dovrete:<\/li><\/ul><ul><li style=\"list-style-type: none;\"><ul><li class=\"temp-li bullet2\" data-line=\"true\" data-list=\"bullet2\">Caricare, pubblicare o trasmettere qualsiasi contenuto illegale, dannoso, minaccioso, abusivo, molesto, diffamatorio, volgare, osceno o altrimenti discutibile.<\/li><\/ul><\/li><\/ul><ul><li style=\"list-style-type: none;\"><ul><li class=\"temp-li bullet2\" data-line=\"true\" data-list=\"bullet2\">intraprendere qualsiasi attivit\u00e0 che possa interrompere o interferire con il funzionamento del Sito web, inclusi, a titolo esemplificativo, hacking, virus o altri codici maligni.<\/li><\/ul><\/li><\/ul><ul><li style=\"list-style-type: none;\"><ul><li class=\"temp-li bullet2\" data-line=\"true\" data-list=\"bullet2\">Tentare di ottenere un accesso non autorizzato a qualsiasi parte del Sito Web o all'account di qualsiasi altro utente.<\/li><\/ul><\/li><\/ul><ul><li style=\"list-style-type: none;\"><ul><li class=\"temp-li bullet2\" data-line=\"true\" data-list=\"bullet2\">Usare il Sito web per raccogliere o raccogliere informazioni personali di altri utenti.<\/li><\/ul><\/li><\/ul><ul><li style=\"list-style-type: none;\"><ul><li class=\"temp-li bullet2\" data-line=\"true\" data-list=\"bullet2\">Riprodurre, distribuire, modificare o creare opere derivate da qualsiasi contenuto del sito web senza il nostro previo consenso scritto.<\/li><\/ul><\/li><\/ul><div data-zone-id=\"0\" data-line-index=\"17\" data-line=\"true\"><p class=\"heading-h2\"><strong>5. Propriet\u00e0 intellettuale<\/strong><\/p><\/div><ul><li class=\"temp-li bullet1\" data-line=\"true\" data-list=\"bullet1\">Tutti i contenuti del Sito, compresi, ma non solo, giochi, software, testi, grafica, immagini, audio, video e loghi, sono di propriet\u00e0 di Aitoolsoft o dei suoi licenziatari e sono protetti da copyright, marchi e altre leggi sulla propriet\u00e0 intellettuale.<\/li><\/ul><ul><li class=\"temp-li bullet1\" data-line=\"true\" data-list=\"bullet1\">All'utente viene concessa una licenza limitata, non esclusiva e non trasferibile per l'accesso e l'utilizzo dei contenuti del sito web al solo scopo di utilizzare il sito web come consentito dai presenti Termini. Questa licenza non autorizza l'utente a copiare, distribuire, modificare o creare opere derivate da qualsiasi contenuto.<\/li><\/ul><div data-zone-id=\"0\" data-line-index=\"20\" data-line=\"true\"><p class=\"heading-h2\"><strong>6. Link di terze parti<\/strong><\/p><\/div><div data-zone-id=\"0\" data-line-index=\"21\" data-line=\"true\">Il Sito pu\u00f2 contenere link a siti web o servizi di terzi. Tali link sono forniti solo per comodit\u00e0 dell'utente. Non approviamo n\u00e9 controlliamo questi siti web o servizi di terzi e non siamo responsabili del loro contenuto, delle loro politiche sulla privacy o delle loro pratiche. L'utilizzo di siti web o servizi di terzi \u00e8 a rischio dell'utente.<\/div><div data-zone-id=\"0\" data-line-index=\"21\" data-line=\"true\">\u00a0<\/div><div data-zone-id=\"0\" data-line-index=\"22\" data-line=\"true\"><p class=\"heading-h2\"><strong>7. Esclusione di garanzie<\/strong><\/p><\/div><ul><li class=\"temp-li bullet1\" data-line=\"true\" data-list=\"bullet1\">Il sito web e tutti i contenuti, i servizi e le funzionalit\u00e0 in esso forniti sono offerti \u201ccos\u00ec come sono\u201d e \u201ccome disponibili\u201d. Non forniamo alcuna garanzia, espressa o implicita, incluse, a titolo esemplificativo, le garanzie di commerciabilit\u00e0, idoneit\u00e0 per uno scopo particolare o non violazione.<\/li><\/ul><ul><li class=\"temp-li bullet1\" data-line=\"true\" data-list=\"bullet1\">Non garantiamo che il sito web sia ininterrotto, privo di errori o di virus o altri componenti dannosi. L'uso del Sito web \u00e8 a discrezione e rischio dell'utente.<\/li><\/ul><div data-zone-id=\"0\" data-line-index=\"25\" data-line=\"true\"><p class=\"heading-h2\"><strong>8. Limitazione di responsabilit\u00e0<\/strong><\/p><\/div><div data-zone-id=\"0\" data-line-index=\"26\" data-line=\"true\"><p>Aitoolsoft, le sue affiliate, i suoi direttori, i suoi funzionari, i suoi dipendenti e i suoi licenziatari non saranno responsabili per danni indiretti, incidentali, speciali, consequenziali o punitivi, inclusi, ma non limitati alla perdita di profitti, dati o avviamento, derivanti da o in connessione con l'uso o l'impossibilit\u00e0 di usare il sito web, anche se siamo stati avvisati della possibilit\u00e0 di tali danni. Non ci assumiamo alcuna responsabilit\u00e0 per qualsiasi reclamo derivante da o in relazione ai presenti Termini o all'uso del Sito web. Se l'utente ritiene che il Sito web abbia commesso un atto di violazione, dovr\u00e0 comunicarlo via e-mail a support@aitoolsoft.com per negoziare una risoluzione.<\/p><\/div><div data-zone-id=\"0\" data-line-index=\"27\" data-line=\"true\"><p class=\"heading-h2\"><strong>9. Indennizzo<\/strong><\/p><\/div><div data-zone-id=\"0\" data-line-index=\"28\" data-line=\"true\"><p>L'utente accetta di indennizzare, difendere e tenere indenne Aitoolsoft, le sue affiliate, i suoi direttori, i suoi funzionari, i suoi dipendenti e i suoi licenziatari da qualsiasi reclamo, responsabilit\u00e0, danno, perdita, costo e spesa (comprese le ragionevoli spese legali) derivanti da o in relazione all'utilizzo del Sito Web da parte dell'utente, alla violazione di questi Termini o alla violazione di qualsiasi propriet\u00e0 intellettuale o altro diritto di qualsiasi persona o entit\u00e0.<\/p><\/div><div data-zone-id=\"0\" data-line-index=\"29\" data-line=\"true\"><p class=\"heading-h2\"><strong>10. Modifiche alle presenti Condizioni<\/strong><\/p><\/div><div data-zone-id=\"0\" data-line-index=\"30\" data-line=\"true\">Le presenti Condizioni possono essere aggiornate di tanto in tanto. Notificheremo all'utente eventuali modifiche sostanziali pubblicando un avviso sul Sito web o inviando un'e-mail all'indirizzo associato al suo account. L'uso continuato del Sito Web da parte dell'utente dopo la data di entrata in vigore delle modifiche costituisce l'accettazione dei Termini rivisti.<\/div><div data-zone-id=\"0\" data-line-index=\"31\" data-line=\"true\">\u00a0<\/div><div data-zone-id=\"0\" data-line-index=\"33\" data-line=\"true\"><p class=\"heading-h2\"><strong>11. Contatti<\/strong><\/p><\/div><div data-zone-id=\"0\" data-line-index=\"34\" data-line=\"true\">In caso di domande o dubbi sui presenti Termini, si prega di contattarci all'indirizzo support@aitoolsoft.com.<\/div><div data-zone-id=\"0\" data-line-index=\"35\" data-line=\"true\">\u00a0<\/div>\t\t\t\t\t\t\t\t<\/div>\n\t\t\t\t\t<\/div>\n\t\t\t\t<\/div>\n\t\t\t\t<\/div>","protected":false},"excerpt":{"rendered":"<p>Termini di servizio 1. Accettazione dei Termini Accedendo o utilizzando il sito web di Aitooolsoft (il...<\/p>","protected":false},"author":1,"featured_media":0,"parent":0,"menu_order":0,"comment_status":"closed","ping_status":"closed","template":"page-templates\/template-bloglo-fullwidth.php","meta":{"footnotes":""},"class_list":["post-126","page","type-page","status-publish","hentry"],"yoast_head":"<!-- This site is optimized with the Yoast SEO Premium plugin v25.0 (Yoast SEO v27.1.1) - https:\/\/yoast.com\/product\/yoast-seo-premium-wordpress\/ -->\n<title>Terms of Service - Aitoolsoft<\/title>\n<meta name=\"description\" content=\"By accessing or using the Aitoolsoft website (the \u201cWebsite\u201d) located at https:\/\/www.aitoolsoft.com, you (referred to as \u201cyou\u201d or \u201cyour\u201d) agree to be bound by these Terms of Service (the \u201cTerms\u201d).\" \/>\n<meta name=\"robots\" content=\"index, follow, max-snippet:-1, max-image-preview:large, max-video-preview:-1\" \/>\n<link rel=\"canonical\" href=\"https:\/\/www.aitoolsoft.com\/it\/terms.html\" \/>\n<meta property=\"og:locale\" content=\"it_IT\" \/>\n<meta property=\"og:type\" content=\"article\" \/>\n<meta property=\"og:title\" content=\"Terms of Service\" \/>\n<meta property=\"og:description\" content=\"By accessing or using the Aitoolsoft website (the \u201cWebsite\u201d) located at https:\/\/www.aitoolsoft.com, you (referred to as \u201cyou\u201d or \u201cyour\u201d) agree to be bound by these Terms of Service (the \u201cTerms\u201d).\" \/>\n<meta property=\"og:url\" content=\"https:\/\/www.aitoolsoft.com\/it\/terms.html\" \/>\n<meta property=\"og:site_name\" content=\"Aitoolsoft\" \/>\n<meta property=\"article:modified_time\" content=\"2025-09-04T05:43:18+00:00\" \/>\n<meta name=\"twitter:card\" content=\"summary_large_image\" \/>\n<meta name=\"twitter:label1\" content=\"Tempo di lettura stimato\" \/>\n\t<meta name=\"twitter:data1\" content=\"5 minuti\" \/>\n<script type=\"application\/ld+json\" class=\"yoast-schema-graph\">{\"@context\":\"https:\/\/schema.org\",\"@graph\":[{\"@type\":\"WebPage\",\"@id\":\"https:\/\/www.aitoolsoft.com\/terms.html\",\"url\":\"https:\/\/www.aitoolsoft.com\/terms.html\",\"name\":\"Terms of Service - Aitoolsoft\",\"isPartOf\":{\"@id\":\"https:\/\/www.aitoolsoft.com\/#website\"},\"datePublished\":\"2025-08-03T09:32:21+00:00\",\"dateModified\":\"2025-09-04T05:43:18+00:00\",\"description\":\"By accessing or using the Aitoolsoft website (the \u201cWebsite\u201d) located at https:\/\/www.aitoolsoft.com, you (referred to as \u201cyou\u201d or \u201cyour\u201d) agree to be bound by these Terms of Service (the \u201cTerms\u201d).\",\"breadcrumb\":{\"@id\":\"https:\/\/www.aitoolsoft.com\/terms.html#breadcrumb\"},\"inLanguage\":\"it-IT\",\"potentialAction\":[{\"@type\":\"ReadAction\",\"target\":[\"https:\/\/www.aitoolsoft.com\/terms.html\"]}]},{\"@type\":\"BreadcrumbList\",\"@id\":\"https:\/\/www.aitoolsoft.com\/terms.html#breadcrumb\",\"itemListElement\":[{\"@type\":\"ListItem\",\"position\":1,\"name\":\"\u9996\u9875\",\"item\":\"https:\/\/www.aitoolsoft.com\/\"},{\"@type\":\"ListItem\",\"position\":2,\"name\":\"Terms of Service\"}]},{\"@type\":\"WebSite\",\"@id\":\"https:\/\/www.aitoolsoft.com\/#website\",\"url\":\"https:\/\/www.aitoolsoft.com\/\",\"name\":\"Aitoolsoft\",\"description\":\"AItoolsoft provide professional AI tools to help you remove image watermarks, compress images, optimize images, convert image, background editor, data visualization and more.\",\"publisher\":{\"@id\":\"https:\/\/www.aitoolsoft.com\/#organization\"},\"potentialAction\":[{\"@type\":\"SearchAction\",\"target\":{\"@type\":\"EntryPoint\",\"urlTemplate\":\"https:\/\/www.aitoolsoft.com\/?s={search_term_string}\"},\"query-input\":{\"@type\":\"PropertyValueSpecification\",\"valueRequired\":true,\"valueName\":\"search_term_string\"}}],\"inLanguage\":\"it-IT\"},{\"@type\":\"Organization\",\"@id\":\"https:\/\/www.aitoolsoft.com\/#organization\",\"name\":\"Aitoolsoft\",\"url\":\"https:\/\/www.aitoolsoft.com\/\",\"logo\":{\"@type\":\"ImageObject\",\"inLanguage\":\"it-IT\",\"@id\":\"https:\/\/www.aitoolsoft.com\/#\/schema\/logo\/image\/\",\"url\":\"\",\"contentUrl\":\"\",\"caption\":\"Aitoolsoft\"},\"image\":{\"@id\":\"https:\/\/www.aitoolsoft.com\/#\/schema\/logo\/image\/\"},\"publishingPrinciples\":\"https:\/\/www.aitoolsoft.com\/about-us.html\",\"ownershipFundingInfo\":\"https:\/\/www.aitoolsoft.com\/\",\"actionableFeedbackPolicy\":\"https:\/\/www.aitoolsoft.com\/contact-us.html\",\"correctionsPolicy\":\"https:\/\/www.aitoolsoft.com\/contact-us.html\",\"ethicsPolicy\":\"https:\/\/www.aitoolsoft.com\/terms.html\",\"diversityPolicy\":\"https:\/\/www.aitoolsoft.com\/terms.html\",\"diversityStaffingReport\":\"https:\/\/www.aitoolsoft.com\/contact-us.html\"}]}<\/script>\n<!-- \/ Yoast SEO Premium plugin. -->","yoast_head_json":{"title":"Termini di servizio - Aitoolsoft","description":"Accedendo o utilizzando il sito Web di Aitoolsoft (il \u201cSito Web\u201d) situato all'indirizzo https:\/\/www.aitoolsoft.com, l'utente (indicato come \u201cutente\u201d o \u201csuo\u201d) accetta di essere vincolato dai presenti Termini di servizio (i \u201cTermini\u201d).","robots":{"index":"index","follow":"follow","max-snippet":"max-snippet:-1","max-image-preview":"max-image-preview:large","max-video-preview":"max-video-preview:-1"},"canonical":"https:\/\/www.aitoolsoft.com\/it\/terms.html","og_locale":"it_IT","og_type":"article","og_title":"Terms of Service","og_description":"By accessing or using the Aitoolsoft website (the \u201cWebsite\u201d) located at https:\/\/www.aitoolsoft.com, you (referred to as \u201cyou\u201d or \u201cyour\u201d) agree to be bound by these Terms of Service (the \u201cTerms\u201d).","og_url":"https:\/\/www.aitoolsoft.com\/it\/terms.html","og_site_name":"Aitoolsoft","article_modified_time":"2025-09-04T05:43:18+00:00","twitter_card":"summary_large_image","twitter_misc":{"Tempo di lettura stimato":"5 minuti"},"schema":{"@context":"https:\/\/schema.org","@graph":[{"@type":"WebPage","@id":"https:\/\/www.aitoolsoft.com\/terms.html","url":"https:\/\/www.aitoolsoft.com\/terms.html","name":"Termini di servizio - Aitoolsoft","isPartOf":{"@id":"https:\/\/www.aitoolsoft.com\/#website"},"datePublished":"2025-08-03T09:32:21+00:00","dateModified":"2025-09-04T05:43:18+00:00","description":"Accedendo o utilizzando il sito Web di Aitoolsoft (il \u201cSito Web\u201d) situato all'indirizzo https:\/\/www.aitoolsoft.com, l'utente (indicato come \u201cutente\u201d o \u201csuo\u201d) accetta di essere vincolato dai presenti Termini di servizio (i \u201cTermini\u201d).","breadcrumb":{"@id":"https:\/\/www.aitoolsoft.com\/terms.html#breadcrumb"},"inLanguage":"it-IT","potentialAction":[{"@type":"ReadAction","target":["https:\/\/www.aitoolsoft.com\/terms.html"]}]},{"@type":"BreadcrumbList","@id":"https:\/\/www.aitoolsoft.com\/terms.html#breadcrumb","itemListElement":[{"@type":"ListItem","position":1,"name":"\u9996\u9875","item":"https:\/\/www.aitoolsoft.com\/"},{"@type":"ListItem","position":2,"name":"Terms of Service"}]},{"@type":"WebSite","@id":"https:\/\/www.aitoolsoft.com\/#website","url":"https:\/\/www.aitoolsoft.com\/","name":"Aitoolsoft","description":"AItoolsoft fornisce strumenti professionali di intelligenza artificiale per aiutarvi a rimuovere le filigrane delle immagini, comprimere le immagini, ottimizzare le immagini, convertire le immagini, editor di sfondi, visualizzazione dei dati e altro ancora.","publisher":{"@id":"https:\/\/www.aitoolsoft.com\/#organization"},"potentialAction":[{"@type":"SearchAction","target":{"@type":"EntryPoint","urlTemplate":"https:\/\/www.aitoolsoft.com\/?s={search_term_string}"},"query-input":{"@type":"PropertyValueSpecification","valueRequired":true,"valueName":"search_term_string"}}],"inLanguage":"it-IT"},{"@type":"Organization","@id":"https:\/\/www.aitoolsoft.com\/#organization","name":"Aitoolsoft","url":"https:\/\/www.aitoolsoft.com\/","logo":{"@type":"ImageObject","inLanguage":"it-IT","@id":"https:\/\/www.aitoolsoft.com\/#\/schema\/logo\/image\/","url":"","contentUrl":"","caption":"Aitoolsoft"},"image":{"@id":"https:\/\/www.aitoolsoft.com\/#\/schema\/logo\/image\/"},"publishingPrinciples":"https:\/\/www.aitoolsoft.com\/about-us.html","ownershipFundingInfo":"https:\/\/www.aitoolsoft.com\/","actionableFeedbackPolicy":"https:\/\/www.aitoolsoft.com\/contact-us.html","correctionsPolicy":"https:\/\/www.aitoolsoft.com\/contact-us.html","ethicsPolicy":"https:\/\/www.aitoolsoft.com\/terms.html","diversityPolicy":"https:\/\/www.aitoolsoft.com\/terms.html","diversityStaffingReport":"https:\/\/www.aitoolsoft.com\/contact-us.html"}]}},"_links":{"self":[{"href":"https:\/\/www.aitoolsoft.com\/it\/wp-json\/wp\/v2\/pages\/126","targetHints":{"allow":["GET"]}}],"collection":[{"href":"https:\/\/www.aitoolsoft.com\/it\/wp-json\/wp\/v2\/pages"}],"about":[{"href":"https:\/\/www.aitoolsoft.com\/it\/wp-json\/wp\/v2\/types\/page"}],"author":[{"embeddable":true,"href":"https:\/\/www.aitoolsoft.com\/it\/wp-json\/wp\/v2\/users\/1"}],"replies":[{"embeddable":true,"href":"https:\/\/www.aitoolsoft.com\/it\/wp-json\/wp\/v2\/comments?post=126"}],"version-history":[{"count":18,"href":"https:\/\/www.aitoolsoft.com\/it\/wp-json\/wp\/v2\/pages\/126\/revisions"}],"predecessor-version":[{"id":515,"href":"https:\/\/www.aitoolsoft.com\/it\/wp-json\/wp\/v2\/pages\/126\/revisions\/515"}],"wp:attachment":[{"href":"https:\/\/www.aitoolsoft.com\/it\/wp-json\/wp\/v2\/media?parent=126"}],"curies":[{"name":"wp","href":"https:\/\/api.w.org\/{rel}","templated":true}]}}