{"id":3,"date":"2025-03-19T10:42:50","date_gmt":"2025-03-19T02:42:50","guid":{"rendered":"http:\/\/129.204.154.172\/?page_id=3"},"modified":"2025-09-09T16:43:58","modified_gmt":"2025-09-09T08:43:58","slug":"privacy-policy","status":"publish","type":"page","link":"https:\/\/www.aitoolsoft.com\/it\/privacy-policy.html","title":{"rendered":"Informativa sulla privacy"},"content":{"rendered":"<div data-elementor-type=\"wp-page\" data-elementor-id=\"3\" class=\"elementor elementor-3\" data-elementor-post-type=\"page\">\n\t\t\t\t<div class=\"elementor-element elementor-element-40898a4 e-flex e-con-boxed e-con e-parent\" data-id=\"40898a4\" data-element_type=\"container\" data-e-type=\"container\">\n\t\t\t\t\t<div class=\"e-con-inner\">\n\t\t\t\t<div class=\"elementor-element elementor-element-598020d elementor-widget elementor-widget-text-editor\" data-id=\"598020d\" data-element_type=\"widget\" data-e-type=\"widget\" data-widget_type=\"text-editor.default\">\n\t\t\t\t\t\t\t\t\t<h1><strong>Informativa sulla privacy di Aitoolsoft<\/strong><\/h1>\t\t\t\t\t\t\t\t<\/div>\n\t\t\t\t\t<\/div>\n\t\t\t\t<\/div>\n\t\t<div class=\"elementor-element elementor-element-98c9f1d e-flex e-con-boxed e-con e-parent\" data-id=\"98c9f1d\" data-element_type=\"container\" data-e-type=\"container\">\n\t\t\t\t\t<div class=\"e-con-inner\">\n\t\t\t\t<div class=\"elementor-element elementor-element-4b81185 elementor-widget elementor-widget-spacer\" data-id=\"4b81185\" data-element_type=\"widget\" data-e-type=\"widget\" data-widget_type=\"spacer.default\">\n\t\t\t\t\t\t\t<div class=\"elementor-spacer\">\n\t\t\t<div class=\"elementor-spacer-inner\"><\/div>\n\t\t<\/div>\n\t\t\t\t\t\t<\/div>\n\t\t\t\t<div class=\"elementor-element elementor-element-c895789 elementor-widget elementor-widget-text-editor\" data-id=\"c895789\" data-element_type=\"widget\" data-e-type=\"widget\" data-widget_type=\"text-editor.default\">\n\t\t\t\t\t\t\t\t\t<p><span data-leaf=\"true\"><span class=\"lb\">La presente Informativa sulla privacy spiega come Aitoolsoft (denominata \u201cnoi\u201d, \u201cci\u201d o \u201cnostro\u201d) raccoglie, utilizza, divulga e salvaguarda le informazioni fornite dall'utente quando utilizza il nostro sito web <\/span><\/span><a href=\"https:\/\/www.aitoolsoft.com\/it\"><span class=\"outer-u-container demo-outer-link-container\" data-inline-wrapper=\"true\"><span data-leaf=\"true\"><span class=\"lb\">ht<\/span><\/span><\/span><span class=\"outer-u-container demo-outer-link-container\" data-inline-wrapper=\"true\"><span data-leaf=\"true\"><span class=\"lb\">tps:<\/span><\/span><\/span><span class=\"outer-u-container demo-outer-link-container\" data-inline-wrapper=\"true\"><span data-leaf=\"true\"><span class=\"lb\">\/\/www<\/span><\/span><\/span><span class=\"outer-u-container demo-outer-link-container\" data-inline-wrapper=\"true\"><span data-leaf=\"true\"><span class=\"lb\">.<\/span>aitoolsoft<\/span><\/span><span class=\"outer-u-container demo-outer-link-container\" data-inline-wrapper=\"true\"><span data-leaf=\"true\"><span class=\"lb\">.com<\/span><\/span><\/span><\/a><span data-leaf=\"true\"><span class=\"lb\">. Accedendo o utilizzando il nostro sito web, l'utente acconsente alle pratiche descritte nella presente Informativa sulla privacy.<\/span><\/span><\/p>\t\t\t\t\t\t\t\t<\/div>\n\t\t\t\t\t<\/div>\n\t\t\t\t<\/div>\n\t\t<div class=\"elementor-element elementor-element-f79ec23 e-flex e-con-boxed e-con e-parent\" data-id=\"f79ec23\" data-element_type=\"container\" data-e-type=\"container\">\n\t\t\t\t\t<div class=\"e-con-inner\">\n\t\t\t\t<div class=\"elementor-element elementor-element-1cb8767 elementor-widget elementor-widget-text-editor\" data-id=\"1cb8767\" data-element_type=\"widget\" data-e-type=\"widget\" data-widget_type=\"text-editor.default\">\n\t\t\t\t\t\t\t\t\t<div class=\"ace-line ol-idMimEJDFD list-div\" dir=\"auto\" data-node=\"true\">\n<ol>\n<li><strong><span class=\"lb\">Informazioni raccolte<\/span><\/strong><span data-string=\"true\" data-enter=\"true\" data-leaf=\"true\">\u200b<\/span><\/li>\n<\/ol>\n<\/div>\n<div class=\"ace-line list-div\" dir=\"auto\" data-node=\"true\">\n<ul class=\"list-bullet2 r-list r-list-bullet\">\n<li><span data-leaf=\"true\"><span class=\"lb\">Informazioni personali<\/span><\/span><span data-leaf=\"true\"><span class=\"lb\">: Possiamo raccogliere informazioni personali come il nome, l'indirizzo e-mail e altri dettagli di contatto quando l'utente li fornisce volontariamente. Ci\u00f2 potrebbe accadere quando vi registrate per un account, vi iscrivete alle nostre newsletter o partecipate a determinate funzioni del sito web.<\/span><\/span><span data-string=\"true\" data-enter=\"true\" data-leaf=\"true\">\u200b<\/span><\/li>\n<\/ul>\n<\/div>\n<div class=\"ace-line list-div\" dir=\"auto\" data-node=\"true\">\n<ul class=\"list-bullet2 r-list r-list-bullet\">\n<li><span data-leaf=\"true\"><span class=\"lb\">Informazioni non personali<\/span><\/span><span data-leaf=\"true\"><span class=\"lb\">: Raccogliamo automaticamente informazioni non personali quando visitate il nostro sito web. Queste includono l'indirizzo IP, il tipo di browser, il sistema operativo, le pagine visitate sul nostro sito, l'ora e la data della visita. Queste informazioni ci aiutano ad analizzare il traffico del sito, a migliorare l'esperienza dell'utente e a personalizzare i contenuti.<\/span><\/span><\/li>\n<\/ul>\n<\/div>\t\t\t\t\t\t\t\t<\/div>\n\t\t\t\t\t<\/div>\n\t\t\t\t<\/div>\n\t\t<div class=\"elementor-element elementor-element-9c392ff e-flex e-con-boxed e-con e-parent\" data-id=\"9c392ff\" data-element_type=\"container\" data-e-type=\"container\">\n\t\t\t\t\t<div class=\"e-con-inner\">\n\t\t\t\t<div class=\"elementor-element elementor-element-0d07818 elementor-widget elementor-widget-text-editor\" data-id=\"0d07818\" data-element_type=\"widget\" data-e-type=\"widget\" data-widget_type=\"text-editor.default\">\n\t\t\t\t\t\t\t\t\t<div class=\"ace-line ol-idgDr8ophN list-div\" dir=\"auto\" data-node=\"true\">\n<p><span data-leaf=\"true\"><span class=\"lb\">\u00a0 \u00a0<strong>2. Come utilizziamo le vostre informazioni<\/strong><\/span><\/span><span data-string=\"true\" data-enter=\"true\" data-leaf=\"true\">\u200b<\/span><\/p>\n<\/div>\n<div class=\"ace-line list-div\" dir=\"auto\" data-node=\"true\">\n<ul class=\"list-bullet2 r-list r-list-bullet\">\n<li><span data-leaf=\"true\"><span class=\"lb\">Fornire servizi<\/span><\/span><span data-leaf=\"true\"><span class=\"lb\">: Utilizziamo i dati personali dell'utente per fornirgli l'accesso alle funzioni e ai servizi del nostro sito web. Ad esempio, se vi registrate per un account, utilizziamo le vostre informazioni per autenticarvi e fornirvi esperienze personalizzate.<\/span><\/span><span data-string=\"true\" data-enter=\"true\" data-leaf=\"true\">\u200b<\/span><\/li>\n<\/ul>\n<\/div>\n<div class=\"ace-line list-div\" dir=\"auto\" data-node=\"true\">\n<ul class=\"list-bullet2 r-list r-list-bullet\">\n<li><span data-leaf=\"true\"><span class=\"lb\">Migliorare il sito web<\/span><\/span><span data-leaf=\"true\"><span class=\"lb\">: Le informazioni non personali vengono utilizzate per analizzare le tendenze, comprendere il comportamento degli utenti e migliorare la funzionalit\u00e0 e il design del nostro sito web. Questo ci aiuta a soddisfare meglio le esigenze dei nostri utenti.<\/span><\/span><span data-string=\"true\" data-enter=\"true\" data-leaf=\"true\">\u200b<\/span><\/li>\n<\/ul>\n<\/div>\n<div class=\"ace-line list-div\" dir=\"auto\" data-node=\"true\">\n<ul class=\"list-bullet2 r-list r-list-bullet\">\n<li><span data-leaf=\"true\"><span class=\"lb\">Per comunicare con voi<\/span><\/span><span data-leaf=\"true\"><span class=\"lb\">: Possiamo utilizzare il vostro indirizzo e-mail o altre informazioni di contatto per inviarvi aggiornamenti importanti sul sito web, nuove funzionalit\u00e0 o modifiche ai nostri termini e politiche. Potremmo anche inviare e-mail promozionali se l'utente ha scelto di ricevere tali comunicazioni.<\/span><\/span><\/li>\n<\/ul>\n<\/div>\t\t\t\t\t\t\t\t<\/div>\n\t\t\t\t\t<\/div>\n\t\t\t\t<\/div>\n\t\t<div class=\"elementor-element elementor-element-328ba0e e-flex e-con-boxed e-con e-parent\" data-id=\"328ba0e\" data-element_type=\"container\" data-e-type=\"container\">\n\t\t\t\t\t<div class=\"e-con-inner\">\n\t\t\t\t<div class=\"elementor-element elementor-element-8728dc5 elementor-widget elementor-widget-text-editor\" data-id=\"8728dc5\" data-element_type=\"widget\" data-e-type=\"widget\" data-widget_type=\"text-editor.default\">\n\t\t\t\t\t\t\t\t\t<div class=\"ace-line ol-idTgaKJkA5 list-div\" dir=\"auto\" data-node=\"true\">\n<p><span data-leaf=\"true\"><span class=\"lb\">\u00a0 \u00a0<strong>3. Divulgazione dei vostri dati<\/strong><\/span><\/span><span data-string=\"true\" data-enter=\"true\" data-leaf=\"true\">\u200b<\/span><\/p>\n<\/div>\n<div class=\"ace-line list-div\" dir=\"auto\" data-node=\"true\">\n<ul class=\"list-bullet2 r-list r-list-bullet\">\n<li><span data-leaf=\"true\"><span class=\"lb\">Fornitori di servizi di terze parti<\/span><\/span><span data-leaf=\"true\"><span class=\"lb\">: Potremmo condividere le informazioni dell'utente con fornitori di servizi terzi che ci assistono nella gestione del sito web, come fornitori di hosting, societ\u00e0 di analisi e fornitori di servizi di posta elettronica. Queste terze parti sono contrattualmente obbligate a utilizzare le informazioni dell'utente solo per gli scopi da noi specificati e a mantenerne la riservatezza.<\/span><\/span><span data-string=\"true\" data-enter=\"true\" data-leaf=\"true\">\u200b<\/span><\/li>\n<\/ul>\n<\/div>\n<div class=\"ace-line list-div\" dir=\"auto\" data-node=\"true\">\n<ul class=\"list-bullet2 r-list r-list-bullet\">\n<li><span data-leaf=\"true\"><span class=\"lb\">Requisiti legali<\/span><\/span><span data-leaf=\"true\"><span class=\"lb\">: Possiamo divulgare le informazioni dell'utente se richiesto dalla legge, ad esempio in risposta a una citazione in giudizio, a un ordine del tribunale o a una richiesta governativa. Possiamo anche divulgare le informazioni dell'utente quando riteniamo che sia necessario proteggere i nostri diritti, la nostra propriet\u00e0 o la sicurezza dei nostri utenti o del pubblico.<\/span><\/span><span data-string=\"true\" data-enter=\"true\" data-leaf=\"true\">\u200b<\/span><\/li>\n<\/ul>\n<\/div>\t\t\t\t\t\t\t\t<\/div>\n\t\t\t\t\t<\/div>\n\t\t\t\t<\/div>\n\t\t<div class=\"elementor-element elementor-element-83246dd e-flex e-con-boxed e-con e-parent\" data-id=\"83246dd\" data-element_type=\"container\" data-e-type=\"container\">\n\t\t\t\t\t<div class=\"e-con-inner\">\n\t\t\t\t<div class=\"elementor-element elementor-element-8603941 elementor-widget elementor-widget-text-editor\" data-id=\"8603941\" data-element_type=\"widget\" data-e-type=\"widget\" data-widget_type=\"text-editor.default\">\n\t\t\t\t\t\t\t\t\t<div class=\"ace-line ol-idVF5Tzp0l list-div\" dir=\"auto\" data-node=\"true\">\n<p><span data-leaf=\"true\"><span class=\"lb\"><strong>\u00a0 \u00a04. Sicurezza dei dati<\/strong><\/span><\/span><span data-string=\"true\" data-enter=\"true\" data-leaf=\"true\">\u200b<\/span><\/p>\n<\/div>\n<ul>\n<li class=\"ace-line\" dir=\"auto\" data-node=\"true\"><span data-leaf=\"true\"><span class=\"lb\">Adottiamo misure ragionevoli per proteggere le vostre informazioni da accessi non autorizzati, divulgazione, alterazione o distruzione. Utilizziamo tecnologie e procedure di sicurezza standard del settore per salvaguardare la riservatezza e l'integrit\u00e0 dei vostri dati. Tuttavia, nessun metodo di trasmissione su Internet o di archiviazione elettronica \u00e8 100% sicuro e non possiamo garantire la sicurezza assoluta delle vostre informazioni.<\/span><\/span><span data-string=\"true\" data-enter=\"true\" data-leaf=\"true\">\u200b<\/span><\/li>\n<\/ul>\t\t\t\t\t\t\t\t<\/div>\n\t\t\t\t\t<\/div>\n\t\t\t\t<\/div>\n\t\t<div class=\"elementor-element elementor-element-ec86f8a e-flex e-con-boxed e-con e-parent\" data-id=\"ec86f8a\" data-element_type=\"container\" data-e-type=\"container\">\n\t\t\t\t\t<div class=\"e-con-inner\">\n\t\t\t\t<div class=\"elementor-element elementor-element-7c68cfb elementor-widget elementor-widget-text-editor\" data-id=\"7c68cfb\" data-element_type=\"widget\" data-e-type=\"widget\" data-widget_type=\"text-editor.default\">\n\t\t\t\t\t\t\t\t\t<div class=\"ace-line ol-idXrLzUHf9 list-div\" dir=\"auto\" data-node=\"true\">\n<p><span data-leaf=\"true\"><span class=\"lb\">\u00a0 <strong>\u00a05. I vostri diritti<\/strong><\/span><\/span><span data-string=\"true\" data-enter=\"true\" data-leaf=\"true\">\u200b<\/span><\/p>\n<\/div>\n<div class=\"ace-line list-div\" dir=\"auto\" data-node=\"true\">\n<ul class=\"list-bullet2 r-list r-list-bullet\">\n<li><span data-leaf=\"true\"><span class=\"lb\">Accesso e correzione<\/span><\/span><span data-leaf=\"true\"><span class=\"lb\">: L'utente ha il diritto di accedere alle informazioni personali in nostro possesso e di richiedere la correzione di eventuali informazioni inesatte o incomplete.<\/span><\/span><span data-string=\"true\" data-enter=\"true\" data-leaf=\"true\">\u200b<\/span><\/li>\n<\/ul>\n<\/div>\n<div class=\"ace-line list-div\" dir=\"auto\" data-node=\"true\">\n<ul class=\"list-bullet2 r-list r-list-bullet\">\n<li><span data-leaf=\"true\"><span class=\"lb\">Opt - Out<\/span><\/span><span data-leaf=\"true\"><span class=\"lb\">: \u00c8 possibile rinunciare a ricevere e-mail promozionali da parte nostra in qualsiasi momento seguendo le istruzioni di annullamento dell'iscrizione contenute nelle e-mail.<\/span><\/span><span data-string=\"true\" data-enter=\"true\" data-leaf=\"true\">\u200b<\/span><\/li>\n<\/ul>\n<\/div>\n<div class=\"ace-line list-div\" dir=\"auto\" data-node=\"true\">\n<ul class=\"list-bullet2 r-list r-list-bullet\">\n<li><span data-leaf=\"true\"><span class=\"lb\">Cancellazione<\/span><\/span><span data-leaf=\"true\"><span class=\"lb\">: L'utente pu\u00f2 richiedere la cancellazione dei propri dati personali. Tuttavia, potrebbe essere necessario conservare alcune informazioni per motivi legali o commerciali, ad esempio per ottemperare alle leggi fiscali o per mantenere i registri delle transazioni.<\/span><\/span><\/li>\n<\/ul>\n<\/div>\t\t\t\t\t\t\t\t<\/div>\n\t\t\t\t\t<\/div>\n\t\t\t\t<\/div>\n\t\t<div class=\"elementor-element elementor-element-3734146 e-flex e-con-boxed e-con e-parent\" data-id=\"3734146\" data-element_type=\"container\" data-e-type=\"container\">\n\t\t\t\t\t<div class=\"e-con-inner\">\n\t\t\t\t<div class=\"elementor-element elementor-element-9df5c1a elementor-widget elementor-widget-text-editor\" data-id=\"9df5c1a\" data-element_type=\"widget\" data-e-type=\"widget\" data-widget_type=\"text-editor.default\">\n\t\t\t\t\t\t\t\t\t<div class=\"ace-line ol-idz8DtI6lk list-div\" dir=\"auto\" data-node=\"true\">\n<p><span data-leaf=\"true\"><span class=\"lb\">\u00a0 <strong>\u00a06. Privacy dei bambini<\/strong><\/span><\/span><span data-string=\"true\" data-enter=\"true\" data-leaf=\"true\">\u200b<\/span><\/p>\n<\/div>\n<ul>\n<li class=\"ace-line\" dir=\"auto\" data-node=\"true\"><span data-leaf=\"true\"><span class=\"lb\">Il nostro sito web non \u00e8 destinato a bambini di et\u00e0 inferiore ai 13 anni. Non raccogliamo consapevolmente informazioni personali da bambini di et\u00e0 inferiore ai 13 anni. Se veniamo a conoscenza di aver raccolto informazioni personali da un bambino di et\u00e0 inferiore ai 13 anni, ci impegniamo a cancellare tali informazioni il prima possibile.<\/span><\/span><\/li>\n<\/ul>\t\t\t\t\t\t\t\t<\/div>\n\t\t\t\t\t<\/div>\n\t\t\t\t<\/div>\n\t\t<div class=\"elementor-element elementor-element-d457a3b e-flex e-con-boxed e-con e-parent\" data-id=\"d457a3b\" data-element_type=\"container\" data-e-type=\"container\">\n\t\t\t\t\t<div class=\"e-con-inner\">\n\t\t\t\t<div class=\"elementor-element elementor-element-b6c3e05 elementor-widget elementor-widget-text-editor\" data-id=\"b6c3e05\" data-element_type=\"widget\" data-e-type=\"widget\" data-widget_type=\"text-editor.default\">\n\t\t\t\t\t\t\t\t\t<p><span data-leaf=\"true\"><span class=\"lb\">\u00a0 \u00a0<strong>7. Modifiche alla presente Informativa sulla privacy<\/strong><\/span><\/span><span data-string=\"true\" data-enter=\"true\" data-leaf=\"true\">\u200b<\/span><\/p>\n<ul>\n<li class=\"ace-line\" dir=\"auto\" data-node=\"true\"><span data-leaf=\"true\"><span class=\"lb\">La presente Informativa sulla privacy pu\u00f2 essere aggiornata di tanto in tanto per riflettere le modifiche apportate alle nostre prassi o ai requisiti legali. Vi informeremo di eventuali modifiche sostanziali pubblicando un avviso sul nostro sito web o inviandovi un'e-mail. L'uso continuato del sito web dopo le modifiche indica l'accettazione della nuova Informativa sulla privacy.<\/span><\/span><\/li>\n<\/ul>\t\t\t\t\t\t\t\t<\/div>\n\t\t\t\t\t<\/div>\n\t\t\t\t<\/div>\n\t\t<div class=\"elementor-element elementor-element-c7746f7 e-flex e-con-boxed e-con e-parent\" data-id=\"c7746f7\" data-element_type=\"container\" data-e-type=\"container\">\n\t\t\t\t\t<div class=\"e-con-inner\">\n\t\t\t\t<div class=\"elementor-element elementor-element-5e32e84 elementor-widget elementor-widget-text-editor\" data-id=\"5e32e84\" data-element_type=\"widget\" data-e-type=\"widget\" data-widget_type=\"text-editor.default\">\n\t\t\t\t\t\t\t\t\t<div class=\"ace-line ol-idKO5XDhks list-div\" dir=\"auto\" data-node=\"true\"><p><strong><span class=\"lb\">\u00a0 \u00a08. Contatti<\/span><\/strong><span data-string=\"true\" data-enter=\"true\" data-leaf=\"true\">\u200b<\/span><\/p><\/div><ul><li class=\"ace-line\" dir=\"auto\" data-node=\"true\"><span data-leaf=\"true\"><span class=\"lb\">In caso di domande o dubbi sulla presente Informativa sulla privacy o sulle nostre pratiche di trattamento dei dati, si prega di contattarci all'indirizzo support@aitoolsoft.com.<\/span><\/span><\/li><\/ul>\t\t\t\t\t\t\t\t<\/div>\n\t\t\t\t\t<\/div>\n\t\t\t\t<\/div>\n\t\t\t\t<\/div>","protected":false},"excerpt":{"rendered":"<p>Aitoolsoft Informativa sulla privacy La presente Informativa sulla privacy spiega come Aitoolsoft (denominata \u201cnoi\u201d, \u201cci\u201d o...<\/p>","protected":false},"author":1,"featured_media":0,"parent":0,"menu_order":0,"comment_status":"closed","ping_status":"open","template":"","meta":{"footnotes":""},"class_list":["post-3","page","type-page","status-publish","hentry"],"yoast_head":"<!-- This site is optimized with the Yoast SEO Premium plugin v25.0 (Yoast SEO v27.1.1) - https:\/\/yoast.com\/product\/yoast-seo-premium-wordpress\/ -->\n<title>Privacy Policy - Aitoolsoft<\/title>\n<meta name=\"description\" content=\"This Privacy Policy explains how Aitoolsoft (referred to as \u201cwe,\u201d \u201cus,\u201d or \u201cour\u201d) collects, uses, discloses, and safeguards the information you provide when using our website.\" \/>\n<meta name=\"robots\" content=\"index, follow, max-snippet:-1, max-image-preview:large, max-video-preview:-1\" \/>\n<link rel=\"canonical\" href=\"https:\/\/www.aitoolsoft.com\/it\/privacy-policy.html\" \/>\n<meta property=\"og:locale\" content=\"it_IT\" \/>\n<meta property=\"og:type\" content=\"article\" \/>\n<meta property=\"og:title\" content=\"Privacy Policy\" \/>\n<meta property=\"og:description\" content=\"This Privacy Policy explains how Aitoolsoft (referred to as \u201cwe,\u201d \u201cus,\u201d or \u201cour\u201d) collects, uses, discloses, and safeguards the information you provide when using our website.\" \/>\n<meta property=\"og:url\" content=\"https:\/\/www.aitoolsoft.com\/it\/privacy-policy.html\" \/>\n<meta property=\"og:site_name\" content=\"Aitoolsoft\" \/>\n<meta property=\"article:modified_time\" content=\"2025-09-09T08:43:58+00:00\" \/>\n<meta name=\"twitter:card\" content=\"summary_large_image\" \/>\n<meta name=\"twitter:label1\" content=\"Tempo di lettura stimato\" \/>\n\t<meta name=\"twitter:data1\" content=\"4 minuti\" \/>\n<script type=\"application\/ld+json\" class=\"yoast-schema-graph\">{\"@context\":\"https:\/\/schema.org\",\"@graph\":[{\"@type\":\"WebPage\",\"@id\":\"https:\/\/www.aitoolsoft.com\/privacy-policy.html\",\"url\":\"https:\/\/www.aitoolsoft.com\/privacy-policy.html\",\"name\":\"Privacy Policy - Aitoolsoft\",\"isPartOf\":{\"@id\":\"https:\/\/www.aitoolsoft.com\/#website\"},\"datePublished\":\"2025-03-19T02:42:50+00:00\",\"dateModified\":\"2025-09-09T08:43:58+00:00\",\"description\":\"This Privacy Policy explains how Aitoolsoft (referred to as \u201cwe,\u201d \u201cus,\u201d or \u201cour\u201d) collects, uses, discloses, and safeguards the information you provide when using our website.\",\"breadcrumb\":{\"@id\":\"https:\/\/www.aitoolsoft.com\/privacy-policy.html#breadcrumb\"},\"inLanguage\":\"it-IT\",\"potentialAction\":[{\"@type\":\"ReadAction\",\"target\":[\"https:\/\/www.aitoolsoft.com\/privacy-policy.html\"]}]},{\"@type\":\"BreadcrumbList\",\"@id\":\"https:\/\/www.aitoolsoft.com\/privacy-policy.html#breadcrumb\",\"itemListElement\":[{\"@type\":\"ListItem\",\"position\":1,\"name\":\"\u9996\u9875\",\"item\":\"https:\/\/www.aitoolsoft.com\/\"},{\"@type\":\"ListItem\",\"position\":2,\"name\":\"Privacy Policy\"}]},{\"@type\":\"WebSite\",\"@id\":\"https:\/\/www.aitoolsoft.com\/#website\",\"url\":\"https:\/\/www.aitoolsoft.com\/\",\"name\":\"Aitoolsoft\",\"description\":\"AItoolsoft provide professional AI tools to help you remove image watermarks, compress images, optimize images, convert image, background editor, data visualization and more.\",\"publisher\":{\"@id\":\"https:\/\/www.aitoolsoft.com\/#organization\"},\"potentialAction\":[{\"@type\":\"SearchAction\",\"target\":{\"@type\":\"EntryPoint\",\"urlTemplate\":\"https:\/\/www.aitoolsoft.com\/?s={search_term_string}\"},\"query-input\":{\"@type\":\"PropertyValueSpecification\",\"valueRequired\":true,\"valueName\":\"search_term_string\"}}],\"inLanguage\":\"it-IT\"},{\"@type\":\"Organization\",\"@id\":\"https:\/\/www.aitoolsoft.com\/#organization\",\"name\":\"Aitoolsoft\",\"url\":\"https:\/\/www.aitoolsoft.com\/\",\"logo\":{\"@type\":\"ImageObject\",\"inLanguage\":\"it-IT\",\"@id\":\"https:\/\/www.aitoolsoft.com\/#\/schema\/logo\/image\/\",\"url\":\"\",\"contentUrl\":\"\",\"caption\":\"Aitoolsoft\"},\"image\":{\"@id\":\"https:\/\/www.aitoolsoft.com\/#\/schema\/logo\/image\/\"},\"publishingPrinciples\":\"https:\/\/www.aitoolsoft.com\/about-us.html\",\"ownershipFundingInfo\":\"https:\/\/www.aitoolsoft.com\/\",\"actionableFeedbackPolicy\":\"https:\/\/www.aitoolsoft.com\/contact-us.html\",\"correctionsPolicy\":\"https:\/\/www.aitoolsoft.com\/contact-us.html\",\"ethicsPolicy\":\"https:\/\/www.aitoolsoft.com\/terms.html\",\"diversityPolicy\":\"https:\/\/www.aitoolsoft.com\/terms.html\",\"diversityStaffingReport\":\"https:\/\/www.aitoolsoft.com\/contact-us.html\"}]}<\/script>\n<!-- \/ Yoast SEO Premium plugin. -->","yoast_head_json":{"title":"Informativa sulla privacy - Aitoolsoft","description":"La presente Informativa sulla privacy spiega come Aitoolsoft (denominata \u201cnoi\u201d, \u201cci\u201d o \u201cnostro\u201d) raccoglie, utilizza, divulga e salvaguarda le informazioni fornite dall'utente quando utilizza il nostro sito web.","robots":{"index":"index","follow":"follow","max-snippet":"max-snippet:-1","max-image-preview":"max-image-preview:large","max-video-preview":"max-video-preview:-1"},"canonical":"https:\/\/www.aitoolsoft.com\/it\/privacy-policy.html","og_locale":"it_IT","og_type":"article","og_title":"Privacy Policy","og_description":"This Privacy Policy explains how Aitoolsoft (referred to as \u201cwe,\u201d \u201cus,\u201d or \u201cour\u201d) collects, uses, discloses, and safeguards the information you provide when using our website.","og_url":"https:\/\/www.aitoolsoft.com\/it\/privacy-policy.html","og_site_name":"Aitoolsoft","article_modified_time":"2025-09-09T08:43:58+00:00","twitter_card":"summary_large_image","twitter_misc":{"Tempo di lettura stimato":"4 minuti"},"schema":{"@context":"https:\/\/schema.org","@graph":[{"@type":"WebPage","@id":"https:\/\/www.aitoolsoft.com\/privacy-policy.html","url":"https:\/\/www.aitoolsoft.com\/privacy-policy.html","name":"Informativa sulla privacy - Aitoolsoft","isPartOf":{"@id":"https:\/\/www.aitoolsoft.com\/#website"},"datePublished":"2025-03-19T02:42:50+00:00","dateModified":"2025-09-09T08:43:58+00:00","description":"La presente Informativa sulla privacy spiega come Aitoolsoft (denominata \u201cnoi\u201d, \u201cci\u201d o \u201cnostro\u201d) raccoglie, utilizza, divulga e salvaguarda le informazioni fornite dall'utente quando utilizza il nostro sito web.","breadcrumb":{"@id":"https:\/\/www.aitoolsoft.com\/privacy-policy.html#breadcrumb"},"inLanguage":"it-IT","potentialAction":[{"@type":"ReadAction","target":["https:\/\/www.aitoolsoft.com\/privacy-policy.html"]}]},{"@type":"BreadcrumbList","@id":"https:\/\/www.aitoolsoft.com\/privacy-policy.html#breadcrumb","itemListElement":[{"@type":"ListItem","position":1,"name":"\u9996\u9875","item":"https:\/\/www.aitoolsoft.com\/"},{"@type":"ListItem","position":2,"name":"Privacy Policy"}]},{"@type":"WebSite","@id":"https:\/\/www.aitoolsoft.com\/#website","url":"https:\/\/www.aitoolsoft.com\/","name":"Aitoolsoft","description":"AItoolsoft fornisce strumenti professionali di intelligenza artificiale per aiutarvi a rimuovere le filigrane delle immagini, comprimere le immagini, ottimizzare le immagini, convertire le immagini, editor di sfondi, visualizzazione dei dati e altro ancora.","publisher":{"@id":"https:\/\/www.aitoolsoft.com\/#organization"},"potentialAction":[{"@type":"SearchAction","target":{"@type":"EntryPoint","urlTemplate":"https:\/\/www.aitoolsoft.com\/?s={search_term_string}"},"query-input":{"@type":"PropertyValueSpecification","valueRequired":true,"valueName":"search_term_string"}}],"inLanguage":"it-IT"},{"@type":"Organization","@id":"https:\/\/www.aitoolsoft.com\/#organization","name":"Aitoolsoft","url":"https:\/\/www.aitoolsoft.com\/","logo":{"@type":"ImageObject","inLanguage":"it-IT","@id":"https:\/\/www.aitoolsoft.com\/#\/schema\/logo\/image\/","url":"","contentUrl":"","caption":"Aitoolsoft"},"image":{"@id":"https:\/\/www.aitoolsoft.com\/#\/schema\/logo\/image\/"},"publishingPrinciples":"https:\/\/www.aitoolsoft.com\/about-us.html","ownershipFundingInfo":"https:\/\/www.aitoolsoft.com\/","actionableFeedbackPolicy":"https:\/\/www.aitoolsoft.com\/contact-us.html","correctionsPolicy":"https:\/\/www.aitoolsoft.com\/contact-us.html","ethicsPolicy":"https:\/\/www.aitoolsoft.com\/terms.html","diversityPolicy":"https:\/\/www.aitoolsoft.com\/terms.html","diversityStaffingReport":"https:\/\/www.aitoolsoft.com\/contact-us.html"}]}},"_links":{"self":[{"href":"https:\/\/www.aitoolsoft.com\/it\/wp-json\/wp\/v2\/pages\/3","targetHints":{"allow":["GET"]}}],"collection":[{"href":"https:\/\/www.aitoolsoft.com\/it\/wp-json\/wp\/v2\/pages"}],"about":[{"href":"https:\/\/www.aitoolsoft.com\/it\/wp-json\/wp\/v2\/types\/page"}],"author":[{"embeddable":true,"href":"https:\/\/www.aitoolsoft.com\/it\/wp-json\/wp\/v2\/users\/1"}],"replies":[{"embeddable":true,"href":"https:\/\/www.aitoolsoft.com\/it\/wp-json\/wp\/v2\/comments?post=3"}],"version-history":[{"count":34,"href":"https:\/\/www.aitoolsoft.com\/it\/wp-json\/wp\/v2\/pages\/3\/revisions"}],"predecessor-version":[{"id":719,"href":"https:\/\/www.aitoolsoft.com\/it\/wp-json\/wp\/v2\/pages\/3\/revisions\/719"}],"wp:attachment":[{"href":"https:\/\/www.aitoolsoft.com\/it\/wp-json\/wp\/v2\/media?parent=3"}],"curies":[{"name":"wp","href":"https:\/\/api.w.org\/{rel}","templated":true}]}}