{"id":126,"date":"2025-08-03T17:32:21","date_gmt":"2025-08-03T09:32:21","guid":{"rendered":"http:\/\/170.106.73.112\/?page_id=126"},"modified":"2025-09-04T13:43:18","modified_gmt":"2025-09-04T05:43:18","slug":"terms","status":"publish","type":"page","link":"https:\/\/www.aitoolsoft.com\/pt\/terms.html","title":{"rendered":"Termos de Servi\u00e7o"},"content":{"rendered":"<div data-elementor-type=\"wp-post\" data-elementor-id=\"126\" class=\"elementor elementor-126\" data-elementor-post-type=\"page\">\n\t\t\t\t<div class=\"elementor-element elementor-element-5274bec e-flex e-con-boxed e-con e-parent\" data-id=\"5274bec\" data-element_type=\"container\" data-e-type=\"container\">\n\t\t\t\t\t<div class=\"e-con-inner\">\n\t\t\t\t<div class=\"elementor-element elementor-element-cf971b0 elementor-widget elementor-widget-text-editor\" data-id=\"cf971b0\" data-element_type=\"widget\" data-e-type=\"widget\" data-widget_type=\"text-editor.default\">\n\t\t\t\t\t\t\t\t\t<h1>Termos de Servi\u00e7o<\/h1>\t\t\t\t\t\t\t\t<\/div>\n\t\t\t\t\t<\/div>\n\t\t\t\t<\/div>\n\t\t<div class=\"elementor-element elementor-element-82d7612 e-flex e-con-boxed e-con e-parent\" data-id=\"82d7612\" data-element_type=\"container\" data-e-type=\"container\">\n\t\t\t\t\t<div class=\"e-con-inner\">\n\t\t\t\t<div class=\"elementor-element elementor-element-f8a4b2e elementor-widget elementor-widget-spacer\" data-id=\"f8a4b2e\" data-element_type=\"widget\" data-e-type=\"widget\" data-widget_type=\"spacer.default\">\n\t\t\t\t\t\t\t<div class=\"elementor-spacer\">\n\t\t\t<div class=\"elementor-spacer-inner\"><\/div>\n\t\t<\/div>\n\t\t\t\t\t\t<\/div>\n\t\t\t\t<div class=\"elementor-element elementor-element-14f234a elementor-widget elementor-widget-text-editor\" data-id=\"14f234a\" data-element_type=\"widget\" data-e-type=\"widget\" data-widget_type=\"text-editor.default\">\n\t\t\t\t\t\t\t\t\t<div data-zone-id=\"0\" data-line-index=\"2\" data-line=\"true\"><strong>1. Aceita\u00e7\u00e3o dos termos<\/strong><\/div><div data-zone-id=\"0\" data-line-index=\"2\" data-line=\"true\"><p>Ao acessar ou usar o site da Aitooolsoft (o \u201cSite\u201d) localizado em <a href=\"https:\/\/www.aitoolsoft.com\/pt\">https:\/\/www.aitoolsoft.com<\/a>, voc\u00ea (referido como \u201cvoc\u00ea\u201d ou \u201cseu\u201d) concorda em obedecer a estes Termos de Servi\u00e7o (os \u201cTermos\u201d). Se n\u00e3o concordar com estes Termos, voc\u00ea n\u00e3o dever\u00e1 usar o Site.<\/p><\/div><div data-zone-id=\"0\" data-line-index=\"3\" data-line=\"true\"><p class=\"heading-h2\"><strong>2. Elegibilidade<\/strong><\/p><\/div><div data-zone-id=\"0\" data-line-index=\"4\" data-line=\"true\">Voc\u00ea deve ter pelo menos 13 anos de idade para usar o Site. Ao usar o Site, voc\u00ea declara e garante que tem pelo menos 13 anos de idade. Se voc\u00ea for menor de idade em sua jurisdi\u00e7\u00e3o, dever\u00e1 ter o consentimento de um dos pais ou respons\u00e1vel legal para usar o Site, e esse pai ou respons\u00e1vel legal concorda em ficar vinculado a estes Termos em seu nome.<\/div><div data-zone-id=\"0\" data-line-index=\"4\" data-line=\"true\">\u00a0<\/div><div data-zone-id=\"0\" data-line-index=\"5\" data-line=\"true\"><p class=\"heading-h2\"><strong>3. Contas de usu\u00e1rio<\/strong><\/p><\/div><ul><li class=\"temp-li bullet1\" data-line=\"true\" data-list=\"bullet1\"><b>Registro<\/b>: Para acessar determinados recursos do site, talvez seja necess\u00e1rio registrar uma conta. Ao se registrar, voc\u00ea deve fornecer informa\u00e7\u00f5es precisas, atuais e completas. Voc\u00ea \u00e9 respons\u00e1vel por manter a confidencialidade das credenciais da sua conta, incluindo seu nome de usu\u00e1rio e senha, e por todas as atividades que ocorram na sua conta.<\/li><\/ul><ul><li class=\"temp-li bullet1\" data-line=\"true\" data-list=\"bullet1\"><b>Responsabilidade pela conta<\/b>: Voc\u00ea concorda em nos notificar imediatamente sobre qualquer uso n\u00e3o autorizado de sua conta ou qualquer outra viola\u00e7\u00e3o de seguran\u00e7a. N\u00e3o seremos respons\u00e1veis por qualquer perda ou dano decorrente de sua falha em proteger as credenciais de sua conta.<\/li><\/ul><ul><li class=\"temp-li bullet1\" data-line=\"true\" data-list=\"bullet1\"><b>Encerramento da conta<\/b>: Reservamo-nos o direito de suspender ou encerrar sua conta a qualquer momento, sem aviso pr\u00e9vio, se acreditarmos que voc\u00ea violou estes Termos ou se envolveu em qualquer atividade fraudulenta, abusiva ou ilegal.<\/li><\/ul><div data-zone-id=\"0\" data-line-index=\"9\" data-line=\"true\"><p class=\"heading-h2\"><strong>4. Uso do site<\/strong><\/p><\/div><ul><li class=\"temp-li bullet1\" data-line=\"true\" data-list=\"bullet1\"><b>Uso permitido<\/b>: Voc\u00ea pode usar o Site somente para fins pessoais e n\u00e3o comerciais dos jogos on-line e de outros recursos fornecidos. Voc\u00ea concorda em n\u00e3o usar o Site para qualquer finalidade ilegal ou de qualquer forma que viole estes Termos.<\/li><\/ul><ul><li class=\"temp-li bullet1\" data-line=\"true\" data-list=\"bullet1\"><b>Atividades proibidas<\/b>: Sem limita\u00e7\u00e3o, voc\u00ea n\u00e3o dever\u00e1:<\/li><\/ul><ul><li style=\"list-style-type: none;\"><ul><li class=\"temp-li bullet2\" data-line=\"true\" data-list=\"bullet2\">Fazer upload, publicar ou transmitir qualquer conte\u00fado que seja ilegal, prejudicial, amea\u00e7ador, abusivo, assediador, difamat\u00f3rio, vulgar, obsceno ou censur\u00e1vel de outra forma.<\/li><\/ul><\/li><\/ul><ul><li style=\"list-style-type: none;\"><ul><li class=\"temp-li bullet2\" data-line=\"true\" data-list=\"bullet2\">Envolver-se em qualquer atividade que possa interromper ou interferir na opera\u00e7\u00e3o do Site, incluindo, entre outros, hacking, v\u00edrus ou outros c\u00f3digos maliciosos.<\/li><\/ul><\/li><\/ul><ul><li style=\"list-style-type: none;\"><ul><li class=\"temp-li bullet2\" data-line=\"true\" data-list=\"bullet2\">Tentar obter acesso n\u00e3o autorizado a qualquer parte do Site ou \u00e0 conta de qualquer outro usu\u00e1rio.<\/li><\/ul><\/li><\/ul><ul><li style=\"list-style-type: none;\"><ul><li class=\"temp-li bullet2\" data-line=\"true\" data-list=\"bullet2\">Usar o site para coletar ou colher informa\u00e7\u00f5es pessoais de outros usu\u00e1rios.<\/li><\/ul><\/li><\/ul><ul><li style=\"list-style-type: none;\"><ul><li class=\"temp-li bullet2\" data-line=\"true\" data-list=\"bullet2\">Reproduzir, distribuir, modificar ou criar trabalhos derivados de qualquer conte\u00fado do site sem nossa permiss\u00e3o pr\u00e9via por escrito.<\/li><\/ul><\/li><\/ul><div data-zone-id=\"0\" data-line-index=\"17\" data-line=\"true\"><p class=\"heading-h2\"><strong>5. Propriedade intelectual<\/strong><\/p><\/div><ul><li class=\"temp-li bullet1\" data-line=\"true\" data-list=\"bullet1\">Todo o conte\u00fado do Site, incluindo, mas n\u00e3o se limitando a jogos, software, texto, gr\u00e1ficos, imagens, \u00e1udio, v\u00eddeo e logotipos, \u00e9 de propriedade do Aitoolsoft ou de seus licenciadores e est\u00e1 protegido por direitos autorais, marcas registradas e outras leis de propriedade intelectual.<\/li><\/ul><ul><li class=\"temp-li bullet1\" data-line=\"true\" data-list=\"bullet1\">Voc\u00ea recebe uma licen\u00e7a limitada, n\u00e3o exclusiva e intransfer\u00edvel para acessar e usar o conte\u00fado do Site somente com a finalidade de usar o Site conforme permitido por estes Termos. Esta licen\u00e7a n\u00e3o o autoriza a copiar, distribuir, modificar ou criar trabalhos derivados de qualquer conte\u00fado.<\/li><\/ul><div data-zone-id=\"0\" data-line-index=\"20\" data-line=\"true\"><p class=\"heading-h2\"><strong>6. Links de terceiros<\/strong><\/p><\/div><div data-zone-id=\"0\" data-line-index=\"21\" data-line=\"true\">O Site pode conter links para sites ou servi\u00e7os de terceiros. Esses links s\u00e3o fornecidos apenas para sua conveni\u00eancia. N\u00e3o endossamos nem controlamos esses sites ou servi\u00e7os de terceiros e n\u00e3o somos respons\u00e1veis por seu conte\u00fado, pol\u00edticas de privacidade ou pr\u00e1ticas. Seu uso de sites ou servi\u00e7os de terceiros \u00e9 por sua conta e risco.<\/div><div data-zone-id=\"0\" data-line-index=\"21\" data-line=\"true\">\u00a0<\/div><div data-zone-id=\"0\" data-line-index=\"22\" data-line=\"true\"><p class=\"heading-h2\"><strong>7. Isen\u00e7\u00e3o de garantias<\/strong><\/p><\/div><ul><li class=\"temp-li bullet1\" data-line=\"true\" data-list=\"bullet1\">O Site e todo o conte\u00fado, servi\u00e7os e recursos fornecidos nele s\u00e3o oferecidos \u201cno estado em que se encontram\u201d e \u201cconforme dispon\u00edveis\u201d. N\u00e3o oferecemos garantias, expressas ou impl\u00edcitas, incluindo, mas n\u00e3o se limitando a, garantias de comercializa\u00e7\u00e3o, adequa\u00e7\u00e3o a uma finalidade espec\u00edfica ou n\u00e3o viola\u00e7\u00e3o.<\/li><\/ul><ul><li class=\"temp-li bullet1\" data-line=\"true\" data-list=\"bullet1\">N\u00e3o garantimos que o Site ser\u00e1 ininterrupto, livre de erros ou livre de v\u00edrus ou outros componentes prejudiciais. O uso do Site \u00e9 feito a seu pr\u00f3prio crit\u00e9rio e risco.<\/li><\/ul><div data-zone-id=\"0\" data-line-index=\"25\" data-line=\"true\"><p class=\"heading-h2\"><strong>8. Limita\u00e7\u00e3o de responsabilidade<\/strong><\/p><\/div><div data-zone-id=\"0\" data-line-index=\"26\" data-line=\"true\"><p>O Aitoolsoft, suas afiliadas, diretores, executivos, funcion\u00e1rios e licenciadores n\u00e3o ser\u00e3o respons\u00e1veis por quaisquer danos indiretos, incidentais, especiais, consequenciais ou punitivos, incluindo, mas n\u00e3o se limitando a, perda de lucros, dados ou boa vontade, decorrentes de ou em conex\u00e3o com seu uso ou incapacidade de usar o Site, mesmo que tenhamos sido avisados da possibilidade de tais danos. N\u00e3o assumimos nenhuma responsabilidade por quaisquer reivindica\u00e7\u00f5es decorrentes de ou relacionadas a estes Termos ou ao uso do Site. Caso acredite que o Site tenha cometido algum ato il\u00edcito, voc\u00ea dever\u00e1 nos notificar pelo e-mail support@aitoolsoft.com para negociar uma solu\u00e7\u00e3o.<\/p><\/div><div data-zone-id=\"0\" data-line-index=\"27\" data-line=\"true\"><p class=\"heading-h2\"><strong>9. Indeniza\u00e7\u00e3o<\/strong><\/p><\/div><div data-zone-id=\"0\" data-line-index=\"28\" data-line=\"true\"><p>Voc\u00ea concorda em indenizar, defender e isentar o Aitoolsoft, suas afiliadas, diretores, executivos, funcion\u00e1rios e licenciadores de e contra todas e quaisquer reivindica\u00e7\u00f5es, responsabilidades, danos, perdas, custos e despesas (incluindo honor\u00e1rios advocat\u00edcios razo\u00e1veis) decorrentes de ou em conex\u00e3o com seu uso do Site, sua viola\u00e7\u00e3o destes Termos ou sua viola\u00e7\u00e3o de qualquer propriedade intelectual ou outro direito de qualquer pessoa ou entidade.<\/p><\/div><div data-zone-id=\"0\" data-line-index=\"29\" data-line=\"true\"><p class=\"heading-h2\"><strong>10. Altera\u00e7\u00f5es a estes Termos<\/strong><\/p><\/div><div data-zone-id=\"0\" data-line-index=\"30\" data-line=\"true\">Podemos atualizar estes Termos de tempos em tempos. N\u00f3s o notificaremos sobre quaisquer altera\u00e7\u00f5es relevantes publicando um aviso no Site ou enviando-lhe um e-mail para o endere\u00e7o associado \u00e0 sua conta. Seu uso continuado do Site ap\u00f3s a data de vig\u00eancia das altera\u00e7\u00f5es constitui sua aceita\u00e7\u00e3o dos Termos revisados.<\/div><div data-zone-id=\"0\" data-line-index=\"31\" data-line=\"true\">\u00a0<\/div><div data-zone-id=\"0\" data-line-index=\"33\" data-line=\"true\"><p class=\"heading-h2\"><strong>11. Entre em contato conosco<\/strong><\/p><\/div><div data-zone-id=\"0\" data-line-index=\"34\" data-line=\"true\">Em caso de d\u00favidas ou preocupa\u00e7\u00f5es sobre estes Termos, entre em contato conosco pelo support@aitoolsoft.com.<\/div><div data-zone-id=\"0\" data-line-index=\"35\" data-line=\"true\">\u00a0<\/div>\t\t\t\t\t\t\t\t<\/div>\n\t\t\t\t\t<\/div>\n\t\t\t\t<\/div>\n\t\t\t\t<\/div>","protected":false},"excerpt":{"rendered":"<p>Terms of Service 1. Acceptance of Terms By accessing or using the Aitooolsoft website (the&hellip;<\/p>","protected":false},"author":1,"featured_media":0,"parent":0,"menu_order":0,"comment_status":"closed","ping_status":"closed","template":"page-templates\/template-bloglo-fullwidth.php","meta":{"footnotes":""},"class_list":["post-126","page","type-page","status-publish","hentry"],"yoast_head":"<!-- This site is optimized with the Yoast SEO Premium plugin v25.0 (Yoast SEO v27.1.1) - https:\/\/yoast.com\/product\/yoast-seo-premium-wordpress\/ -->\n<title>Terms of Service - Aitoolsoft<\/title>\n<meta name=\"description\" content=\"By accessing or using the Aitoolsoft website (the \u201cWebsite\u201d) located at https:\/\/www.aitoolsoft.com, you (referred to as \u201cyou\u201d or \u201cyour\u201d) agree to be bound by these Terms of Service (the \u201cTerms\u201d).\" \/>\n<meta name=\"robots\" content=\"index, follow, max-snippet:-1, max-image-preview:large, max-video-preview:-1\" \/>\n<link rel=\"canonical\" href=\"https:\/\/www.aitoolsoft.com\/pt\/terms.html\" \/>\n<meta property=\"og:locale\" content=\"pt_BR\" \/>\n<meta property=\"og:type\" content=\"article\" \/>\n<meta property=\"og:title\" content=\"Terms of Service\" \/>\n<meta property=\"og:description\" content=\"By accessing or using the Aitoolsoft website (the \u201cWebsite\u201d) located at https:\/\/www.aitoolsoft.com, you (referred to as \u201cyou\u201d or \u201cyour\u201d) agree to be bound by these Terms of Service (the \u201cTerms\u201d).\" \/>\n<meta property=\"og:url\" content=\"https:\/\/www.aitoolsoft.com\/pt\/terms.html\" \/>\n<meta property=\"og:site_name\" content=\"Aitoolsoft\" \/>\n<meta property=\"article:modified_time\" content=\"2025-09-04T05:43:18+00:00\" \/>\n<meta name=\"twitter:card\" content=\"summary_large_image\" \/>\n<meta name=\"twitter:label1\" content=\"Est. tempo de leitura\" \/>\n\t<meta name=\"twitter:data1\" content=\"5 minutos\" \/>\n<script type=\"application\/ld+json\" class=\"yoast-schema-graph\">{\"@context\":\"https:\/\/schema.org\",\"@graph\":[{\"@type\":\"WebPage\",\"@id\":\"https:\/\/www.aitoolsoft.com\/terms.html\",\"url\":\"https:\/\/www.aitoolsoft.com\/terms.html\",\"name\":\"Terms of Service - Aitoolsoft\",\"isPartOf\":{\"@id\":\"https:\/\/www.aitoolsoft.com\/#website\"},\"datePublished\":\"2025-08-03T09:32:21+00:00\",\"dateModified\":\"2025-09-04T05:43:18+00:00\",\"description\":\"By accessing or using the Aitoolsoft website (the \u201cWebsite\u201d) located at https:\/\/www.aitoolsoft.com, you (referred to as \u201cyou\u201d or \u201cyour\u201d) agree to be bound by these Terms of Service (the \u201cTerms\u201d).\",\"breadcrumb\":{\"@id\":\"https:\/\/www.aitoolsoft.com\/terms.html#breadcrumb\"},\"inLanguage\":\"pt-BR\",\"potentialAction\":[{\"@type\":\"ReadAction\",\"target\":[\"https:\/\/www.aitoolsoft.com\/terms.html\"]}]},{\"@type\":\"BreadcrumbList\",\"@id\":\"https:\/\/www.aitoolsoft.com\/terms.html#breadcrumb\",\"itemListElement\":[{\"@type\":\"ListItem\",\"position\":1,\"name\":\"\u9996\u9875\",\"item\":\"https:\/\/www.aitoolsoft.com\/\"},{\"@type\":\"ListItem\",\"position\":2,\"name\":\"Terms of Service\"}]},{\"@type\":\"WebSite\",\"@id\":\"https:\/\/www.aitoolsoft.com\/#website\",\"url\":\"https:\/\/www.aitoolsoft.com\/\",\"name\":\"Aitoolsoft\",\"description\":\"AItoolsoft provide professional AI tools to help you remove image watermarks, compress images, optimize images, convert image, background editor, data visualization and more.\",\"publisher\":{\"@id\":\"https:\/\/www.aitoolsoft.com\/#organization\"},\"potentialAction\":[{\"@type\":\"SearchAction\",\"target\":{\"@type\":\"EntryPoint\",\"urlTemplate\":\"https:\/\/www.aitoolsoft.com\/?s={search_term_string}\"},\"query-input\":{\"@type\":\"PropertyValueSpecification\",\"valueRequired\":true,\"valueName\":\"search_term_string\"}}],\"inLanguage\":\"pt-BR\"},{\"@type\":\"Organization\",\"@id\":\"https:\/\/www.aitoolsoft.com\/#organization\",\"name\":\"Aitoolsoft\",\"url\":\"https:\/\/www.aitoolsoft.com\/\",\"logo\":{\"@type\":\"ImageObject\",\"inLanguage\":\"pt-BR\",\"@id\":\"https:\/\/www.aitoolsoft.com\/#\/schema\/logo\/image\/\",\"url\":\"\",\"contentUrl\":\"\",\"caption\":\"Aitoolsoft\"},\"image\":{\"@id\":\"https:\/\/www.aitoolsoft.com\/#\/schema\/logo\/image\/\"},\"publishingPrinciples\":\"https:\/\/www.aitoolsoft.com\/about-us.html\",\"ownershipFundingInfo\":\"https:\/\/www.aitoolsoft.com\/\",\"actionableFeedbackPolicy\":\"https:\/\/www.aitoolsoft.com\/contact-us.html\",\"correctionsPolicy\":\"https:\/\/www.aitoolsoft.com\/contact-us.html\",\"ethicsPolicy\":\"https:\/\/www.aitoolsoft.com\/terms.html\",\"diversityPolicy\":\"https:\/\/www.aitoolsoft.com\/terms.html\",\"diversityStaffingReport\":\"https:\/\/www.aitoolsoft.com\/contact-us.html\"}]}<\/script>\n<!-- \/ Yoast SEO Premium plugin. -->","yoast_head_json":{"title":"Termos de Servi\u00e7o - Aitoolsoft","description":"Ao acessar ou usar o site Aitoolsoft (o \u201cSite\u201d), localizado em https:\/\/www.aitoolsoft.com, voc\u00ea (referido como \u201cvoc\u00ea\u201d ou \u201cseu\u201d) concorda em obedecer a estes Termos de Servi\u00e7o (os \u201cTermos\u201d).","robots":{"index":"index","follow":"follow","max-snippet":"max-snippet:-1","max-image-preview":"max-image-preview:large","max-video-preview":"max-video-preview:-1"},"canonical":"https:\/\/www.aitoolsoft.com\/pt\/terms.html","og_locale":"pt_BR","og_type":"article","og_title":"Terms of Service","og_description":"By accessing or using the Aitoolsoft website (the \u201cWebsite\u201d) located at https:\/\/www.aitoolsoft.com, you (referred to as \u201cyou\u201d or \u201cyour\u201d) agree to be bound by these Terms of Service (the \u201cTerms\u201d).","og_url":"https:\/\/www.aitoolsoft.com\/pt\/terms.html","og_site_name":"Aitoolsoft","article_modified_time":"2025-09-04T05:43:18+00:00","twitter_card":"summary_large_image","twitter_misc":{"Est. tempo de leitura":"5 minutos"},"schema":{"@context":"https:\/\/schema.org","@graph":[{"@type":"WebPage","@id":"https:\/\/www.aitoolsoft.com\/terms.html","url":"https:\/\/www.aitoolsoft.com\/terms.html","name":"Termos de Servi\u00e7o - Aitoolsoft","isPartOf":{"@id":"https:\/\/www.aitoolsoft.com\/#website"},"datePublished":"2025-08-03T09:32:21+00:00","dateModified":"2025-09-04T05:43:18+00:00","description":"Ao acessar ou usar o site Aitoolsoft (o \u201cSite\u201d), localizado em https:\/\/www.aitoolsoft.com, voc\u00ea (referido como \u201cvoc\u00ea\u201d ou \u201cseu\u201d) concorda em obedecer a estes Termos de Servi\u00e7o (os \u201cTermos\u201d).","breadcrumb":{"@id":"https:\/\/www.aitoolsoft.com\/terms.html#breadcrumb"},"inLanguage":"pt-BR","potentialAction":[{"@type":"ReadAction","target":["https:\/\/www.aitoolsoft.com\/terms.html"]}]},{"@type":"BreadcrumbList","@id":"https:\/\/www.aitoolsoft.com\/terms.html#breadcrumb","itemListElement":[{"@type":"ListItem","position":1,"name":"\u9996\u9875","item":"https:\/\/www.aitoolsoft.com\/"},{"@type":"ListItem","position":2,"name":"Terms of Service"}]},{"@type":"WebSite","@id":"https:\/\/www.aitoolsoft.com\/#website","url":"https:\/\/www.aitoolsoft.com\/","name":"Aitoolsoft","description":"A AItoolsoft oferece ferramentas profissionais de IA para ajud\u00e1-lo a remover marcas d'\u00e1gua de imagens, compactar imagens, otimizar imagens, converter imagens, editor de plano de fundo, visualiza\u00e7\u00e3o de dados e muito mais.","publisher":{"@id":"https:\/\/www.aitoolsoft.com\/#organization"},"potentialAction":[{"@type":"SearchAction","target":{"@type":"EntryPoint","urlTemplate":"https:\/\/www.aitoolsoft.com\/?s={search_term_string}"},"query-input":{"@type":"PropertyValueSpecification","valueRequired":true,"valueName":"search_term_string"}}],"inLanguage":"pt-BR"},{"@type":"Organization","@id":"https:\/\/www.aitoolsoft.com\/#organization","name":"Aitoolsoft","url":"https:\/\/www.aitoolsoft.com\/","logo":{"@type":"ImageObject","inLanguage":"pt-BR","@id":"https:\/\/www.aitoolsoft.com\/#\/schema\/logo\/image\/","url":"","contentUrl":"","caption":"Aitoolsoft"},"image":{"@id":"https:\/\/www.aitoolsoft.com\/#\/schema\/logo\/image\/"},"publishingPrinciples":"https:\/\/www.aitoolsoft.com\/about-us.html","ownershipFundingInfo":"https:\/\/www.aitoolsoft.com\/","actionableFeedbackPolicy":"https:\/\/www.aitoolsoft.com\/contact-us.html","correctionsPolicy":"https:\/\/www.aitoolsoft.com\/contact-us.html","ethicsPolicy":"https:\/\/www.aitoolsoft.com\/terms.html","diversityPolicy":"https:\/\/www.aitoolsoft.com\/terms.html","diversityStaffingReport":"https:\/\/www.aitoolsoft.com\/contact-us.html"}]}},"_links":{"self":[{"href":"https:\/\/www.aitoolsoft.com\/pt\/wp-json\/wp\/v2\/pages\/126","targetHints":{"allow":["GET"]}}],"collection":[{"href":"https:\/\/www.aitoolsoft.com\/pt\/wp-json\/wp\/v2\/pages"}],"about":[{"href":"https:\/\/www.aitoolsoft.com\/pt\/wp-json\/wp\/v2\/types\/page"}],"author":[{"embeddable":true,"href":"https:\/\/www.aitoolsoft.com\/pt\/wp-json\/wp\/v2\/users\/1"}],"replies":[{"embeddable":true,"href":"https:\/\/www.aitoolsoft.com\/pt\/wp-json\/wp\/v2\/comments?post=126"}],"version-history":[{"count":18,"href":"https:\/\/www.aitoolsoft.com\/pt\/wp-json\/wp\/v2\/pages\/126\/revisions"}],"predecessor-version":[{"id":515,"href":"https:\/\/www.aitoolsoft.com\/pt\/wp-json\/wp\/v2\/pages\/126\/revisions\/515"}],"wp:attachment":[{"href":"https:\/\/www.aitoolsoft.com\/pt\/wp-json\/wp\/v2\/media?parent=126"}],"curies":[{"name":"wp","href":"https:\/\/api.w.org\/{rel}","templated":true}]}}